{"id":3624,"date":"2022-03-21T11:58:43","date_gmt":"2022-03-21T15:58:43","guid":{"rendered":"https:\/\/site.ac-martinique.fr\/pole-langues\/?page_id=3624"},"modified":"2022-03-21T12:09:35","modified_gmt":"2022-03-21T16:09:35","slug":"cultural-elements","status":"publish","type":"page","link":"https:\/\/site.ac-martinique.fr\/pole-langues\/?page_id=3624","title":{"rendered":"Cultural elements"},"content":{"rendered":"\n<p>Il n\u2019est pas de langue qui ne soit de culture, la langue \u00e9tant fondamentalement une repr\u00e9sentation du monde, qui s\u2019ancre dans le r\u00e9el et dans l\u2019imaginaire. Elle est la manifestation d\u2019une identit\u00e9 Culturelle [\u2026]\n<p>D\u00e8s lors, enseigner une langue vivante, quelle qu\u2019elle soit, pr\u00e9suppose pour \u00eatre efficace, de combiner ces deux dimensions qui sont si intimement li\u00e9es que les consid\u00e9rer s\u00e9par\u00e9ment contribue \u00e0 nier ce qu\u2019est v\u00e9ritablement une langue. La discipline langues vivantes est le lieu qui permet de d\u00e9velopper l\u2019ouverture aux autres cultures.<\/p>\n<h6><span style=\"text-decoration: underline;\"><em>Source<\/em><\/span><\/h6>\n<h6><strong><em>Eduscol.education.fr\/ressources-2016 &#8211; Minist\u00e8re de l\u2019\u00c9ducation nationale, de l\u2019Enseignement sup\u00e9rieur et de la Recherche &#8211; Mars 2016<\/em><\/strong><\/h6>\n\n\n\n<div class=\"wp-block-image\"><figure class=\"aligncenter size-full is-resized\"><a href=\"https:\/\/site.ac-martinique.fr\/pole-langues\/wp-content\/uploads\/sites\/28\/2022\/03\/Activites-en-lien-avec-les-fetes-calendaires.pptx\"><img loading=\"lazy\" decoding=\"async\" src=\"https:\/\/site.ac-martinique.fr\/pole-langues\/wp-content\/uploads\/sites\/28\/2022\/03\/cultural-elements.jpg\" alt=\"\" class=\"wp-image-3629\" width=\"110\" height=\"114\"\/><\/a><figcaption>Liste of activities<\/figcaption><\/figure><\/div>\n\n\n\n\n","protected":false},"excerpt":{"rendered":"","protected":false},"author":87,"featured_media":0,"parent":0,"menu_order":0,"comment_status":"closed","ping_status":"closed","template":"","meta":{"footnotes":""},"class_list":["post-3624","page","type-page","status-publish","hentry"],"_links":{"self":[{"href":"https:\/\/site.ac-martinique.fr\/pole-langues\/index.php?rest_route=\/wp\/v2\/pages\/3624","targetHints":{"allow":["GET"]}}],"collection":[{"href":"https:\/\/site.ac-martinique.fr\/pole-langues\/index.php?rest_route=\/wp\/v2\/pages"}],"about":[{"href":"https:\/\/site.ac-martinique.fr\/pole-langues\/index.php?rest_route=\/wp\/v2\/types\/page"}],"author":[{"embeddable":true,"href":"https:\/\/site.ac-martinique.fr\/pole-langues\/index.php?rest_route=\/wp\/v2\/users\/87"}],"replies":[{"embeddable":true,"href":"https:\/\/site.ac-martinique.fr\/pole-langues\/index.php?rest_route=%2Fwp%2Fv2%2Fcomments&post=3624"}],"version-history":[{"count":5,"href":"https:\/\/site.ac-martinique.fr\/pole-langues\/index.php?rest_route=\/wp\/v2\/pages\/3624\/revisions"}],"predecessor-version":[{"id":4319,"href":"https:\/\/site.ac-martinique.fr\/pole-langues\/index.php?rest_route=\/wp\/v2\/pages\/3624\/revisions\/4319"}],"wp:attachment":[{"href":"https:\/\/site.ac-martinique.fr\/pole-langues\/index.php?rest_route=%2Fwp%2Fv2%2Fmedia&parent=3624"}],"curies":[{"name":"wp","href":"https:\/\/api.w.org\/{rel}","templated":true}]}}