{"id":3746,"date":"2022-09-08T20:14:05","date_gmt":"2022-09-09T00:14:05","guid":{"rendered":"https:\/\/site.ac-martinique.fr\/pole-langues\/?page_id=3746"},"modified":"2022-09-19T10:23:15","modified_gmt":"2022-09-19T14:23:15","slug":"back-to-school","status":"publish","type":"page","link":"https:\/\/site.ac-martinique.fr\/pole-langues\/?page_id=3746","title":{"rendered":"Back to school"},"content":{"rendered":"\n<h4><span style=\"color: #0000ff;\">Audios r\u00e9visions pr\u00e9sentation<\/span><\/h4>\n\n\n\n<figure class=\"wp-block-audio\"><audio controls src=\"https:\/\/site.ac-martinique.fr\/pole-langues\/wp-content\/uploads\/sites\/28\/2021\/09\/niveau-1.mp3\"><\/audio><figcaption><strong>Pr\u00e9sentation niveau 1<\/strong><\/figcaption><\/figure>\n\n\n\n<figure class=\"wp-block-audio\"><audio controls src=\"https:\/\/site.ac-martinique.fr\/pole-langues\/wp-content\/uploads\/sites\/28\/2021\/09\/niveau-2.mp3\"><\/audio><figcaption><strong>Audio pr\u00e9sentation niveau 2<\/strong><\/figcaption><\/figure>\n\n\n\n<p class=\"has-text-align-left\">Activit\u00e9s cycle 3 : <a href=\"https:\/\/site.ac-martinique.fr\/pole-langues\/wp-content\/uploads\/sites\/28\/2022\/09\/Listen-and-match-seance-3-cycle-3.pdf\">Listen and match<\/a>                                                                       <a href=\"https:\/\/site.ac-martinique.fr\/pole-langues\/wp-content\/uploads\/sites\/28\/2022\/09\/Script-lacunaire-seance-7.pdf\">Script lacunaire <\/a><\/p>\n\n\n\n<h2><strong>Mini projet Queen Elizabeth<\/strong><\/h2>\n<p>Mini projet <a href=\"https:\/\/site.ac-martinique.fr\/pole-langues\/wp-content\/uploads\/sites\/28\/2022\/09\/Mini-projet-Queen-Elizabeth-II-Q-2.pdf\">Queen Elizabeth II<\/a><\/p>\n\n\n\n<p>Vid\u00e9o sur la <a href=\"https:\/\/youtu.be\/5lhikDGj93Y\">Reine <\/a><\/p>\n\n\n\n<p><a href=\"https:\/\/padlet.com\/cetrinite972\/LVE_QueenElisabethII\">Padlet<\/a> Queen Elizabeth II<\/p>\n\n\n\n<h2 class=\"wp-block-heading\"><strong>Journ\u00e9e europ\u00e9enne des langues<\/strong><\/h2>\n\n\n<div class=\"wp-block-image\">\n<figure class=\"alignleft size-full is-resized\"><a href=\"https:\/\/site.ac-martinique.fr\/pole-langues\/wp-content\/uploads\/sites\/28\/2022\/09\/Journee-europeenne-des-langues.pdf\"><img loading=\"lazy\" decoding=\"async\" src=\"https:\/\/site.ac-martinique.fr\/pole-langues\/wp-content\/uploads\/sites\/28\/2022\/09\/journee-europeenne-1.jpg\" alt=\"\" class=\"wp-image-3768\" width=\"190\" height=\"106\"\/><\/a><figcaption>Cliquer sur l&#8217;image<\/figcaption><\/figure>\n<\/div>","protected":false},"excerpt":{"rendered":"<p>Activit\u00e9s cycle 3 : Listen and match Script lacunaire Journ\u00e9e europ\u00e9enne des langues<\/p>\n","protected":false},"author":87,"featured_media":0,"parent":0,"menu_order":0,"comment_status":"closed","ping_status":"closed","template":"","meta":{"footnotes":""},"class_list":["post-3746","page","type-page","status-publish","hentry"],"_links":{"self":[{"href":"https:\/\/site.ac-martinique.fr\/pole-langues\/index.php?rest_route=\/wp\/v2\/pages\/3746","targetHints":{"allow":["GET"]}}],"collection":[{"href":"https:\/\/site.ac-martinique.fr\/pole-langues\/index.php?rest_route=\/wp\/v2\/pages"}],"about":[{"href":"https:\/\/site.ac-martinique.fr\/pole-langues\/index.php?rest_route=\/wp\/v2\/types\/page"}],"author":[{"embeddable":true,"href":"https:\/\/site.ac-martinique.fr\/pole-langues\/index.php?rest_route=\/wp\/v2\/users\/87"}],"replies":[{"embeddable":true,"href":"https:\/\/site.ac-martinique.fr\/pole-langues\/index.php?rest_route=%2Fwp%2Fv2%2Fcomments&post=3746"}],"version-history":[{"count":24,"href":"https:\/\/site.ac-martinique.fr\/pole-langues\/index.php?rest_route=\/wp\/v2\/pages\/3746\/revisions"}],"predecessor-version":[{"id":3804,"href":"https:\/\/site.ac-martinique.fr\/pole-langues\/index.php?rest_route=\/wp\/v2\/pages\/3746\/revisions\/3804"}],"wp:attachment":[{"href":"https:\/\/site.ac-martinique.fr\/pole-langues\/index.php?rest_route=%2Fwp%2Fv2%2Fmedia&parent=3746"}],"curies":[{"name":"wp","href":"https:\/\/api.w.org\/{rel}","templated":true}]}}