{"id":4010,"date":"2022-11-29T12:03:13","date_gmt":"2022-11-29T16:03:13","guid":{"rendered":"https:\/\/site.ac-martinique.fr\/pole-langues\/?page_id=4010"},"modified":"2022-12-05T12:44:14","modified_gmt":"2022-12-05T16:44:14","slug":"ressources-cycle-2","status":"publish","type":"page","link":"https:\/\/site.ac-martinique.fr\/pole-langues\/?page_id=4010","title":{"rendered":"Ressources cycle 2"},"content":{"rendered":"<ul class=\"wp-block-latest-posts__list is-grid columns-3 has-dates tw-heading-size-large is-style-tw-posts-card wp-block-latest-posts has-small-font-size\"><li><div class=\"wp-block-latest-posts__featured-image aligncenter\"><img loading=\"lazy\" decoding=\"async\" width=\"300\" height=\"207\" src=\"https:\/\/site.ac-martinique.fr\/pole-langues\/wp-content\/uploads\/sites\/28\/2022\/11\/image-calebasses-300x207.jpg\" class=\"attachment-medium size-medium wp-post-image\" alt=\"\" style=\"max-width:300px;max-height:300px;\" srcset=\"https:\/\/site.ac-martinique.fr\/pole-langues\/wp-content\/uploads\/sites\/28\/2022\/11\/image-calebasses-300x207.jpg 300w, https:\/\/site.ac-martinique.fr\/pole-langues\/wp-content\/uploads\/sites\/28\/2022\/11\/image-calebasses.jpg 410w\" sizes=\"auto, (max-width: 300px) 100vw, 300px\" \/><\/div><a class=\"wp-block-latest-posts__post-title\" href=\"https:\/\/site.ac-martinique.fr\/pole-langues\/?p=4027\">Projet p\u00e9dagogique : Kalbas\/Calebasse<\/a><time datetime=\"2022-11-29T13:30:21-04:00\" class=\"wp-block-latest-posts__post-date\">29 novembre 2022<\/time><div class=\"wp-block-latest-posts__post-excerpt\">Retrouvez ci-apr\u00e8s le projet p\u00e9dagogique autour de la Calebasse r\u00e9alis\u00e9 &hellip; <a href=\"https:\/\/site.ac-martinique.fr\/pole-langues\/?p=4027\">Continuer la lecture <span class=\"meta-nav\">&rarr;<\/span><\/a><\/div><\/li>\n<\/ul>","protected":false},"excerpt":{"rendered":"","protected":false},"author":10,"featured_media":0,"parent":3334,"menu_order":0,"comment_status":"closed","ping_status":"closed","template":"","meta":{"footnotes":""},"class_list":["post-4010","page","type-page","status-publish","hentry"],"_links":{"self":[{"href":"https:\/\/site.ac-martinique.fr\/pole-langues\/index.php?rest_route=\/wp\/v2\/pages\/4010","targetHints":{"allow":["GET"]}}],"collection":[{"href":"https:\/\/site.ac-martinique.fr\/pole-langues\/index.php?rest_route=\/wp\/v2\/pages"}],"about":[{"href":"https:\/\/site.ac-martinique.fr\/pole-langues\/index.php?rest_route=\/wp\/v2\/types\/page"}],"author":[{"embeddable":true,"href":"https:\/\/site.ac-martinique.fr\/pole-langues\/index.php?rest_route=\/wp\/v2\/users\/10"}],"replies":[{"embeddable":true,"href":"https:\/\/site.ac-martinique.fr\/pole-langues\/index.php?rest_route=%2Fwp%2Fv2%2Fcomments&post=4010"}],"version-history":[{"count":7,"href":"https:\/\/site.ac-martinique.fr\/pole-langues\/index.php?rest_route=\/wp\/v2\/pages\/4010\/revisions"}],"predecessor-version":[{"id":4086,"href":"https:\/\/site.ac-martinique.fr\/pole-langues\/index.php?rest_route=\/wp\/v2\/pages\/4010\/revisions\/4086"}],"up":[{"embeddable":true,"href":"https:\/\/site.ac-martinique.fr\/pole-langues\/index.php?rest_route=\/wp\/v2\/pages\/3334"}],"wp:attachment":[{"href":"https:\/\/site.ac-martinique.fr\/pole-langues\/index.php?rest_route=%2Fwp%2Fv2%2Fmedia&parent=4010"}],"curies":[{"name":"wp","href":"https:\/\/api.w.org\/{rel}","templated":true}]}}