{"id":4125,"date":"2022-12-13T17:19:35","date_gmt":"2022-12-13T21:19:35","guid":{"rendered":"https:\/\/site.ac-martinique.fr\/pole-langues\/?page_id=4125"},"modified":"2022-12-13T18:34:04","modified_gmt":"2022-12-13T22:34:04","slug":"actions-et-temps-forts","status":"publish","type":"page","link":"https:\/\/site.ac-martinique.fr\/pole-langues\/?page_id=4125","title":{"rendered":"Les actions et temps forts de la Mission LVR"},"content":{"rendered":"\n<p class=\"has-text-align-center has-medium-font-size\"><em>&nbsp;La mission LVR propose cette ann\u00e9e 2022-2023&nbsp;4<strong> actions  p\u00e9dagogiques <\/strong>d\u2019envergure acad\u00e9mique.<\/em><\/p>\n\n\n\n<figure class=\"wp-block-image size-large is-resized is-style-tw-rounded-corners\"><a href=\"https:\/\/site.ac-martinique.fr\/pole-langues\/wp-content\/uploads\/sites\/28\/2022\/12\/image-8.png\"><img loading=\"lazy\" decoding=\"async\" src=\"https:\/\/site.ac-martinique.fr\/pole-langues\/wp-content\/uploads\/sites\/28\/2022\/12\/image-8-1024x772.png\" alt=\"\" class=\"wp-image-4133\" width=\"713\" height=\"537\" srcset=\"https:\/\/site.ac-martinique.fr\/pole-langues\/wp-content\/uploads\/sites\/28\/2022\/12\/image-8-1024x772.png 1024w, https:\/\/site.ac-martinique.fr\/pole-langues\/wp-content\/uploads\/sites\/28\/2022\/12\/image-8-300x226.png 300w, https:\/\/site.ac-martinique.fr\/pole-langues\/wp-content\/uploads\/sites\/28\/2022\/12\/image-8-768x579.png 768w, https:\/\/site.ac-martinique.fr\/pole-langues\/wp-content\/uploads\/sites\/28\/2022\/12\/image-8-1536x1158.png 1536w, https:\/\/site.ac-martinique.fr\/pole-langues\/wp-content\/uploads\/sites\/28\/2022\/12\/image-8-2048x1544.png 2048w\" sizes=\"auto, (max-width: 713px) 100vw, 713px\" \/><\/a><\/figure>\n\n\n\n<figure class=\"wp-block-image size-large is-resized is-style-tw-rounded-corners\"><a href=\"https:\/\/site.ac-martinique.fr\/pole-langues\/wp-content\/uploads\/sites\/28\/2022\/12\/image-9.png\"><img loading=\"lazy\" decoding=\"async\" src=\"https:\/\/site.ac-martinique.fr\/pole-langues\/wp-content\/uploads\/sites\/28\/2022\/12\/image-9-1024x657.png\" alt=\"\" class=\"wp-image-4134\" width=\"700\" height=\"447\"\/><\/a><\/figure>\n\n\n<div class=\"wp-block-image is-style-tw-rounded-corners\">\n<figure class=\"aligncenter size-large is-resized\"><a href=\"https:\/\/site.ac-martinique.fr\/pole-langues\/wp-content\/uploads\/sites\/28\/2022\/12\/image-11.png\"><img loading=\"lazy\" decoding=\"async\" src=\"https:\/\/site.ac-martinique.fr\/pole-langues\/wp-content\/uploads\/sites\/28\/2022\/12\/image-11-1024x591.png\" alt=\"\" class=\"wp-image-4136\" width=\"713\" height=\"410\" srcset=\"https:\/\/site.ac-martinique.fr\/pole-langues\/wp-content\/uploads\/sites\/28\/2022\/12\/image-11-300x173.png 300w, https:\/\/site.ac-martinique.fr\/pole-langues\/wp-content\/uploads\/sites\/28\/2022\/12\/image-11-768x443.png 768w\" sizes=\"auto, (max-width: 713px) 100vw, 713px\" \/><\/a><\/figure>\n<\/div>\n\n\n<figure class=\"wp-block-image size-large is-resized is-style-tw-rounded-corners\"><a href=\"https:\/\/site.ac-martinique.fr\/pole-langues\/wp-content\/uploads\/sites\/28\/2022\/12\/image-10.png\"><img loading=\"lazy\" decoding=\"async\" src=\"https:\/\/site.ac-martinique.fr\/pole-langues\/wp-content\/uploads\/sites\/28\/2022\/12\/image-10-1024x523.png\" alt=\"\" class=\"wp-image-4135\" width=\"713\" height=\"362\"\/><\/a><\/figure>\n\n\n\n<p class=\"has-text-align-center has-medium-font-size\"><em>&nbsp;Chaque ann\u00e9e, de nombreux temps forts viennent rythmer <\/em><br><em>les actions men\u00e9es tout au long de l&#8217;ann\u00e9e scolaire : <\/em><\/p>\n\n\n<div class=\"wp-block-image is-style-tw-rounded-corners\">\n<figure class=\"aligncenter size-large is-resized\"><a href=\"https:\/\/site.ac-martinique.fr\/pole-langues\/wp-content\/uploads\/sites\/28\/2022\/12\/image-15.png\"><img loading=\"lazy\" decoding=\"async\" src=\"https:\/\/site.ac-martinique.fr\/pole-langues\/wp-content\/uploads\/sites\/28\/2022\/12\/image-15-1024x569.png\" alt=\"\" class=\"wp-image-4149\" width=\"702\" height=\"390\" srcset=\"https:\/\/site.ac-martinique.fr\/pole-langues\/wp-content\/uploads\/sites\/28\/2022\/12\/image-15-1024x569.png 1024w, https:\/\/site.ac-martinique.fr\/pole-langues\/wp-content\/uploads\/sites\/28\/2022\/12\/image-15-300x167.png 300w, https:\/\/site.ac-martinique.fr\/pole-langues\/wp-content\/uploads\/sites\/28\/2022\/12\/image-15-768x427.png 768w, https:\/\/site.ac-martinique.fr\/pole-langues\/wp-content\/uploads\/sites\/28\/2022\/12\/image-15-1536x854.png 1536w, https:\/\/site.ac-martinique.fr\/pole-langues\/wp-content\/uploads\/sites\/28\/2022\/12\/image-15.png 2001w\" sizes=\"auto, (max-width: 702px) 100vw, 702px\" \/><\/a><\/figure>\n<\/div>","protected":false},"excerpt":{"rendered":"<p>&nbsp;La mission LVR propose cette ann\u00e9e 2022-2023&nbsp;4 actions p\u00e9dagogiques d\u2019envergure acad\u00e9mique. &nbsp;Chaque ann\u00e9e, de nombreux temps forts viennent rythmer les actions men\u00e9es tout au long de l&#8217;ann\u00e9e scolaire :<\/p>\n","protected":false},"author":272,"featured_media":0,"parent":3236,"menu_order":0,"comment_status":"closed","ping_status":"closed","template":"","meta":{"footnotes":""},"class_list":["post-4125","page","type-page","status-publish","hentry"],"_links":{"self":[{"href":"https:\/\/site.ac-martinique.fr\/pole-langues\/index.php?rest_route=\/wp\/v2\/pages\/4125","targetHints":{"allow":["GET"]}}],"collection":[{"href":"https:\/\/site.ac-martinique.fr\/pole-langues\/index.php?rest_route=\/wp\/v2\/pages"}],"about":[{"href":"https:\/\/site.ac-martinique.fr\/pole-langues\/index.php?rest_route=\/wp\/v2\/types\/page"}],"author":[{"embeddable":true,"href":"https:\/\/site.ac-martinique.fr\/pole-langues\/index.php?rest_route=\/wp\/v2\/users\/272"}],"replies":[{"embeddable":true,"href":"https:\/\/site.ac-martinique.fr\/pole-langues\/index.php?rest_route=%2Fwp%2Fv2%2Fcomments&post=4125"}],"version-history":[{"count":10,"href":"https:\/\/site.ac-martinique.fr\/pole-langues\/index.php?rest_route=\/wp\/v2\/pages\/4125\/revisions"}],"predecessor-version":[{"id":4153,"href":"https:\/\/site.ac-martinique.fr\/pole-langues\/index.php?rest_route=\/wp\/v2\/pages\/4125\/revisions\/4153"}],"up":[{"embeddable":true,"href":"https:\/\/site.ac-martinique.fr\/pole-langues\/index.php?rest_route=\/wp\/v2\/pages\/3236"}],"wp:attachment":[{"href":"https:\/\/site.ac-martinique.fr\/pole-langues\/index.php?rest_route=%2Fwp%2Fv2%2Fmedia&parent=4125"}],"curies":[{"name":"wp","href":"https:\/\/api.w.org\/{rel}","templated":true}]}}