{"id":1190,"date":"2021-09-28T20:28:41","date_gmt":"2021-09-28T19:28:41","guid":{"rendered":"https:\/\/site.ac-martinique.fr\/pole-maternelle\/?page_id=1190"},"modified":"2021-09-28T23:39:43","modified_gmt":"2021-09-28T22:39:43","slug":"programmes-consolides-de-juin-2021","status":"publish","type":"page","link":"https:\/\/site.ac-martinique.fr\/pole-maternelle\/programmes-consolides-de-juin-2021\/","title":{"rendered":"Programmes consolid\u00e9s de juin 2021"},"content":{"rendered":"\n<figure class=\"wp-block-pullquote\"><blockquote><p>\u00ab\u00a0Premier maillon du parcours scolaire, l&rsquo;\u00e9cole maternelle \u00e9tablit les fondements \u00e9ducatifs et p\u00e9dagogiques sur lesquels s&rsquo;appuient et se d\u00e9veloppent les futurs apprentissages des \u00e9l\u00e8ves pour l&rsquo;ensemble de leur scolarit\u00e9\u00a0\u00bb<\/p><cite>Programmes du cycle 1 consolid\u00e9s du 24 juin 2021<\/cite><\/blockquote><\/figure>\n\n\n\n<pre class=\"wp-block-preformatted\">Les enjeux sont donc fondamentaux pour l'\u00e9cole maternelle. Les programmes consolid\u00e9s entendent mettre cela en avant \u00e0 travers plusieurs modifications, notamment dans les domaines 1 et 4.\n\nA noter: la nouvelle d\u00e9nomination du domaine 4 qui devient <strong>\"Acqu\u00e9rir les premiers outils math\u00e9matiques\"<\/strong>\n\nVous pourrez t\u00e9l\u00e9charger ci-dessous les programmes consolid\u00e9s ainsi que les programmes consolid\u00e9s avec modifications apparentes.<\/pre>\n\n\n\n<div class=\"wp-block-file\"><a href=\"https:\/\/site.ac-martinique.fr\/pole-maternelle\/wp-content\/uploads\/sites\/27\/2021\/09\/Programmes-cycle-1-consolides-Juin-2021.pdf\">Programmes-cycle-1-consolides-Juin-2021<\/a><a href=\"https:\/\/site.ac-martinique.fr\/pole-maternelle\/wp-content\/uploads\/sites\/27\/2021\/09\/Programmes-cycle-1-consolides-Juin-2021.pdf\" class=\"wp-block-file__button\" download>T\u00e9l\u00e9charger<\/a><\/div>\n\n\n\n<div class=\"wp-block-file\"><a href=\"https:\/\/site.ac-martinique.fr\/pole-maternelle\/wp-content\/uploads\/sites\/27\/2021\/09\/programme_cycle_1_comparatif_2021.pdf\">Programmes_cycle_1_comparatif_2021 avec modifications apparentes<\/a><a href=\"https:\/\/site.ac-martinique.fr\/pole-maternelle\/wp-content\/uploads\/sites\/27\/2021\/09\/programme_cycle_1_comparatif_2021.pdf\" class=\"wp-block-file__button\" download>T\u00e9l\u00e9charger<\/a><\/div>\n\n\n\n<p><\/p>\n","protected":false},"excerpt":{"rendered":"<p>\u00ab\u00a0Premier maillon du parcours scolaire, l&rsquo;\u00e9cole maternelle \u00e9tablit les fondements \u00e9ducatifs et p\u00e9dagogiques sur lesquels s&rsquo;appuient et se d\u00e9veloppent les futurs apprentissages des \u00e9l\u00e8ves pour l&rsquo;ensemble de leur scolarit\u00e9\u00a0\u00bb Programmes du cycle 1 consolid\u00e9s du 24 juin 2021 Les enjeux sont donc fondamentaux pour l&rsquo;\u00e9cole maternelle. Les programmes consolid\u00e9s entendent mettre cela en avant \u00e0 &hellip; <\/p>\n<p><a class=\"more-link btn\" href=\"https:\/\/site.ac-martinique.fr\/pole-maternelle\/programmes-consolides-de-juin-2021\/\">Lire la suite<\/a><\/p>\n","protected":false},"author":296,"featured_media":0,"parent":0,"menu_order":0,"comment_status":"closed","ping_status":"closed","template":"","meta":{"footnotes":""},"class_list":["post-1190","page","type-page","status-publish","hentry","nodate","item-wrap"],"_links":{"self":[{"href":"https:\/\/site.ac-martinique.fr\/pole-maternelle\/wp-json\/wp\/v2\/pages\/1190","targetHints":{"allow":["GET"]}}],"collection":[{"href":"https:\/\/site.ac-martinique.fr\/pole-maternelle\/wp-json\/wp\/v2\/pages"}],"about":[{"href":"https:\/\/site.ac-martinique.fr\/pole-maternelle\/wp-json\/wp\/v2\/types\/page"}],"author":[{"embeddable":true,"href":"https:\/\/site.ac-martinique.fr\/pole-maternelle\/wp-json\/wp\/v2\/users\/296"}],"replies":[{"embeddable":true,"href":"https:\/\/site.ac-martinique.fr\/pole-maternelle\/wp-json\/wp\/v2\/comments?post=1190"}],"version-history":[{"count":4,"href":"https:\/\/site.ac-martinique.fr\/pole-maternelle\/wp-json\/wp\/v2\/pages\/1190\/revisions"}],"predecessor-version":[{"id":1259,"href":"https:\/\/site.ac-martinique.fr\/pole-maternelle\/wp-json\/wp\/v2\/pages\/1190\/revisions\/1259"}],"wp:attachment":[{"href":"https:\/\/site.ac-martinique.fr\/pole-maternelle\/wp-json\/wp\/v2\/media?parent=1190"}],"curies":[{"name":"wp","href":"https:\/\/api.w.org\/{rel}","templated":true}]}}