{"id":1219,"date":"2021-09-28T22:19:50","date_gmt":"2021-09-28T21:19:50","guid":{"rendered":"https:\/\/site.ac-martinique.fr\/pole-maternelle\/?page_id=1219"},"modified":"2021-09-28T22:25:53","modified_gmt":"2021-09-28T21:25:53","slug":"lecole-maternelle-ecole-du-langage","status":"publish","type":"page","link":"https:\/\/site.ac-martinique.fr\/pole-maternelle\/lecole-maternelle-ecole-du-langage\/","title":{"rendered":"L&rsquo;\u00e9cole maternelle, \u00e9cole du langage"},"content":{"rendered":"<blockquote>\n<h3>Recommandations p\u00e9dagogiques<\/h3>\n<h2>L&rsquo;\u00e9cole maternelle, \u00e9cole du langage<\/h2>\n<div class=\"pre-content-block\">\n<p>Note de service n\u00b0 2019-084 du 28-5-2019<\/p>\n<\/div>\n<div class=\"content-bo-detail\">\n<div class=\"field--node--body\">\n<p>L&rsquo;\u00e9cole maternelle a un r\u00f4le primordial \u00e0 jouer dans la pr\u00e9vention de l&rsquo;\u00e9chec scolaire en faisant de l&rsquo;enseignement du langage une priorit\u00e9, d\u00e8s le plus jeune \u00e2ge. En effet, la qualit\u00e9 lexicale et syntaxique des \u00e9nonc\u00e9s compris et produits par les \u00e9l\u00e8ves conditionne l&rsquo;acc\u00e8s aux apprentissages tout au long de la scolarit\u00e9. Le cycle des apprentissages premiers est mis \u00e0 profit pour faire progresser les \u00e9l\u00e8ves depuis la petite section jusqu&rsquo;\u00e0 la grande section vers la compr\u00e9hension et l&rsquo;usage d&rsquo;une langue fran\u00e7aise orale de plus en plus \u00e9labor\u00e9e sur laquelle ils pourront s&rsquo;appuyer lors de l&rsquo;apprentissage de la lecture.<\/p>\n<p>Lire la suite&#8230; \u00a0<a href=\"https:\/\/www.education.gouv.fr\/bo\/19\/Hebdo22\/MENE1915456N.htm?cid_bo=142293\">https:\/\/www.education.gouv.fr\/bo\/19\/Hebdo22\/MENE1915456N.htm?cid_bo=142293<\/a><\/p>\n<\/div>\n<\/div>\n<\/blockquote>\n","protected":false},"excerpt":{"rendered":"<p>Recommandations p\u00e9dagogiques L&rsquo;\u00e9cole maternelle, \u00e9cole du langage Note de service n\u00b0 2019-084 du 28-5-2019 L&rsquo;\u00e9cole maternelle a un r\u00f4le primordial \u00e0 jouer dans la pr\u00e9vention de l&rsquo;\u00e9chec scolaire en faisant de l&rsquo;enseignement du langage une priorit\u00e9, d\u00e8s le plus jeune \u00e2ge. En effet, la qualit\u00e9 lexicale et syntaxique des \u00e9nonc\u00e9s compris et produits par les &hellip; <\/p>\n<p><a class=\"more-link btn\" href=\"https:\/\/site.ac-martinique.fr\/pole-maternelle\/lecole-maternelle-ecole-du-langage\/\">Lire la suite<\/a><\/p>\n","protected":false},"author":296,"featured_media":0,"parent":0,"menu_order":0,"comment_status":"closed","ping_status":"closed","template":"","meta":{"footnotes":""},"class_list":["post-1219","page","type-page","status-publish","hentry","nodate","item-wrap"],"_links":{"self":[{"href":"https:\/\/site.ac-martinique.fr\/pole-maternelle\/wp-json\/wp\/v2\/pages\/1219","targetHints":{"allow":["GET"]}}],"collection":[{"href":"https:\/\/site.ac-martinique.fr\/pole-maternelle\/wp-json\/wp\/v2\/pages"}],"about":[{"href":"https:\/\/site.ac-martinique.fr\/pole-maternelle\/wp-json\/wp\/v2\/types\/page"}],"author":[{"embeddable":true,"href":"https:\/\/site.ac-martinique.fr\/pole-maternelle\/wp-json\/wp\/v2\/users\/296"}],"replies":[{"embeddable":true,"href":"https:\/\/site.ac-martinique.fr\/pole-maternelle\/wp-json\/wp\/v2\/comments?post=1219"}],"version-history":[{"count":2,"href":"https:\/\/site.ac-martinique.fr\/pole-maternelle\/wp-json\/wp\/v2\/pages\/1219\/revisions"}],"predecessor-version":[{"id":1224,"href":"https:\/\/site.ac-martinique.fr\/pole-maternelle\/wp-json\/wp\/v2\/pages\/1219\/revisions\/1224"}],"wp:attachment":[{"href":"https:\/\/site.ac-martinique.fr\/pole-maternelle\/wp-json\/wp\/v2\/media?parent=1219"}],"curies":[{"name":"wp","href":"https:\/\/api.w.org\/{rel}","templated":true}]}}