{"id":1231,"date":"2021-09-28T22:31:02","date_gmt":"2021-09-28T21:31:02","guid":{"rendered":"https:\/\/site.ac-martinique.fr\/pole-maternelle\/?page_id=1231"},"modified":"2021-09-28T22:32:35","modified_gmt":"2021-09-28T21:32:35","slug":"les-langues-vivantes-etrangeres-a-lecole-maternelle","status":"publish","type":"page","link":"https:\/\/site.ac-martinique.fr\/pole-maternelle\/les-langues-vivantes-etrangeres-a-lecole-maternelle\/","title":{"rendered":"Les langues vivantes \u00e9trang\u00e8res \u00e0 l&rsquo;\u00e9cole maternelle"},"content":{"rendered":"<blockquote>\n<h3>Recommandations p\u00e9dagogiques<\/h3>\n<h2>Les langues vivantes \u00e9trang\u00e8res \u00e0 l&rsquo;\u00e9cole maternelle<\/h2>\n<div class=\"pre-content-block\">\n<p>Note de service n\u00b0 2019-086 du 28-5-2019<\/p>\n<\/div>\n<div class=\"content-bo-detail\">\n<div class=\"field--node--body\">\n<p>L&rsquo;\u00e9veil aux langues nourrit intimement et, de mani\u00e8re privil\u00e9gi\u00e9e, les deux domaines des programmes \u00ab\u00a0Mobiliser le langage dans toutes ses dimensions\u00a0\u00bb et \u00ab\u00a0Explorer le monde\u00a0\u00bb. Par des activit\u00e9s ludiques et r\u00e9flexives sur la langue (comptines, jeux avec les mots, etc.), faisant place \u00e0 la sensibilit\u00e9, \u00e0 la sensorialit\u00e9, aux comp\u00e9tences motrices, relationnelles et cognitives des \u00e9l\u00e8ves, il contribue \u00e9galement \u00e0 chacun des trois autres domaines du programme de maternelle. Cette approche sensible des LVE contribue au d\u00e9veloppement du langage oral et \u00e0 la consolidation de la ma\u00eetrise du fran\u00e7ais, objectifs essentiels de l&rsquo;\u00e9cole maternelle.<\/p>\n<p>Lire la suite&#8230; <a href=\"https:\/\/www.education.gouv.fr\/bo\/19\/Hebdo22\/MENE1915455N.htm?cid_bo=142292\">https:\/\/www.education.gouv.fr\/bo\/19\/Hebdo22\/MENE1915455N.htm?cid_bo=142292<\/a><\/p>\n<\/div>\n<\/div>\n<\/blockquote>\n","protected":false},"excerpt":{"rendered":"<p>Recommandations p\u00e9dagogiques Les langues vivantes \u00e9trang\u00e8res \u00e0 l&rsquo;\u00e9cole maternelle Note de service n\u00b0 2019-086 du 28-5-2019 L&rsquo;\u00e9veil aux langues nourrit intimement et, de mani\u00e8re privil\u00e9gi\u00e9e, les deux domaines des programmes \u00ab\u00a0Mobiliser le langage dans toutes ses dimensions\u00a0\u00bb et \u00ab\u00a0Explorer le monde\u00a0\u00bb. Par des activit\u00e9s ludiques et r\u00e9flexives sur la langue (comptines, jeux avec les mots, &hellip; <\/p>\n<p><a class=\"more-link btn\" href=\"https:\/\/site.ac-martinique.fr\/pole-maternelle\/les-langues-vivantes-etrangeres-a-lecole-maternelle\/\">Lire la suite<\/a><\/p>\n","protected":false},"author":296,"featured_media":0,"parent":0,"menu_order":0,"comment_status":"closed","ping_status":"closed","template":"","meta":{"footnotes":""},"class_list":["post-1231","page","type-page","status-publish","hentry","nodate","item-wrap"],"_links":{"self":[{"href":"https:\/\/site.ac-martinique.fr\/pole-maternelle\/wp-json\/wp\/v2\/pages\/1231","targetHints":{"allow":["GET"]}}],"collection":[{"href":"https:\/\/site.ac-martinique.fr\/pole-maternelle\/wp-json\/wp\/v2\/pages"}],"about":[{"href":"https:\/\/site.ac-martinique.fr\/pole-maternelle\/wp-json\/wp\/v2\/types\/page"}],"author":[{"embeddable":true,"href":"https:\/\/site.ac-martinique.fr\/pole-maternelle\/wp-json\/wp\/v2\/users\/296"}],"replies":[{"embeddable":true,"href":"https:\/\/site.ac-martinique.fr\/pole-maternelle\/wp-json\/wp\/v2\/comments?post=1231"}],"version-history":[{"count":3,"href":"https:\/\/site.ac-martinique.fr\/pole-maternelle\/wp-json\/wp\/v2\/pages\/1231\/revisions"}],"predecessor-version":[{"id":1236,"href":"https:\/\/site.ac-martinique.fr\/pole-maternelle\/wp-json\/wp\/v2\/pages\/1231\/revisions\/1236"}],"wp:attachment":[{"href":"https:\/\/site.ac-martinique.fr\/pole-maternelle\/wp-json\/wp\/v2\/media?parent=1231"}],"curies":[{"name":"wp","href":"https:\/\/api.w.org\/{rel}","templated":true}]}}