{"id":1304,"date":"2021-09-29T19:27:59","date_gmt":"2021-09-29T18:27:59","guid":{"rendered":"https:\/\/site.ac-martinique.fr\/pole-maternelle\/?page_id=1304"},"modified":"2021-09-30T23:18:41","modified_gmt":"2021-09-30T22:18:41","slug":"liaison-gs-cp","status":"publish","type":"page","link":"https:\/\/site.ac-martinique.fr\/pole-maternelle\/liaison-gs-cp\/","title":{"rendered":"La liaison GS-CP"},"content":{"rendered":"<p>Au cours de la scolarit\u00e9, les passages d\u2019un cycle \u00e0 l\u2019autre sont des moments qui rev\u00eatent une importance toute particuli\u00e8re pour les \u00e9l\u00e8ves et leurs familles. Aider les \u00e9coliers \u00e0 franchir ces seuils leur donne des chances accrues de r\u00e9ussir.<br \/>Le passage de la GS au CP est un de ces moments cl\u00e9s dont les enjeux sont fondamentaux.<\/p>\n<p>Pr\u00e9parer la liaison GS-CP n\u00e9cessite une r\u00e9flexion en \u00e9quipe et une programmation sur un temps long. Le projet \u00e9labor\u00e9 devra tenir compte des r\u00e9alit\u00e9s sp\u00e9cifiques \u00e0 chaque \u00e9cole et int\u00e9grer la dimension \u00ab\u00a0\u00e9cole\/famille\u00a0\u00bb.<\/p>\n<p>Dans ce document, r\u00e9alis\u00e9 par les missions pr\u00e9\u00e9l\u00e9mentaire et 100% r\u00e9ussite, vous trouverez des \u00e9l\u00e9ments pour interroger vos pratiques ainsi que des pistes concr\u00e8tes pour r\u00e9ussir la liaison GS-CP.<\/p>\n<p><div><iframe loading=\"lazy\" class=\"embed-pdf-viewer\" src=\"https:\/\/site.ac-martinique.fr\/pole-maternelle\/wp-content\/uploads\/sites\/27\/2021\/09\/Recommandations-liaison-GS-CP-Academie-de-Martinique-avril-2021.pdf\" height=\"1000\" width=\"100%\" title=\"Recommandations liaison GS CP Acad\u00e9mie Martinique avril 2021\"><\/iframe>\n<p><a href=\"https:\/\/site.ac-martinique.fr\/pole-maternelle\/wp-content\/uploads\/sites\/27\/2021\/09\/Recommandations-liaison-GS-CP-Academie-de-Martinique-avril-2021.pdf\" title=\"Recommandations liaison GS CP Acad\u00e9mie Martinique avril 2021\">Recommandations liaison GS CP Acad\u00e9mie Martinique avril 2021<\/a><\/p><\/div><\/p>\n\n\n<p><\/p>\n","protected":false},"excerpt":{"rendered":"<p>Au cours de la scolarit\u00e9, les passages d\u2019un cycle \u00e0 l\u2019autre sont des moments qui rev\u00eatent une importance toute particuli\u00e8re pour les \u00e9l\u00e8ves et leurs familles. Aider les \u00e9coliers \u00e0 franchir ces seuils leur donne des chances accrues de r\u00e9ussir.Le passage de la GS au CP est un de ces moments cl\u00e9s dont les enjeux &hellip; <\/p>\n<p><a class=\"more-link btn\" href=\"https:\/\/site.ac-martinique.fr\/pole-maternelle\/liaison-gs-cp\/\">Lire la suite<\/a><\/p>\n","protected":false},"author":296,"featured_media":0,"parent":0,"menu_order":0,"comment_status":"closed","ping_status":"closed","template":"","meta":{"footnotes":""},"class_list":["post-1304","page","type-page","status-publish","hentry","nodate","item-wrap"],"_links":{"self":[{"href":"https:\/\/site.ac-martinique.fr\/pole-maternelle\/wp-json\/wp\/v2\/pages\/1304","targetHints":{"allow":["GET"]}}],"collection":[{"href":"https:\/\/site.ac-martinique.fr\/pole-maternelle\/wp-json\/wp\/v2\/pages"}],"about":[{"href":"https:\/\/site.ac-martinique.fr\/pole-maternelle\/wp-json\/wp\/v2\/types\/page"}],"author":[{"embeddable":true,"href":"https:\/\/site.ac-martinique.fr\/pole-maternelle\/wp-json\/wp\/v2\/users\/296"}],"replies":[{"embeddable":true,"href":"https:\/\/site.ac-martinique.fr\/pole-maternelle\/wp-json\/wp\/v2\/comments?post=1304"}],"version-history":[{"count":3,"href":"https:\/\/site.ac-martinique.fr\/pole-maternelle\/wp-json\/wp\/v2\/pages\/1304\/revisions"}],"predecessor-version":[{"id":1401,"href":"https:\/\/site.ac-martinique.fr\/pole-maternelle\/wp-json\/wp\/v2\/pages\/1304\/revisions\/1401"}],"wp:attachment":[{"href":"https:\/\/site.ac-martinique.fr\/pole-maternelle\/wp-json\/wp\/v2\/media?parent=1304"}],"curies":[{"name":"wp","href":"https:\/\/api.w.org\/{rel}","templated":true}]}}