{"id":1308,"date":"2021-09-29T19:31:45","date_gmt":"2021-09-29T18:31:45","guid":{"rendered":"https:\/\/site.ac-martinique.fr\/pole-maternelle\/?page_id=1308"},"modified":"2021-09-29T19:56:30","modified_gmt":"2021-09-29T18:56:30","slug":"les-outils-pour-bien-accueillir-le-tout-petit-pias-pep","status":"publish","type":"page","link":"https:\/\/site.ac-martinique.fr\/pole-maternelle\/les-outils-pour-bien-accueillir-le-tout-petit-pias-pep\/","title":{"rendered":"Les outils pour bien accueillir le tout-petit (PIAS, PEP)"},"content":{"rendered":"<p>L&rsquo;accueil des tout-petits est une \u00e9tape cruciale dans la scolarisation de ces enfants. Afin de pr\u00e9parer ce moment et de garantir des conditions d&rsquo;accueil optimales, des outils institutionnels ont \u00e9t\u00e9 con\u00e7us et \u00e9labor\u00e9s avec l&rsquo;\u00e9troite collaboration des conseillers p\u00e9dagogiques et des directeurs d&rsquo;\u00e9cole.<\/p>\n<ul>\n<li><a href=\"https:\/\/site.ac-martinique.fr\/pole-maternelle\/wp-content\/uploads\/sites\/27\/2021\/09\/Pojet-educatif-et-pedagogique.pdf\"><strong><u>Le Projet Educat<strong><u>if et P\u00e9dagogique\u00a0<\/u><\/strong><\/u><\/strong><\/a><strong>(PEP):\u00a0<\/strong>il d\u00e9finit les objectifs de cette scolarisation, le r\u00f4le de chacun de ses acteurs et tous les aspects de l&rsquo;accueil des enfants et des familles \u00e0 l&rsquo;\u00e9cole. A ce titre, il est \u00e9labor\u00e9 par l&rsquo;ensemble de l&rsquo;\u00e9quipe \u00e9ducative et est partie int\u00e9grante du projet d&rsquo;\u00e9cole.<\/li>\n<li><strong><u><a href=\"https:\/\/site.ac-martinique.fr\/pole-maternelle\/wp-content\/uploads\/sites\/27\/2021\/09\/LE-PROJET-INDIVIDUALISE-DACCUEIL-ET-DE-SCOLARISATION-PIAS-.docx\">Le Projet Individualis\u00e9 d&rsquo;Accueil et de Scolarisation (PIAS<\/a>)<\/u><\/strong>\u00a0: \u00a0Il d\u00e9finit les modalit\u00e9s d&rsquo;accueil de chaque enfant et les objectifs poursuivis pour chacun de ses besoins sp\u00e9cifiques. Il est donc \u00e9labor\u00e9 conjointement par le directeur d\u2019\u00e9cole, l\u2019enseignant et la famille.<\/li>\n<li><a href=\"https:\/\/site.ac-martinique.fr\/pole-maternelle\/wp-content\/uploads\/sites\/27\/2021\/09\/Guide-dentretien-avec-les-parents.pdf\"><strong><u>Le guide d&rsquo;entretien avec les familles<\/u><\/strong><\/a> : \u00a0Il propose une trame d&rsquo;entretien avec les parents afin de faire de cet \u00e9change un moment constructif.<\/li>\n<\/ul>\n","protected":false},"excerpt":{"rendered":"<p>L&rsquo;accueil des tout-petits est une \u00e9tape cruciale dans la scolarisation de ces enfants. Afin de pr\u00e9parer ce moment et de garantir des conditions d&rsquo;accueil optimales, des outils institutionnels ont \u00e9t\u00e9 con\u00e7us et \u00e9labor\u00e9s avec l&rsquo;\u00e9troite collaboration des conseillers p\u00e9dagogiques et des directeurs d&rsquo;\u00e9cole. Le Projet Educatif et P\u00e9dagogique\u00a0(PEP):\u00a0il d\u00e9finit les objectifs de cette scolarisation, le &hellip; <\/p>\n<p><a class=\"more-link btn\" href=\"https:\/\/site.ac-martinique.fr\/pole-maternelle\/les-outils-pour-bien-accueillir-le-tout-petit-pias-pep\/\">Lire la suite<\/a><\/p>\n","protected":false},"author":296,"featured_media":0,"parent":0,"menu_order":0,"comment_status":"closed","ping_status":"closed","template":"","meta":{"footnotes":""},"class_list":["post-1308","page","type-page","status-publish","hentry","nodate","item-wrap"],"_links":{"self":[{"href":"https:\/\/site.ac-martinique.fr\/pole-maternelle\/wp-json\/wp\/v2\/pages\/1308","targetHints":{"allow":["GET"]}}],"collection":[{"href":"https:\/\/site.ac-martinique.fr\/pole-maternelle\/wp-json\/wp\/v2\/pages"}],"about":[{"href":"https:\/\/site.ac-martinique.fr\/pole-maternelle\/wp-json\/wp\/v2\/types\/page"}],"author":[{"embeddable":true,"href":"https:\/\/site.ac-martinique.fr\/pole-maternelle\/wp-json\/wp\/v2\/users\/296"}],"replies":[{"embeddable":true,"href":"https:\/\/site.ac-martinique.fr\/pole-maternelle\/wp-json\/wp\/v2\/comments?post=1308"}],"version-history":[{"count":3,"href":"https:\/\/site.ac-martinique.fr\/pole-maternelle\/wp-json\/wp\/v2\/pages\/1308\/revisions"}],"predecessor-version":[{"id":1318,"href":"https:\/\/site.ac-martinique.fr\/pole-maternelle\/wp-json\/wp\/v2\/pages\/1308\/revisions\/1318"}],"wp:attachment":[{"href":"https:\/\/site.ac-martinique.fr\/pole-maternelle\/wp-json\/wp\/v2\/media?parent=1308"}],"curies":[{"name":"wp","href":"https:\/\/api.w.org\/{rel}","templated":true}]}}