{"id":1501,"date":"2021-10-06T16:05:41","date_gmt":"2021-10-06T15:05:41","guid":{"rendered":"https:\/\/site.ac-martinique.fr\/pole-maternelle\/?page_id=1501"},"modified":"2024-06-19T16:02:04","modified_gmt":"2024-06-19T15:02:04","slug":"le-coin-des-directeurs","status":"publish","type":"page","link":"https:\/\/site.ac-martinique.fr\/pole-maternelle\/le-coin-des-directeurs\/","title":{"rendered":"Le coin des Directeurs"},"content":{"rendered":"\n<div class=\"wp-block-columns is-layout-flex wp-container-core-columns-is-layout-abceabcf wp-block-columns-is-layout-flex\">\n<div class=\"wp-block-column is-layout-flow wp-block-column-is-layout-flow\">\n<p>Le pilotage p\u00e9dagogique du Directeur est fondamental dans une \u00e9cole. Il repr\u00e9sente la cl\u00e9 de vo\u00fbte du bon fonctionnement de celle-ci. Il passe  notamment par l&rsquo;\u00e9laboration d&rsquo;un plan d&rsquo;action bas\u00e9 sur des \u00e9l\u00e9ments objectifs et sur une forte collaboration au sein de l&rsquo;\u00e9quipe p\u00e9dagogique.<\/p>\n\n\n\n<blockquote class=\"wp-block-quote is-layout-flow wp-block-quote-is-layout-flow\">\n<p><strong><em>\u00ab&nbsp;Le pilotage p\u00e9dagogique recou<\/em>vre l&rsquo;ensemble des r\u00e9flexions, actions et d\u00e9cisions qui ont trait aux interactions qui se nouent entre les \u00e9l\u00e8ves, les familles et les enseignants<em>&nbsp;\u00bb <\/em><\/strong><\/p>\n<cite>IH2EF<\/cite><\/blockquote>\n\n\n\n<p>Afin de vous accompagner dans ce pilotage, vous trouverez ci-dessous plusieurs outils:<\/p>\n<\/div>\n<\/div>\n\n\n\n<div class=\"wp-block-group alignfull\"><div class=\"wp-block-group__inner-container is-layout-flow wp-block-group-is-layout-flow\">\n<figure class=\"wp-block-image size-full is-resized\"><a href=\"https:\/\/site.ac-martinique.fr\/pole-maternelle\/wp-content\/uploads\/sites\/27\/2024\/06\/panneau_travaux.png\"><img loading=\"lazy\" decoding=\"async\" width=\"373\" height=\"373\" src=\"https:\/\/site.ac-martinique.fr\/pole-maternelle\/wp-content\/uploads\/sites\/27\/2024\/06\/panneau_travaux.png\" alt=\"\" class=\"wp-image-1721\" style=\"width:134px;height:auto\" srcset=\"https:\/\/site.ac-martinique.fr\/pole-maternelle\/wp-content\/uploads\/sites\/27\/2024\/06\/panneau_travaux.png 373w, https:\/\/site.ac-martinique.fr\/pole-maternelle\/wp-content\/uploads\/sites\/27\/2024\/06\/panneau_travaux-300x300.png 300w, https:\/\/site.ac-martinique.fr\/pole-maternelle\/wp-content\/uploads\/sites\/27\/2024\/06\/panneau_travaux-150x150.png 150w\" sizes=\"auto, (max-width: 373px) 100vw, 373px\" \/><\/a><\/figure>\n<\/div><\/div>\n\n\n\n<div class=\"wp-block-group alignfull\"><div class=\"wp-block-group__inner-container is-layout-flow wp-block-group-is-layout-flow\">\n<p class=\"has-text-align-center has-large-font-size\"><strong><em>Site en r\u00e9novation\u2026<\/em><\/strong><\/p>\n<\/div><\/div>\n\n\n\n<p><\/p>\n","protected":false},"excerpt":{"rendered":"<p>Le pilotage p\u00e9dagogique du Directeur est fondamental dans une \u00e9cole. Il repr\u00e9sente la cl\u00e9 de vo\u00fbte du bon fonctionnement de celle-ci. Il passe notamment par l&rsquo;\u00e9laboration d&rsquo;un plan d&rsquo;action bas\u00e9 sur des \u00e9l\u00e9ments objectifs et sur une forte collaboration au sein de l&rsquo;\u00e9quipe p\u00e9dagogique. \u00ab&nbsp;Le pilotage p\u00e9dagogique recouvre l&rsquo;ensemble des r\u00e9flexions, actions et d\u00e9cisions qui &hellip; <\/p>\n<p><a class=\"more-link btn\" href=\"https:\/\/site.ac-martinique.fr\/pole-maternelle\/le-coin-des-directeurs\/\">Lire la suite<\/a><\/p>\n","protected":false},"author":296,"featured_media":0,"parent":0,"menu_order":0,"comment_status":"closed","ping_status":"closed","template":"","meta":{"footnotes":""},"class_list":["post-1501","page","type-page","status-publish","hentry","nodate","item-wrap"],"_links":{"self":[{"href":"https:\/\/site.ac-martinique.fr\/pole-maternelle\/wp-json\/wp\/v2\/pages\/1501","targetHints":{"allow":["GET"]}}],"collection":[{"href":"https:\/\/site.ac-martinique.fr\/pole-maternelle\/wp-json\/wp\/v2\/pages"}],"about":[{"href":"https:\/\/site.ac-martinique.fr\/pole-maternelle\/wp-json\/wp\/v2\/types\/page"}],"author":[{"embeddable":true,"href":"https:\/\/site.ac-martinique.fr\/pole-maternelle\/wp-json\/wp\/v2\/users\/296"}],"replies":[{"embeddable":true,"href":"https:\/\/site.ac-martinique.fr\/pole-maternelle\/wp-json\/wp\/v2\/comments?post=1501"}],"version-history":[{"count":11,"href":"https:\/\/site.ac-martinique.fr\/pole-maternelle\/wp-json\/wp\/v2\/pages\/1501\/revisions"}],"predecessor-version":[{"id":1724,"href":"https:\/\/site.ac-martinique.fr\/pole-maternelle\/wp-json\/wp\/v2\/pages\/1501\/revisions\/1724"}],"wp:attachment":[{"href":"https:\/\/site.ac-martinique.fr\/pole-maternelle\/wp-json\/wp\/v2\/media?parent=1501"}],"curies":[{"name":"wp","href":"https:\/\/api.w.org\/{rel}","templated":true}]}}