{"id":152,"date":"2017-01-13T14:09:17","date_gmt":"2017-01-13T13:09:17","guid":{"rendered":"\/pole-maternelle\/?page_id=152"},"modified":"2017-01-13T14:09:17","modified_gmt":"2017-01-13T13:09:17","slug":"enseigner-en-maternelle","status":"publish","type":"page","link":"https:\/\/site.ac-martinique.fr\/pole-maternelle\/enseigner-en-maternelle\/","title":{"rendered":"Enseigner en Maternelle"},"content":{"rendered":"<p>Quelques \u00e9l\u00e9ments didactiques et p\u00e9dagogiques pour enseigner \u00e0 l&rsquo;\u00e9cole maternelle&#8230;<\/p>\n","protected":false},"excerpt":{"rendered":"<p>Quelques \u00e9l\u00e9ments didactiques et p\u00e9dagogiques pour enseigner \u00e0 l&rsquo;\u00e9cole maternelle&#8230;<\/p>\n","protected":false},"author":86,"featured_media":0,"parent":0,"menu_order":0,"comment_status":"closed","ping_status":"closed","template":"","meta":{"footnotes":""},"class_list":["post-152","page","type-page","status-publish","hentry","nodate","item-wrap"],"_links":{"self":[{"href":"https:\/\/site.ac-martinique.fr\/pole-maternelle\/wp-json\/wp\/v2\/pages\/152","targetHints":{"allow":["GET"]}}],"collection":[{"href":"https:\/\/site.ac-martinique.fr\/pole-maternelle\/wp-json\/wp\/v2\/pages"}],"about":[{"href":"https:\/\/site.ac-martinique.fr\/pole-maternelle\/wp-json\/wp\/v2\/types\/page"}],"author":[{"embeddable":true,"href":"https:\/\/site.ac-martinique.fr\/pole-maternelle\/wp-json\/wp\/v2\/users\/86"}],"replies":[{"embeddable":true,"href":"https:\/\/site.ac-martinique.fr\/pole-maternelle\/wp-json\/wp\/v2\/comments?post=152"}],"version-history":[{"count":1,"href":"https:\/\/site.ac-martinique.fr\/pole-maternelle\/wp-json\/wp\/v2\/pages\/152\/revisions"}],"predecessor-version":[{"id":154,"href":"https:\/\/site.ac-martinique.fr\/pole-maternelle\/wp-json\/wp\/v2\/pages\/152\/revisions\/154"}],"wp:attachment":[{"href":"https:\/\/site.ac-martinique.fr\/pole-maternelle\/wp-json\/wp\/v2\/media?parent=152"}],"curies":[{"name":"wp","href":"https:\/\/api.w.org\/{rel}","templated":true}]}}