{"id":1572,"date":"2022-09-02T15:23:50","date_gmt":"2022-09-02T14:23:50","guid":{"rendered":"https:\/\/site.ac-martinique.fr\/pole-maternelle\/?page_id=1572"},"modified":"2022-11-08T16:16:48","modified_gmt":"2022-11-08T15:16:48","slug":"materiel-en-pret","status":"publish","type":"page","link":"https:\/\/site.ac-martinique.fr\/pole-maternelle\/materiel-en-pret\/","title":{"rendered":"Mat\u00e9riel en pr\u00eat"},"content":{"rendered":"<p>Afin de vous aider \u00e0 concevoir et mettre en oeuvre des s\u00e9quences motivantes et porteuses de sens avec vos \u00e9l\u00e8ves, la mission maternelle met \u00e0 votre disposition des ouvrages et des jeux \u00e0 emprunter pour une dur\u00e9e pouvant aller jusqu&rsquo;\u00e0 une ann\u00e9e scolaire (\u00e0 d\u00e9finir en fonction de la demande):<\/p>\n<p><a href=\"https:\/\/site.ac-martinique.fr\/pole-maternelle\/wp-content\/uploads\/sites\/27\/2022\/09\/WhatsApp-Image-2022-09-02-at-10.02.52-5.jpeg\"><img loading=\"lazy\" decoding=\"async\" class=\"alignnone  wp-image-1581\" src=\"https:\/\/site.ac-martinique.fr\/pole-maternelle\/wp-content\/uploads\/sites\/27\/2022\/09\/WhatsApp-Image-2022-09-02-at-10.02.52-5-300x216.jpeg\" alt=\"\" width=\"254\" height=\"186\" \/><\/a> <a href=\"https:\/\/site.ac-martinique.fr\/pole-maternelle\/wp-content\/uploads\/sites\/27\/2022\/09\/WhatsApp-Image-2022-09-02-at-10.02.52-4.jpeg\"><img loading=\"lazy\" decoding=\"async\" class=\"alignnone  wp-image-1582\" src=\"https:\/\/site.ac-martinique.fr\/pole-maternelle\/wp-content\/uploads\/sites\/27\/2022\/09\/WhatsApp-Image-2022-09-02-at-10.02.52-4-300x224.jpeg\" alt=\"\" width=\"243\" height=\"184\" \/><\/a> <a href=\"https:\/\/site.ac-martinique.fr\/pole-maternelle\/wp-content\/uploads\/sites\/27\/2022\/09\/WhatsApp-Image-2022-09-02-at-10.02.52-3.jpeg\"><img loading=\"lazy\" decoding=\"async\" class=\"alignnone  wp-image-1583\" src=\"https:\/\/site.ac-martinique.fr\/pole-maternelle\/wp-content\/uploads\/sites\/27\/2022\/09\/WhatsApp-Image-2022-09-02-at-10.02.52-3-300x209.jpeg\" alt=\"\" width=\"265\" height=\"188\" \/><\/a> <a href=\"https:\/\/site.ac-martinique.fr\/pole-maternelle\/wp-content\/uploads\/sites\/27\/2022\/09\/WhatsApp-Image-2022-09-02-at-10.02.52-2.jpeg\"><img loading=\"lazy\" decoding=\"async\" class=\"alignnone  wp-image-1584\" src=\"https:\/\/site.ac-martinique.fr\/pole-maternelle\/wp-content\/uploads\/sites\/27\/2022\/09\/WhatsApp-Image-2022-09-02-at-10.02.52-2-300x232.jpeg\" alt=\"\" width=\"239\" height=\"187\" \/><\/a> <a href=\"https:\/\/site.ac-martinique.fr\/pole-maternelle\/wp-content\/uploads\/sites\/27\/2022\/09\/WhatsApp-Image-2022-09-02-at-10.02.52-1.jpeg\"><img loading=\"lazy\" decoding=\"async\" class=\"alignnone  wp-image-1585\" src=\"https:\/\/site.ac-martinique.fr\/pole-maternelle\/wp-content\/uploads\/sites\/27\/2022\/09\/WhatsApp-Image-2022-09-02-at-10.02.52-1-300x300.jpeg\" alt=\"\" width=\"249\" height=\"249\" srcset=\"https:\/\/site.ac-martinique.fr\/pole-maternelle\/wp-content\/uploads\/sites\/27\/2022\/09\/WhatsApp-Image-2022-09-02-at-10.02.52-1-300x300.jpeg 300w, https:\/\/site.ac-martinique.fr\/pole-maternelle\/wp-content\/uploads\/sites\/27\/2022\/09\/WhatsApp-Image-2022-09-02-at-10.02.52-1-1020x1024.jpeg 1020w, https:\/\/site.ac-martinique.fr\/pole-maternelle\/wp-content\/uploads\/sites\/27\/2022\/09\/WhatsApp-Image-2022-09-02-at-10.02.52-1-150x150.jpeg 150w, https:\/\/site.ac-martinique.fr\/pole-maternelle\/wp-content\/uploads\/sites\/27\/2022\/09\/WhatsApp-Image-2022-09-02-at-10.02.52-1-768x771.jpeg 768w, https:\/\/site.ac-martinique.fr\/pole-maternelle\/wp-content\/uploads\/sites\/27\/2022\/09\/WhatsApp-Image-2022-09-02-at-10.02.52-1-299x300.jpeg 299w, https:\/\/site.ac-martinique.fr\/pole-maternelle\/wp-content\/uploads\/sites\/27\/2022\/09\/WhatsApp-Image-2022-09-02-at-10.02.52-1.jpeg 1337w\" sizes=\"auto, (max-width: 249px) 100vw, 249px\" \/><\/a> <a href=\"https:\/\/site.ac-martinique.fr\/pole-maternelle\/wp-content\/uploads\/sites\/27\/2022\/09\/WhatsApp-Image-2022-09-02-at-10.02.52.jpeg\"><img loading=\"lazy\" decoding=\"async\" class=\"alignnone  wp-image-1586\" src=\"https:\/\/site.ac-martinique.fr\/pole-maternelle\/wp-content\/uploads\/sites\/27\/2022\/09\/WhatsApp-Image-2022-09-02-at-10.02.52-297x300.jpeg\" alt=\"\" width=\"253\" height=\"255\" srcset=\"https:\/\/site.ac-martinique.fr\/pole-maternelle\/wp-content\/uploads\/sites\/27\/2022\/09\/WhatsApp-Image-2022-09-02-at-10.02.52-297x300.jpeg 297w, https:\/\/site.ac-martinique.fr\/pole-maternelle\/wp-content\/uploads\/sites\/27\/2022\/09\/WhatsApp-Image-2022-09-02-at-10.02.52-1013x1024.jpeg 1013w, https:\/\/site.ac-martinique.fr\/pole-maternelle\/wp-content\/uploads\/sites\/27\/2022\/09\/WhatsApp-Image-2022-09-02-at-10.02.52-150x150.jpeg 150w, https:\/\/site.ac-martinique.fr\/pole-maternelle\/wp-content\/uploads\/sites\/27\/2022\/09\/WhatsApp-Image-2022-09-02-at-10.02.52-768x776.jpeg 768w, https:\/\/site.ac-martinique.fr\/pole-maternelle\/wp-content\/uploads\/sites\/27\/2022\/09\/WhatsApp-Image-2022-09-02-at-10.02.52.jpeg 1308w\" sizes=\"auto, (max-width: 253px) 100vw, 253px\" \/><\/a> <a href=\"https:\/\/site.ac-martinique.fr\/pole-maternelle\/wp-content\/uploads\/sites\/27\/2022\/09\/WhatsApp-Image-2022-09-02-at-10.02.51-5.jpeg\"><img loading=\"lazy\" decoding=\"async\" class=\"alignnone  wp-image-1587\" src=\"https:\/\/site.ac-martinique.fr\/pole-maternelle\/wp-content\/uploads\/sites\/27\/2022\/09\/WhatsApp-Image-2022-09-02-at-10.02.51-5-295x300.jpeg\" alt=\"\" width=\"244\" height=\"248\" srcset=\"https:\/\/site.ac-martinique.fr\/pole-maternelle\/wp-content\/uploads\/sites\/27\/2022\/09\/WhatsApp-Image-2022-09-02-at-10.02.51-5-295x300.jpeg 295w, https:\/\/site.ac-martinique.fr\/pole-maternelle\/wp-content\/uploads\/sites\/27\/2022\/09\/WhatsApp-Image-2022-09-02-at-10.02.51-5-1006x1024.jpeg 1006w, https:\/\/site.ac-martinique.fr\/pole-maternelle\/wp-content\/uploads\/sites\/27\/2022\/09\/WhatsApp-Image-2022-09-02-at-10.02.51-5-768x782.jpeg 768w, https:\/\/site.ac-martinique.fr\/pole-maternelle\/wp-content\/uploads\/sites\/27\/2022\/09\/WhatsApp-Image-2022-09-02-at-10.02.51-5.jpeg 1432w\" sizes=\"auto, (max-width: 244px) 100vw, 244px\" \/><\/a> <a href=\"https:\/\/site.ac-martinique.fr\/pole-maternelle\/wp-content\/uploads\/sites\/27\/2022\/09\/WhatsApp-Image-2022-09-02-at-10.02.51-4.jpeg\"><img loading=\"lazy\" decoding=\"async\" class=\"alignnone  wp-image-1588\" src=\"https:\/\/site.ac-martinique.fr\/pole-maternelle\/wp-content\/uploads\/sites\/27\/2022\/09\/WhatsApp-Image-2022-09-02-at-10.02.51-4-300x220.jpeg\" alt=\"\" width=\"274\" height=\"204\" \/><\/a> <a href=\"https:\/\/site.ac-martinique.fr\/pole-maternelle\/wp-content\/uploads\/sites\/27\/2022\/09\/WhatsApp-Image-2022-09-02-at-10.02.51-3.jpeg\"><img loading=\"lazy\" decoding=\"async\" class=\"alignnone  wp-image-1589\" src=\"https:\/\/site.ac-martinique.fr\/pole-maternelle\/wp-content\/uploads\/sites\/27\/2022\/09\/WhatsApp-Image-2022-09-02-at-10.02.51-3-300x211.jpeg\" alt=\"\" width=\"260\" height=\"186\" \/><\/a> <a href=\"https:\/\/site.ac-martinique.fr\/pole-maternelle\/wp-content\/uploads\/sites\/27\/2022\/09\/WhatsApp-Image-2022-09-02-at-10.02.51-1.jpeg\"><img loading=\"lazy\" decoding=\"async\" class=\"alignnone  wp-image-1590\" src=\"https:\/\/site.ac-martinique.fr\/pole-maternelle\/wp-content\/uploads\/sites\/27\/2022\/09\/WhatsApp-Image-2022-09-02-at-10.02.51-1-300x217.jpeg\" alt=\"\" width=\"250\" height=\"184\" \/><\/a> <a href=\"https:\/\/site.ac-martinique.fr\/pole-maternelle\/wp-content\/uploads\/sites\/27\/2022\/09\/WhatsApp-Image-2022-09-02-at-10.02.51-2.jpeg\"><img loading=\"lazy\" decoding=\"async\" class=\"alignnone  wp-image-1591\" src=\"https:\/\/site.ac-martinique.fr\/pole-maternelle\/wp-content\/uploads\/sites\/27\/2022\/09\/WhatsApp-Image-2022-09-02-at-10.02.51-2-300x213.jpeg\" alt=\"\" width=\"271\" height=\"196\" \/><\/a> <a href=\"https:\/\/site.ac-martinique.fr\/pole-maternelle\/wp-content\/uploads\/sites\/27\/2022\/09\/WhatsApp-Image-2022-09-02-at-10.02.51.jpeg\"><img loading=\"lazy\" decoding=\"async\" class=\"alignnone  wp-image-1592\" src=\"https:\/\/site.ac-martinique.fr\/pole-maternelle\/wp-content\/uploads\/sites\/27\/2022\/09\/WhatsApp-Image-2022-09-02-at-10.02.51-300x225.jpeg\" alt=\"\" width=\"259\" height=\"198\" \/><\/a> <a href=\"https:\/\/site.ac-martinique.fr\/pole-maternelle\/wp-content\/uploads\/sites\/27\/2022\/09\/WhatsApp-Image-2022-09-02-at-10.02.50.jpeg\"><img loading=\"lazy\" decoding=\"async\" class=\"alignnone  wp-image-1593\" src=\"https:\/\/site.ac-martinique.fr\/pole-maternelle\/wp-content\/uploads\/sites\/27\/2022\/09\/WhatsApp-Image-2022-09-02-at-10.02.50-244x300.jpeg\" alt=\"\" width=\"193\" height=\"235\" \/><\/a><\/p>\n<p>Pour toute information ou demande de pr\u00eat, vous pouvez contacter:<\/p>\n<ul>\n<li>Ana\u00efs MESLIEN: anais-gise.meslien@ac-martinique.fr \/ 0696320460<\/li>\n<\/ul>\n","protected":false},"excerpt":{"rendered":"<p>Afin de vous aider \u00e0 concevoir et mettre en oeuvre des s\u00e9quences motivantes et porteuses de sens avec vos \u00e9l\u00e8ves, la mission maternelle met \u00e0 votre disposition des ouvrages et des jeux \u00e0 emprunter pour une dur\u00e9e pouvant aller jusqu&rsquo;\u00e0 une ann\u00e9e scolaire (\u00e0 d\u00e9finir en fonction de la demande): Pour toute information ou demande &hellip; <\/p>\n<p><a class=\"more-link btn\" href=\"https:\/\/site.ac-martinique.fr\/pole-maternelle\/materiel-en-pret\/\">Lire la suite<\/a><\/p>\n","protected":false},"author":296,"featured_media":0,"parent":0,"menu_order":0,"comment_status":"closed","ping_status":"closed","template":"","meta":{"footnotes":""},"class_list":["post-1572","page","type-page","status-publish","hentry","nodate","item-wrap"],"_links":{"self":[{"href":"https:\/\/site.ac-martinique.fr\/pole-maternelle\/wp-json\/wp\/v2\/pages\/1572","targetHints":{"allow":["GET"]}}],"collection":[{"href":"https:\/\/site.ac-martinique.fr\/pole-maternelle\/wp-json\/wp\/v2\/pages"}],"about":[{"href":"https:\/\/site.ac-martinique.fr\/pole-maternelle\/wp-json\/wp\/v2\/types\/page"}],"author":[{"embeddable":true,"href":"https:\/\/site.ac-martinique.fr\/pole-maternelle\/wp-json\/wp\/v2\/users\/296"}],"replies":[{"embeddable":true,"href":"https:\/\/site.ac-martinique.fr\/pole-maternelle\/wp-json\/wp\/v2\/comments?post=1572"}],"version-history":[{"count":4,"href":"https:\/\/site.ac-martinique.fr\/pole-maternelle\/wp-json\/wp\/v2\/pages\/1572\/revisions"}],"predecessor-version":[{"id":1671,"href":"https:\/\/site.ac-martinique.fr\/pole-maternelle\/wp-json\/wp\/v2\/pages\/1572\/revisions\/1671"}],"wp:attachment":[{"href":"https:\/\/site.ac-martinique.fr\/pole-maternelle\/wp-json\/wp\/v2\/media?parent=1572"}],"curies":[{"name":"wp","href":"https:\/\/api.w.org\/{rel}","templated":true}]}}