{"id":1574,"date":"2022-09-02T15:25:13","date_gmt":"2022-09-02T14:25:13","guid":{"rendered":"https:\/\/site.ac-martinique.fr\/pole-maternelle\/?page_id=1574"},"modified":"2022-09-02T15:44:21","modified_gmt":"2022-09-02T14:44:21","slug":"boite-a-outils-2","status":"publish","type":"page","link":"https:\/\/site.ac-martinique.fr\/pole-maternelle\/boite-a-outils-2\/","title":{"rendered":"Bo\u00eete \u00e0 outils"},"content":{"rendered":"<ul>\n<li><a href=\"https:\/\/site.ac-martinique.fr\/pole-maternelle\/boite-a-outils\/\">Ressources et outils \u00e0 t\u00e9l\u00e9charger<\/a><\/li>\n<li><a href=\"https:\/\/site.ac-martinique.fr\/pole-maternelle\/materiel-en-pret\/\">Mat\u00e9riel en pr\u00eat<\/a><\/li>\n<\/ul>\n","protected":false},"excerpt":{"rendered":"<p>Ressources et outils \u00e0 t\u00e9l\u00e9charger Mat\u00e9riel en pr\u00eat<\/p>\n","protected":false},"author":296,"featured_media":0,"parent":0,"menu_order":0,"comment_status":"closed","ping_status":"closed","template":"","meta":{"footnotes":""},"class_list":["post-1574","page","type-page","status-publish","hentry","nodate","item-wrap"],"_links":{"self":[{"href":"https:\/\/site.ac-martinique.fr\/pole-maternelle\/wp-json\/wp\/v2\/pages\/1574","targetHints":{"allow":["GET"]}}],"collection":[{"href":"https:\/\/site.ac-martinique.fr\/pole-maternelle\/wp-json\/wp\/v2\/pages"}],"about":[{"href":"https:\/\/site.ac-martinique.fr\/pole-maternelle\/wp-json\/wp\/v2\/types\/page"}],"author":[{"embeddable":true,"href":"https:\/\/site.ac-martinique.fr\/pole-maternelle\/wp-json\/wp\/v2\/users\/296"}],"replies":[{"embeddable":true,"href":"https:\/\/site.ac-martinique.fr\/pole-maternelle\/wp-json\/wp\/v2\/comments?post=1574"}],"version-history":[{"count":3,"href":"https:\/\/site.ac-martinique.fr\/pole-maternelle\/wp-json\/wp\/v2\/pages\/1574\/revisions"}],"predecessor-version":[{"id":1599,"href":"https:\/\/site.ac-martinique.fr\/pole-maternelle\/wp-json\/wp\/v2\/pages\/1574\/revisions\/1599"}],"wp:attachment":[{"href":"https:\/\/site.ac-martinique.fr\/pole-maternelle\/wp-json\/wp\/v2\/media?parent=1574"}],"curies":[{"name":"wp","href":"https:\/\/api.w.org\/{rel}","templated":true}]}}