{"id":1641,"date":"2022-11-08T14:06:40","date_gmt":"2022-11-08T13:06:40","guid":{"rendered":"https:\/\/site.ac-martinique.fr\/pole-maternelle\/?page_id=1641"},"modified":"2022-11-08T15:50:11","modified_gmt":"2022-11-08T14:50:11","slug":"sequences-seances-activites","status":"publish","type":"page","link":"https:\/\/site.ac-martinique.fr\/pole-maternelle\/sequences-seances-activites\/","title":{"rendered":"S\u00e9quences, s\u00e9ances, activit\u00e9s"},"content":{"rendered":"\n<p>Vous trouverez ci-dessous des propositions de s\u00e9quences, de s\u00e9ances ou d&rsquo;activit\u00e9s \u00e0 mettre en oeuvre au sein de vos classes.<\/p>\n\n\n\n\n<div class=\"su-posts su-posts-default-loop \">\n\n\t\n\t\t\t\t\t\n\t\t\t\n\t\t\t<div id=\"su-post-1666\" class=\"su-post \">\n\n\t\t\t\t\t\t\t\t\t<a class=\"su-post-thumbnail\" href=\"https:\/\/site.ac-martinique.fr\/pole-maternelle\/le-coin-du-marchand-ou-de-la-marchande\/\"><img loading=\"lazy\" decoding=\"async\" width=\"833\" height=\"250\" src=\"https:\/\/site.ac-martinique.fr\/pole-maternelle\/wp-content\/uploads\/sites\/27\/2022\/11\/Coin-epicerie-FlechKann-GS-scaled-e1667920499383-960x288.jpg\" class=\"attachment-post-thumbnail size-post-thumbnail wp-post-image\" alt=\"\" \/><\/a>\n\t\t\t\t\n\t\t\t\t<h2 class=\"su-post-title\"><a href=\"https:\/\/site.ac-martinique.fr\/pole-maternelle\/le-coin-du-marchand-ou-de-la-marchande\/\">Le coin du marchand ou de la marchande<\/a><\/h2>\n\n\t\t\t\t<div class=\"su-post-meta\">\n\t\t\t\t\tPubli\u00e9: 8 novembre 2022\t\t\t\t<\/div>\n\n\t\t\t\t<div class=\"su-post-excerpt\">\n\t\t\t\t\t<p>Installer un coin du marchand ou de la marchande dans sa classe est tr\u00e8s porteur. Cet espace, ludique et color\u00e9, permettra de travailler \u00e0 la fois le lexique, l&rsquo;\u00e9crit ou encore les math\u00e9matiques. En effet, plusieurs activit\u00e9s sont possibles autour de ce coin: L&rsquo;enseignante de GS de l&rsquo;\u00e9cole de Flech&rsquo;Kann \u00e0 Fort-De-France a install\u00e9 un &hellip; <\/p>\n<p><a class=\"more-link btn\" href=\"https:\/\/site.ac-martinique.fr\/pole-maternelle\/le-coin-du-marchand-ou-de-la-marchande\/\">Lire la suite<\/a><\/p>\n\t\t\t\t<\/div>\n\n\t\t\t\t\n\t\t\t<\/div>\n\n\t\t\t\t\t\n\t\t\t\n\t\t\t<div id=\"su-post-1659\" class=\"su-post \">\n\n\t\t\t\t\t\t\t\t\t<a class=\"su-post-thumbnail\" href=\"https:\/\/site.ac-martinique.fr\/pole-maternelle\/associer-un-nombre-a-une-position-exemples-dactivites\/\"><img loading=\"lazy\" decoding=\"async\" width=\"395\" height=\"250\" src=\"https:\/\/site.ac-martinique.fr\/pole-maternelle\/wp-content\/uploads\/sites\/27\/2022\/11\/Corde-455x288.jpg\" class=\"attachment-post-thumbnail size-post-thumbnail wp-post-image\" alt=\"\" \/><\/a>\n\t\t\t\t\n\t\t\t\t<h2 class=\"su-post-title\"><a href=\"https:\/\/site.ac-martinique.fr\/pole-maternelle\/associer-un-nombre-a-une-position-exemples-dactivites\/\">Associer un nombre \u00e0 une position: exemples d&rsquo;activit\u00e9s<\/a><\/h2>\n\n\t\t\t\t<div class=\"su-post-meta\">\n\t\t\t\t\tPubli\u00e9: 8 novembre 2022\t\t\t\t<\/div>\n\n\t\t\t\t<div class=\"su-post-excerpt\">\n\t\t\t\t\t<p>La comp\u00e9tence \u00ab\u00a0Associer un nombre \u00e0 une position\u00a0\u00bb est r\u00e9guli\u00e8rement \u00e9chou\u00e9e par les \u00e9l\u00e8ves lors des \u00e9valuations Rep\u00e8res de d\u00e9but de CP et CE1. Or l\u2019id\u00e9e que les nombres forment une ligne orient\u00e9e de la gauche vers la droite est l\u2019un des concepts les plus fondamentaux et les plus utiles en math\u00e9matiques. Chez l\u2019adulte, le &hellip; <\/p>\n<p><a class=\"more-link btn\" href=\"https:\/\/site.ac-martinique.fr\/pole-maternelle\/associer-un-nombre-a-une-position-exemples-dactivites\/\">Lire la suite<\/a><\/p>\n\t\t\t\t<\/div>\n\n\t\t\t\t\n\t\t\t<\/div>\n\n\t\t\n\t\n<\/div>\n\n","protected":false},"excerpt":{"rendered":"<p>Vous trouverez ci-dessous des propositions de s\u00e9quences, de s\u00e9ances ou d&rsquo;activit\u00e9s \u00e0 mettre en oeuvre au sein de vos classes.<\/p>\n","protected":false},"author":296,"featured_media":0,"parent":0,"menu_order":0,"comment_status":"closed","ping_status":"closed","template":"","meta":{"footnotes":""},"class_list":["post-1641","page","type-page","status-publish","hentry","item-wrap"],"_links":{"self":[{"href":"https:\/\/site.ac-martinique.fr\/pole-maternelle\/wp-json\/wp\/v2\/pages\/1641","targetHints":{"allow":["GET"]}}],"collection":[{"href":"https:\/\/site.ac-martinique.fr\/pole-maternelle\/wp-json\/wp\/v2\/pages"}],"about":[{"href":"https:\/\/site.ac-martinique.fr\/pole-maternelle\/wp-json\/wp\/v2\/types\/page"}],"author":[{"embeddable":true,"href":"https:\/\/site.ac-martinique.fr\/pole-maternelle\/wp-json\/wp\/v2\/users\/296"}],"replies":[{"embeddable":true,"href":"https:\/\/site.ac-martinique.fr\/pole-maternelle\/wp-json\/wp\/v2\/comments?post=1641"}],"version-history":[{"count":3,"href":"https:\/\/site.ac-martinique.fr\/pole-maternelle\/wp-json\/wp\/v2\/pages\/1641\/revisions"}],"predecessor-version":[{"id":1664,"href":"https:\/\/site.ac-martinique.fr\/pole-maternelle\/wp-json\/wp\/v2\/pages\/1641\/revisions\/1664"}],"wp:attachment":[{"href":"https:\/\/site.ac-martinique.fr\/pole-maternelle\/wp-json\/wp\/v2\/media?parent=1641"}],"curies":[{"name":"wp","href":"https:\/\/api.w.org\/{rel}","templated":true}]}}