{"id":210,"date":"2017-01-23T19:47:01","date_gmt":"2017-01-23T18:47:01","guid":{"rendered":"\/pole-maternelle\/?page_id=210"},"modified":"2017-01-23T19:47:10","modified_gmt":"2017-01-23T18:47:10","slug":"les-besoins-specifiques-des-tps","status":"publish","type":"page","link":"https:\/\/site.ac-martinique.fr\/pole-maternelle\/scolarisation-des-moins-de-3-ans\/les-besoins-specifiques-des-tps\/","title":{"rendered":"Les besoins sp\u00e9cifiques des TPS"},"content":{"rendered":"<p>Les enfants de moins de trois ans ont des besoins tr\u00e8s sp\u00e9cifiques dont il est n\u00e9c\u00e9ssaire d&rsquo;en tenir compte dans la mise en oeuvre des enseignements destin\u00e9s \u00e0 ces tr\u00e8s jeunes enfants. Vous pouvez les d\u00e9couvrir ici:<\/p>\n<p><a href=\"\/pole-maternelle\/?attachment_id=207\" rel=\"attachment wp-att-207\">Les besoins des TPS<\/a><\/p>\n","protected":false},"excerpt":{"rendered":"<p>Les enfants de moins de trois ans ont des besoins tr\u00e8s sp\u00e9cifiques dont il est n\u00e9c\u00e9ssaire d&rsquo;en tenir compte dans la mise en oeuvre des enseignements destin\u00e9s \u00e0 ces tr\u00e8s jeunes enfants. Vous pouvez les d\u00e9couvrir ici: Les besoins des TPS<\/p>\n","protected":false},"author":86,"featured_media":0,"parent":41,"menu_order":0,"comment_status":"closed","ping_status":"closed","template":"","meta":{"footnotes":""},"class_list":["post-210","page","type-page","status-publish","hentry","nodate","item-wrap"],"_links":{"self":[{"href":"https:\/\/site.ac-martinique.fr\/pole-maternelle\/wp-json\/wp\/v2\/pages\/210","targetHints":{"allow":["GET"]}}],"collection":[{"href":"https:\/\/site.ac-martinique.fr\/pole-maternelle\/wp-json\/wp\/v2\/pages"}],"about":[{"href":"https:\/\/site.ac-martinique.fr\/pole-maternelle\/wp-json\/wp\/v2\/types\/page"}],"author":[{"embeddable":true,"href":"https:\/\/site.ac-martinique.fr\/pole-maternelle\/wp-json\/wp\/v2\/users\/86"}],"replies":[{"embeddable":true,"href":"https:\/\/site.ac-martinique.fr\/pole-maternelle\/wp-json\/wp\/v2\/comments?post=210"}],"version-history":[{"count":2,"href":"https:\/\/site.ac-martinique.fr\/pole-maternelle\/wp-json\/wp\/v2\/pages\/210\/revisions"}],"predecessor-version":[{"id":213,"href":"https:\/\/site.ac-martinique.fr\/pole-maternelle\/wp-json\/wp\/v2\/pages\/210\/revisions\/213"}],"up":[{"embeddable":true,"href":"https:\/\/site.ac-martinique.fr\/pole-maternelle\/wp-json\/wp\/v2\/pages\/41"}],"wp:attachment":[{"href":"https:\/\/site.ac-martinique.fr\/pole-maternelle\/wp-json\/wp\/v2\/media?parent=210"}],"curies":[{"name":"wp","href":"https:\/\/api.w.org\/{rel}","templated":true}]}}