{"id":234,"date":"2017-01-24T21:39:04","date_gmt":"2017-01-24T20:39:04","guid":{"rendered":"\/pole-maternelle\/?page_id=234"},"modified":"2017-10-09T19:47:38","modified_gmt":"2017-10-09T18:47:38","slug":"le-travail-en-autonomie","status":"publish","type":"page","link":"https:\/\/site.ac-martinique.fr\/pole-maternelle\/le-travail-en-autonomie\/","title":{"rendered":"Le travail en autonomie"},"content":{"rendered":"<table border=\"0\" width=\"99%\" cellspacing=\"0\" cellpadding=\"3\" align=\"center\">\n<tbody>\n<tr>\n<td class=\"BabTopicsTitleBackground\" style=\"text-align: center;\" colspan=\"2\"><span style=\"color: #ff6600;\"><strong>Les ateliers autonomes \u00e0 l&rsquo;\u00e9cole maternelle<\/strong><\/span><\/td>\n<\/tr>\n<tr valign=\"top\">\n<td class=\"BabTopicsBackground\" colspan=\"2\">\n<h2>L&rsquo;organisation du travail en atelier \u00e0 l&rsquo;\u00e9cole maternelle doit se concevoir comme une r\u00e9ponse \u00e0 la n\u00e9cessit\u00e9 d&rsquo;individualiser et de diff\u00e9rencier la mise en \u0153uvre des apprentissages.<\/h2>\n<table border=\"0\" cellspacing=\"5\" cellpadding=\"3\">\n<tbody>\n<tr>\n<td><img decoding=\"async\" src=\"http:\/\/www.polematernelle.ac-martinique.fr\/images\/articles\/227_art_ov_1404760490.09.29.jpg\" alt=\"\" align=\"\" \/><\/td>\n<td colspan=\"2\">L\u2019organisation p\u00e9dagogique en ateliers est une d\u00e9marche pour le maitre au service de la diff\u00e9renciation car chaque enfant peut apprendre \u00e0 son rythme et selon ses besoins. Cela suppose que certaines conditions soient respect\u00e9es :<\/p>\n<ul>\n<li>Il existe une continuit\u00e9, une progression de t\u00e2ches entre ateliers dirig\u00e9s et autonomes ;<\/li>\n<li>Les rythmes d\u2019apprentissage et les besoins identifi\u00e9s d\u00e9terminent le temps pass\u00e9 en atelier autonome et en atelier dirig\u00e9.<\/li>\n<\/ul>\n<p>Dans le contexte particulier du programme PARLER, les contenus des ateliers dirig\u00e9s sont port\u00e9s par la programmation des enseignements. Il est important de d\u00e9finir ceux des ateliers autonomes afin que ce temps de classe soit plus efficace.<\/td>\n<\/tr>\n<tr>\n<td colspan=\"2\">Un groupe d\u00e9partemental s\u2019est pench\u00e9 sur cette probl\u00e9matique et vous propose des ressources qui devraient vous aider \u00e0 mieux organiser ces temps de travail. L\u2019\u00e9laboration de ces ressources repose sur les deux hypoth\u00e8ses suivantes\u00a0:<\/p>\n<ol>\n<li>Les ateliers de travail en autonomie doivent permettre de continuer d\u2019apprendre\u00a0; l\u2019\u00e9l\u00e8ve renforce une comp\u00e9tence, il s\u2019entraine gr\u00e2ce \u00e0 des activit\u00e9s pr\u00e9vues \u00e0 cet effet.<\/li>\n<li>Le travail en atelier autonome est \u00e9galement un temps pour construire des comp\u00e9tences transversales car l\u2019\u00e9l\u00e8ve est amen\u00e9 \u00e0 mobiliser des acquis, \u00e0 planifier ses activit\u00e9s, \u00e0 piloter son attention, \u00e0 coop\u00e9rer avec des partenaires, \u00e0 mener un projet \u00e0 son terme\u2026 \u00e0 \u00eatre un \u00e9l\u00e8ve autonome.<\/li>\n<\/ol>\n<p>Le document propos\u00e9 par le p\u00f4le maternelle de l&rsquo;acad\u00e9mie est un r\u00e9pertoire de fiches sous le format de photo fiche. C&rsquo;est \u00e0 dire qu&rsquo;elle disent en une page, l&rsquo;activit\u00e9 que d\u00e9veloppe l&rsquo;\u00e9l\u00e8ve et montrent rapidement le mat\u00e9riel n\u00e9cessaire.<\/p>\n<p>Chaque activit\u00e9 peut \u00eatre r\u00e9alis\u00e9e de mani\u00e8re autonome et se pr\u00e9sente sous forme d&rsquo;une fiche photocopi\u00e9e.<\/p>\n<p><em>Laurence DUQUESNAY CPD, P\u00f4le Maternelle<\/em><\/p>\n<p><a href=\"\/pole-maternelle\/?attachment_id=235\" rel=\"attachment wp-att-235\">Fiches de travail en autonomie<\/a><\/td>\n<td><img decoding=\"async\" src=\"http:\/\/www.polematernelle.ac-martinique.fr\/images\/articles\/227_art_ov_1404761111.PNG\" alt=\"\" align=\"\" \/><\/td>\n<\/tr>\n<\/tbody>\n<\/table>\n<\/td>\n<\/tr>\n<\/tbody>\n<\/table>\n","protected":false},"excerpt":{"rendered":"<p>Les ateliers autonomes \u00e0 l&rsquo;\u00e9cole maternelle L&rsquo;organisation du travail en atelier \u00e0 l&rsquo;\u00e9cole maternelle doit se concevoir comme une r\u00e9ponse \u00e0 la n\u00e9cessit\u00e9 d&rsquo;individualiser et de diff\u00e9rencier la mise en \u0153uvre des apprentissages. L\u2019organisation p\u00e9dagogique en ateliers est une d\u00e9marche pour le maitre au service de la diff\u00e9renciation car chaque enfant peut apprendre \u00e0 son &hellip; <\/p>\n<p><a class=\"more-link btn\" href=\"https:\/\/site.ac-martinique.fr\/pole-maternelle\/le-travail-en-autonomie\/\">Lire la suite<\/a><\/p>\n","protected":false},"author":86,"featured_media":0,"parent":0,"menu_order":0,"comment_status":"closed","ping_status":"closed","template":"","meta":{"footnotes":""},"class_list":["post-234","page","type-page","status-publish","hentry","nodate","item-wrap"],"_links":{"self":[{"href":"https:\/\/site.ac-martinique.fr\/pole-maternelle\/wp-json\/wp\/v2\/pages\/234","targetHints":{"allow":["GET"]}}],"collection":[{"href":"https:\/\/site.ac-martinique.fr\/pole-maternelle\/wp-json\/wp\/v2\/pages"}],"about":[{"href":"https:\/\/site.ac-martinique.fr\/pole-maternelle\/wp-json\/wp\/v2\/types\/page"}],"author":[{"embeddable":true,"href":"https:\/\/site.ac-martinique.fr\/pole-maternelle\/wp-json\/wp\/v2\/users\/86"}],"replies":[{"embeddable":true,"href":"https:\/\/site.ac-martinique.fr\/pole-maternelle\/wp-json\/wp\/v2\/comments?post=234"}],"version-history":[{"count":5,"href":"https:\/\/site.ac-martinique.fr\/pole-maternelle\/wp-json\/wp\/v2\/pages\/234\/revisions"}],"predecessor-version":[{"id":735,"href":"https:\/\/site.ac-martinique.fr\/pole-maternelle\/wp-json\/wp\/v2\/pages\/234\/revisions\/735"}],"wp:attachment":[{"href":"https:\/\/site.ac-martinique.fr\/pole-maternelle\/wp-json\/wp\/v2\/media?parent=234"}],"curies":[{"name":"wp","href":"https:\/\/api.w.org\/{rel}","templated":true}]}}