{"id":240,"date":"2017-01-24T21:42:30","date_gmt":"2017-01-24T20:42:30","guid":{"rendered":"\/pole-maternelle\/?page_id=240"},"modified":"2017-01-24T21:47:04","modified_gmt":"2017-01-24T20:47:04","slug":"programme-parler-enseignement-de-la-phonologie","status":"publish","type":"page","link":"https:\/\/site.ac-martinique.fr\/pole-maternelle\/programme-parler-enseignement-de-la-phonologie\/","title":{"rendered":"Enseignement de la phonologie"},"content":{"rendered":"<table border=\"0\" width=\"99%\" cellspacing=\"0\" cellpadding=\"3\" align=\"center\">\n<tbody>\n<tr>\n<td class=\"BabTopicsTitleBackground\" colspan=\"2\"><\/td>\n<\/tr>\n<tr valign=\"top\">\n<td class=\"BabTopicsBackground\" colspan=\"2\">La conscience phonologique se d\u00e9finit comme la conscience explicite que les mots sont form\u00e9s d&rsquo;unit\u00e9s plus petites : les syllabes et les phon\u00e8mes.<\/p>\n<table cellspacing=\"1\" cellpadding=\"1\">\n<tbody>\n<tr>\n<td>Le parcours que nous proposons dans notre progression aura pour finalit\u00e9 de d\u00e9velopper chez les \u00e9l\u00e8ves la capacit\u00e9 \u00e0 percevoir et \u00e0 identifier les diff\u00e9rentes composantes phonologiques et \u00e0 les manipuler : <strong>localiser, supprimer, substituer, inverser, ajouter, fusionner.<\/strong><\/p>\n<p>L&rsquo;enseignement de la phonologie est tr\u00e8s important car il est inscrit l&rsquo;enfant pleinement dans les d\u00e9marches du devenir \u00e9l\u00e8ve. Cet enseignement est l&rsquo;un des premiers qui permet de mettre en place des\u00a0<em><strong>apprentissages formels<\/strong><\/em>\u00a0\u00e0 l&rsquo;\u00e9cole maternelle.<\/td>\n<td><\/td>\n<td><img decoding=\"async\" src=\"http:\/\/www.polematernelle.ac-martinique.fr\/images\/articles\/226_art_ov_1404659465.jpg\" alt=\"\" align=\"\" \/><\/td>\n<\/tr>\n<\/tbody>\n<\/table>\n<p>Raoul MARAN juillet 2014<\/td>\n<\/tr>\n<tr>\n<td class=\"BabTopicsBackground\" colspan=\"2\"><b>Documents associ\u00e9s:<\/b><br \/>\n<a class=\"BabForumTopicsNavContribution\" href=\"http:\/\/www.polematernelle.ac-martinique.fr\/index.php?tg=entry&amp;idx=getf&amp;idf=248&amp;article=226&amp;idg=1\">Outil_Phono_Mq.pdf<\/a>\u00a0\u00a0(Phonologie en Grande Section)<\/td>\n<\/tr>\n<\/tbody>\n<\/table>\n","protected":false},"excerpt":{"rendered":"<p>La conscience phonologique se d\u00e9finit comme la conscience explicite que les mots sont form\u00e9s d&rsquo;unit\u00e9s plus petites : les syllabes et les phon\u00e8mes. Le parcours que nous proposons dans notre progression aura pour finalit\u00e9 de d\u00e9velopper chez les \u00e9l\u00e8ves la capacit\u00e9 \u00e0 percevoir et \u00e0 identifier les diff\u00e9rentes composantes phonologiques et \u00e0 les manipuler : &hellip; <\/p>\n<p><a class=\"more-link btn\" href=\"https:\/\/site.ac-martinique.fr\/pole-maternelle\/programme-parler-enseignement-de-la-phonologie\/\">Lire la suite<\/a><\/p>\n","protected":false},"author":86,"featured_media":0,"parent":0,"menu_order":0,"comment_status":"closed","ping_status":"closed","template":"","meta":{"footnotes":""},"class_list":["post-240","page","type-page","status-publish","hentry","nodate","item-wrap"],"_links":{"self":[{"href":"https:\/\/site.ac-martinique.fr\/pole-maternelle\/wp-json\/wp\/v2\/pages\/240","targetHints":{"allow":["GET"]}}],"collection":[{"href":"https:\/\/site.ac-martinique.fr\/pole-maternelle\/wp-json\/wp\/v2\/pages"}],"about":[{"href":"https:\/\/site.ac-martinique.fr\/pole-maternelle\/wp-json\/wp\/v2\/types\/page"}],"author":[{"embeddable":true,"href":"https:\/\/site.ac-martinique.fr\/pole-maternelle\/wp-json\/wp\/v2\/users\/86"}],"replies":[{"embeddable":true,"href":"https:\/\/site.ac-martinique.fr\/pole-maternelle\/wp-json\/wp\/v2\/comments?post=240"}],"version-history":[{"count":3,"href":"https:\/\/site.ac-martinique.fr\/pole-maternelle\/wp-json\/wp\/v2\/pages\/240\/revisions"}],"predecessor-version":[{"id":245,"href":"https:\/\/site.ac-martinique.fr\/pole-maternelle\/wp-json\/wp\/v2\/pages\/240\/revisions\/245"}],"wp:attachment":[{"href":"https:\/\/site.ac-martinique.fr\/pole-maternelle\/wp-json\/wp\/v2\/media?parent=240"}],"curies":[{"name":"wp","href":"https:\/\/api.w.org\/{rel}","templated":true}]}}