{"id":249,"date":"2017-01-24T21:50:43","date_gmt":"2017-01-24T20:50:43","guid":{"rendered":"\/pole-maternelle\/?page_id=249"},"modified":"2017-10-06T17:15:56","modified_gmt":"2017-10-06T16:15:56","slug":"le-lexique","status":"publish","type":"page","link":"https:\/\/site.ac-martinique.fr\/pole-maternelle\/enseigner-en-maternelle\/le-lexique\/","title":{"rendered":"Le lexique"},"content":{"rendered":"<table border=\"0\" width=\"99%\" cellspacing=\"0\" cellpadding=\"3\" align=\"center\">\n<tbody>\n<tr>\n<td class=\"BabTopicsTitleBackground\" style=\"text-align: center;\" colspan=\"2\"><strong>Enseigner le lexique<\/strong><\/td>\n<\/tr>\n<tr valign=\"top\">\n<td class=\"BabTopicsBackground\" colspan=\"2\"><span style=\"color: #ff6600; font-size: medium;\"><b><span style=\"font-family: arial, helvetica, sans-serif;\">Les champs associatifs<\/span><\/b><\/span><\/p>\n<p align=\"justify\"><span style=\"font-family: arial, helvetica, sans-serif; font-size: medium;\">Apprendre des mots ce n&rsquo;est pas apprendre des mots isol\u00e9s. C&rsquo;est les faire entrer dans des collections et\/ou des cat\u00e9gories. Tout mot renvoie \u00e0 un r\u00e9f\u00e9rent et tout mot entre en relation avec les autres mots, dans un syst\u00e8me, le syst\u00e8me lexical, o\u00f9 les mots n&rsquo;ont de sens, de valeur, que par rapport \u00e0 d&rsquo;autres, dont ils se rapprochent ou se distinguent. Dans cette perspective, le r\u00f4le de la s\u00e9ance de vocabulaire n&rsquo;est pas de multiplier les mots de vocabulaire mais d&rsquo;aider les \u00e9l\u00e8ves \u00e0 mettre les mots en relation entre eux.<\/span><\/p>\n<\/td>\n<\/tr>\n<tr>\n<td class=\"BabTopicsBackground\" colspan=\"2\"><b>Documents associ\u00e9s:<\/b><br \/>\n<a class=\"BabForumTopicsNavContribution\" href=\"http:\/\/www.polematernelle.ac-martinique.fr\/index.php?tg=entry&amp;idx=getf&amp;idf=86&amp;article=68&amp;idg=1\">Champs associatifs.pdf<\/a><\/td>\n<\/tr>\n<tr align=\"right\" valign=\"middle\">\n<td class=\"BabTopicsButtonBackground\" colspan=\"2\"><a class=\"BabTopicsFooterLink\" href=\"http:\/\/www.polematernelle.ac-martinique.fr\/index.php?tg=entry&amp;idx=print&amp;topics=21&amp;article=68\" target=\"_blank\" rel=\"noopener\"><img decoding=\"async\" src=\"http:\/\/www.polematernelle.ac-martinique.fr\/ovidentia-8-1-6\/skins\/ovidentia\/images\/Puces\/Print.gif\" alt=\"Impression\" align=\"absmiddle\" border=\"0\" \/><img loading=\"lazy\" decoding=\"async\" src=\"http:\/\/www.polematernelle.ac-martinique.fr\/ovidentia-8-1-6\/skins\/ovidentia\/images\/Puces\/Space1PxTrans.gif\" alt=\"\" width=\"2\" height=\"1\" border=\"0\" \/>Impression<\/a><img loading=\"lazy\" decoding=\"async\" src=\"http:\/\/www.polematernelle.ac-martinique.fr\/ovidentia-8-1-6\/skins\/ovidentia\/images\/Puces\/Space1PxTrans.gif\" alt=\"\" width=\"10\" height=\"1\" border=\"0\" \/><\/td>\n<\/tr>\n<tr>\n<td class=\"BabTopicsAuthorBackground\" valign=\"middle\" nowrap=\"nowrap\">par MARAN Raoul &#8211; Mardi 28 Septembre 2010 11:29:25<\/td>\n<\/tr>\n<\/tbody>\n<\/table>\n","protected":false},"excerpt":{"rendered":"<p>Enseigner le lexique Les champs associatifs Apprendre des mots ce n&rsquo;est pas apprendre des mots isol\u00e9s. C&rsquo;est les faire entrer dans des collections et\/ou des cat\u00e9gories. Tout mot renvoie \u00e0 un r\u00e9f\u00e9rent et tout mot entre en relation avec les autres mots, dans un syst\u00e8me, le syst\u00e8me lexical, o\u00f9 les mots n&rsquo;ont de sens, de &hellip; <\/p>\n<p><a class=\"more-link btn\" href=\"https:\/\/site.ac-martinique.fr\/pole-maternelle\/enseigner-en-maternelle\/le-lexique\/\">Lire la suite<\/a><\/p>\n","protected":false},"author":86,"featured_media":0,"parent":152,"menu_order":0,"comment_status":"closed","ping_status":"closed","template":"","meta":{"footnotes":""},"class_list":["post-249","page","type-page","status-publish","hentry","nodate","item-wrap"],"_links":{"self":[{"href":"https:\/\/site.ac-martinique.fr\/pole-maternelle\/wp-json\/wp\/v2\/pages\/249","targetHints":{"allow":["GET"]}}],"collection":[{"href":"https:\/\/site.ac-martinique.fr\/pole-maternelle\/wp-json\/wp\/v2\/pages"}],"about":[{"href":"https:\/\/site.ac-martinique.fr\/pole-maternelle\/wp-json\/wp\/v2\/types\/page"}],"author":[{"embeddable":true,"href":"https:\/\/site.ac-martinique.fr\/pole-maternelle\/wp-json\/wp\/v2\/users\/86"}],"replies":[{"embeddable":true,"href":"https:\/\/site.ac-martinique.fr\/pole-maternelle\/wp-json\/wp\/v2\/comments?post=249"}],"version-history":[{"count":2,"href":"https:\/\/site.ac-martinique.fr\/pole-maternelle\/wp-json\/wp\/v2\/pages\/249\/revisions"}],"predecessor-version":[{"id":696,"href":"https:\/\/site.ac-martinique.fr\/pole-maternelle\/wp-json\/wp\/v2\/pages\/249\/revisions\/696"}],"up":[{"embeddable":true,"href":"https:\/\/site.ac-martinique.fr\/pole-maternelle\/wp-json\/wp\/v2\/pages\/152"}],"wp:attachment":[{"href":"https:\/\/site.ac-martinique.fr\/pole-maternelle\/wp-json\/wp\/v2\/media?parent=249"}],"curies":[{"name":"wp","href":"https:\/\/api.w.org\/{rel}","templated":true}]}}