{"id":271,"date":"2017-01-24T22:45:25","date_gmt":"2017-01-24T21:45:25","guid":{"rendered":"\/pole-maternelle\/?page_id=271"},"modified":"2021-10-06T15:51:35","modified_gmt":"2021-10-06T14:51:35","slug":"entrer-dans-lecrit-a-la-maternelle","status":"publish","type":"page","link":"https:\/\/site.ac-martinique.fr\/pole-maternelle\/entrer-dans-lecrit-a-la-maternelle\/","title":{"rendered":"L&rsquo;\u00e9crit \u00e0 la maternelle"},"content":{"rendered":"<p><em>Le programme de 2015 \u00e9nonce clairement un parti pris, renforc\u00e9 par les programmes consolid\u00e9s de 2021; celui de commencer par l&rsquo;\u00e9criture. <\/em>Voici un extrait de la conf\u00e9rence de <strong>Mme Viviane BOUYSSE<\/strong>, qui explique pourquoi.<\/p>\n<div style=\"width: 640px;\" class=\"wp-video\"><video class=\"wp-video-shortcode\" id=\"video-271-1\" width=\"640\" height=\"480\" preload=\"metadata\" controls=\"controls\"><source type=\"video\/mp4\" src=\"https:\/\/site.ac-martinique.fr\/pole-maternelle\/wp-content\/uploads\/sites\/27\/2017\/01\/e\u0301crire-nouveaute\u0301-du-prog.mp4?_=1\" \/><a href=\"https:\/\/site.ac-martinique.fr\/pole-maternelle\/wp-content\/uploads\/sites\/27\/2017\/01\/e\u0301crire-nouveaute\u0301-du-prog.mp4\">https:\/\/site.ac-martinique.fr\/pole-maternelle\/wp-content\/uploads\/sites\/27\/2017\/01\/e\u0301crire-nouveaute\u0301-du-prog.mp4<\/a><\/video><\/div>\n\n\n<hr class=\"wp-block-separator\" \/>\n\n\n<h1>Vous retrouverez ci-dessous tous les articles et documents relatifs \u00e0 l&rsquo;enseignement de l&rsquo;\u00e9crit \u00e0 l&rsquo;\u00e9cole maternelle pr\u00e9sents sur notre site:<\/h1>\n\n\n<hr class=\"wp-block-separator\" \/>\n\n\n\n\n<div class=\"su-posts su-posts-default-loop \">\n\n\t\n\t\t\t\t\t\n\t\t\t\n\t\t\t<div id=\"su-post-1091\" class=\"su-post \">\n\n\t\t\t\t\n\t\t\t\t<h2 class=\"su-post-title\"><a href=\"https:\/\/site.ac-martinique.fr\/pole-maternelle\/deux-guides-pour-les-apprentissages-a-lecole-maternelle\/\">Deux guides pour les apprentissages \u00e0 l&rsquo;\u00e9cole maternelle<\/a><\/h2>\n\n\t\t\t\t<div class=\"su-post-meta\">\n\t\t\t\t\tPubli\u00e9: 21 f\u00e9vrier 2020\t\t\t\t<\/div>\n\n\t\t\t\t<div class=\"su-post-excerpt\">\n\t\t\t\t\t<p>\u00ab\u00a0Le temps de l&rsquo;\u00e9cole maternelle correspond, dans le d\u00e9veloppement de l&rsquo;enfant, \u00e0 une p\u00e9riode d&rsquo;explosion lexicale. C&rsquo;est donc le moment id\u00e9al qu&rsquo;il faut mettre \u00e0 profit pour aider tous les enfants \u00e0 \u00e9largir leur capital lexical, leur vocabulaire.\u00a0\u00bb&nbsp; &nbsp; &nbsp; Guide pour enseigner le vocabulaire \u00e0 l&rsquo;\u00e9cole maternelle, MENJ \u00ab\u00a0Une solide conscience phonologique, la connaissance &hellip; <\/p>\n<p><a class=\"more-link btn\" href=\"https:\/\/site.ac-martinique.fr\/pole-maternelle\/deux-guides-pour-les-apprentissages-a-lecole-maternelle\/\">Lire la suite<\/a><\/p>\n\t\t\t\t<\/div>\n\n\t\t\t\t\n\t\t\t<\/div>\n\n\t\t\t\t\t\n\t\t\t\n\t\t\t<div id=\"su-post-928\" class=\"su-post \">\n\n\t\t\t\t\n\t\t\t\t<h2 class=\"su-post-title\"><a href=\"https:\/\/site.ac-martinique.fr\/pole-maternelle\/les-ecoles-ont-ecrit-leurs-murs\/\">Cette semaine, les \u00e9coles ont \u00ab\u00a0\u00e9crit\u00a0\u00bb leurs murs<\/a><\/h2>\n\n\t\t\t\t<div class=\"su-post-meta\">\n\t\t\t\t\tPubli\u00e9: 30 avril 2018\t\t\t\t<\/div>\n\n\t\t\t\t<div class=\"su-post-excerpt\">\n\t\t\t\t\t<p>Sous l&rsquo;impulsion du projet acad\u00e9mique \u00ab\u00a0Mots et Merveilles\u00a0\u00bb nous avons pu lire \u00ab\u00a0Les murs de l&rsquo;\u00e9crit \u00a0\u00bb \u00e0 l&rsquo;\u00e9cole Mannikou de&nbsp; Rivi\u00e8re-Pilote. Un th\u00e9me qui a su&nbsp;inspirer tous les \u00e9l\u00e8ves de l&rsquo;\u00e9cole et leurs enseignants, quelque soit leur \u00e2ge. Cliquez ici pour voir la suite !<\/p>\n\t\t\t\t<\/div>\n\n\t\t\t\t\n\t\t\t<\/div>\n\n\t\t\t\t\t\n\t\t\t\n\t\t\t<div id=\"su-post-856\" class=\"su-post \">\n\n\t\t\t\t\t\t\t\t\t<a class=\"su-post-thumbnail\" href=\"https:\/\/site.ac-martinique.fr\/pole-maternelle\/produire-des-ecrits-a-la-maternelle-le-dico-en-section-de-grands\/\"><img loading=\"lazy\" decoding=\"async\" width=\"313\" height=\"250\" src=\"https:\/\/site.ac-martinique.fr\/pole-maternelle\/wp-content\/uploads\/sites\/27\/2018\/04\/dico-361x288.jpg\" class=\"attachment-post-thumbnail size-post-thumbnail wp-post-image\" alt=\"\" \/><\/a>\n\t\t\t\t\n\t\t\t\t<h2 class=\"su-post-title\"><a href=\"https:\/\/site.ac-martinique.fr\/pole-maternelle\/produire-des-ecrits-a-la-maternelle-le-dico-en-section-de-grands\/\">Produire des \u00e9crits \u00e0 la maternelle : Le DICO en section de grands<\/a><\/h2>\n\n\t\t\t\t<div class=\"su-post-meta\">\n\t\t\t\t\tPubli\u00e9: 16 avril 2018\t\t\t\t<\/div>\n\n\t\t\t\t<div class=\"su-post-excerpt\">\n\t\t\t\t\t<p>De l\u2019imagier de la classe au dictionnaire \u2026 La dict\u00e9e \u00e0 l&rsquo;adulte s&rsquo;av\u00e8re un dispositif tr\u00e8s op\u00e9rationnel pour amener les \u00e9l\u00e8ves \u00e0 produire du langage \u00e9crit et ce faisant en d\u00e9couvrir ses fonctions et son fonctionnement. Une enseignante de la maternelle partage avec nous son projet d&rsquo;\u00e9criture d&rsquo;un&nbsp;\u00ab\u00a0DICO\u00a0\u00bb avec ses \u00e9l\u00e8ves de section de grands. &hellip; <\/p>\n<p><a class=\"more-link btn\" href=\"https:\/\/site.ac-martinique.fr\/pole-maternelle\/produire-des-ecrits-a-la-maternelle-le-dico-en-section-de-grands\/\">Lire la suite<\/a><\/p>\n\t\t\t\t<\/div>\n\n\t\t\t\t\n\t\t\t<\/div>\n\n\t\t\t\t\t\n\t\t\t\n\t\t\t<div id=\"su-post-797\" class=\"su-post \">\n\n\t\t\t\t\t\t\t\t\t<a class=\"su-post-thumbnail\" href=\"https:\/\/site.ac-martinique.fr\/pole-maternelle\/apprendre-a-comprendre-et-lire-des-albums-de-jeunesse\/\"><img loading=\"lazy\" decoding=\"async\" width=\"354\" height=\"250\" src=\"https:\/\/site.ac-martinique.fr\/pole-maternelle\/wp-content\/uploads\/sites\/27\/2018\/03\/photo-joole-408x288.png\" class=\"attachment-post-thumbnail size-post-thumbnail wp-post-image\" alt=\"\" \/><\/a>\n\t\t\t\t\n\t\t\t\t<h2 class=\"su-post-title\"><a href=\"https:\/\/site.ac-martinique.fr\/pole-maternelle\/apprendre-a-comprendre-et-lire-des-albums-de-jeunesse\/\">Apprendre \u00e0 comprendre et lire des albums de jeunesse<\/a><\/h2>\n\n\t\t\t\t<div class=\"su-post-meta\">\n\t\t\t\t\tPubli\u00e9: 1 mars 2018\t\t\t\t<\/div>\n\n\t\t\t\t<div class=\"su-post-excerpt\">\n\t\t\t\t\t<p>Du 20 au 25 novembre, Patrick JOOLE, professeur de lettres, formateur \u00e0 l&rsquo;ESPE de Versailles a donn\u00e9 une s\u00e9rie de conf\u00e9rences d\u00e9di\u00e9es la didactique de la litt\u00e9rature \u00e0 l\u2019\u00e9cole, se donnant pour objectif de mieux cerner les avanc\u00e9es de la r\u00e9flexion sur la compr\u00e9hension de l\u2019\u00e9crit dans les recherches internationales, et surtout de porter des &hellip; <\/p>\n<p><a class=\"more-link btn\" href=\"https:\/\/site.ac-martinique.fr\/pole-maternelle\/apprendre-a-comprendre-et-lire-des-albums-de-jeunesse\/\">Lire la suite<\/a><\/p>\n\t\t\t\t<\/div>\n\n\t\t\t\t\n\t\t\t<\/div>\n\n\t\t\t\t\t\n\t\t\t\n\t\t\t<div id=\"su-post-188\" class=\"su-post \">\n\n\t\t\t\t\t\t\t\t\t<a class=\"su-post-thumbnail\" href=\"https:\/\/site.ac-martinique.fr\/pole-maternelle\/marie-therese-zerbato-poudou-en-conference\/\"><img loading=\"lazy\" decoding=\"async\" width=\"387\" height=\"250\" src=\"https:\/\/site.ac-martinique.fr\/pole-maternelle\/wp-content\/uploads\/sites\/27\/2021\/09\/Zerbato-446x288.png\" class=\"attachment-post-thumbnail size-post-thumbnail wp-post-image\" alt=\"\" \/><\/a>\n\t\t\t\t\n\t\t\t\t<h2 class=\"su-post-title\"><a href=\"https:\/\/site.ac-martinique.fr\/pole-maternelle\/marie-therese-zerbato-poudou-en-conference\/\">Marie-Th\u00e9r\u00e8se ZERBATO-POUDOU en conf\u00e9rence<\/a><\/h2>\n\n\t\t\t\t<div class=\"su-post-meta\">\n\t\t\t\t\tPubli\u00e9: 17 janvier 2017\t\t\t\t<\/div>\n\n\t\t\t\t<div class=\"su-post-excerpt\">\n\t\t\t\t\t<p>Au mois de novembre dernier, nous avons eu la chance d&rsquo;accueillir Mme Zerbato-Poudou Marie-Th\u00e9r\u00e8se qui nous a offert une semaine de partage p\u00e9dagogique et didactique autour des r\u00e9sultats de ses recherches concernant le graphisme et l&rsquo;\u00e9criture. Le diaporama suivant est le fruit de la r\u00e9flexion de Marie-Th\u00e9r\u00e8se Zerbato-Poudou sur l&rsquo;enseignement de l&rsquo;\u00e9criture dans le programme &hellip; <\/p>\n<p><a class=\"more-link btn\" href=\"https:\/\/site.ac-martinique.fr\/pole-maternelle\/marie-therese-zerbato-poudou-en-conference\/\">Lire la suite<\/a><\/p>\n\t\t\t\t<\/div>\n\n\t\t\t\t\n\t\t\t<\/div>\n\n\t\t\n\t\n<\/div>\n\n","protected":false},"excerpt":{"rendered":"<p>Le programme de 2015 \u00e9nonce clairement un parti pris, renforc\u00e9 par les programmes consolid\u00e9s de 2021; celui de commencer par l&rsquo;\u00e9criture. Voici un extrait de la conf\u00e9rence de Mme Viviane BOUYSSE, qui explique pourquoi. Vous retrouverez ci-dessous tous les articles et documents relatifs \u00e0 l&rsquo;enseignement de l&rsquo;\u00e9crit \u00e0 l&rsquo;\u00e9cole maternelle pr\u00e9sents sur notre site:<\/p>\n","protected":false},"author":86,"featured_media":0,"parent":0,"menu_order":0,"comment_status":"closed","ping_status":"closed","template":"","meta":{"footnotes":""},"class_list":["post-271","page","type-page","status-publish","hentry","item-wrap"],"_links":{"self":[{"href":"https:\/\/site.ac-martinique.fr\/pole-maternelle\/wp-json\/wp\/v2\/pages\/271","targetHints":{"allow":["GET"]}}],"collection":[{"href":"https:\/\/site.ac-martinique.fr\/pole-maternelle\/wp-json\/wp\/v2\/pages"}],"about":[{"href":"https:\/\/site.ac-martinique.fr\/pole-maternelle\/wp-json\/wp\/v2\/types\/page"}],"author":[{"embeddable":true,"href":"https:\/\/site.ac-martinique.fr\/pole-maternelle\/wp-json\/wp\/v2\/users\/86"}],"replies":[{"embeddable":true,"href":"https:\/\/site.ac-martinique.fr\/pole-maternelle\/wp-json\/wp\/v2\/comments?post=271"}],"version-history":[{"count":16,"href":"https:\/\/site.ac-martinique.fr\/pole-maternelle\/wp-json\/wp\/v2\/pages\/271\/revisions"}],"predecessor-version":[{"id":1523,"href":"https:\/\/site.ac-martinique.fr\/pole-maternelle\/wp-json\/wp\/v2\/pages\/271\/revisions\/1523"}],"wp:attachment":[{"href":"https:\/\/site.ac-martinique.fr\/pole-maternelle\/wp-json\/wp\/v2\/media?parent=271"}],"curies":[{"name":"wp","href":"https:\/\/api.w.org\/{rel}","templated":true}]}}