{"id":284,"date":"2017-01-24T22:58:56","date_gmt":"2017-01-24T21:58:56","guid":{"rendered":"\/pole-maternelle\/?page_id=284"},"modified":"2017-01-24T22:58:56","modified_gmt":"2017-01-24T21:58:56","slug":"la-comprehension","status":"publish","type":"page","link":"https:\/\/site.ac-martinique.fr\/pole-maternelle\/la-comprehension\/","title":{"rendered":"La compr\u00e9hension"},"content":{"rendered":"<p>Le module \u00ab\u00a0compr\u00e9hension\u00a0orale\u00a0\u00bb est central dans les activit\u00e9s du programme. Dans la perspective d\u2019accompagner le d\u00e9veloppement cognitif, il fait le lien entre l\u2019apprentissage du vocabulaire et de la syntaxe, et l\u2019entrainement et le d\u00e9veloppement des capacit\u00e9s de raisonnement.<\/p>\n<p><b>Par la mise en \u0153uvre de ses contenus et ses d\u00e9marches, l\u2019enjeu est d\u2019amener des pratiques et une conception renouvel\u00e9es de l\u2019enseignement de la compr\u00e9hension.<\/b><\/p>\n<p>Il s&rsquo;agit de concevoir et mettre en place une s\u00e9rie d&rsquo;activit\u00e9s cherchant \u00e0 enseigner de mani\u00e8re syst\u00e9matique des proc\u00e9dures destin\u00e9es \u00e0 pr\u00e9venir les difficult\u00e9s de compr\u00e9hension des textes :<\/p>\n<ul>\n<li>\u00a0\u00a0\u00a0\u00a0\u00a0 <b>Exercice du contr\u00f4le de la compr\u00e9hension<\/b>\u00a0: rep\u00e9rer des anomalies et des incoh\u00e9rences dans des situations repr\u00e9sent\u00e9es puis dans de courts textes\u00a0;<\/li>\n<\/ul>\n<ul>\n<li>\u00a0\u00a0\u00a0\u00a0\u00a0 <b>R\u00e9alisation d&rsquo;inf\u00e9rences<\/b>\u00a0: s\u2019entrainer \u00e0 la d\u00e9duction d\u2019informations\u00a0;<\/li>\n<\/ul>\n<ul>\n<li>\u00a0\u00a0\u00a0\u00a0\u00a0 <b>Compr\u00e9hension de relations<\/b> <b>causales<\/b>\u00a0: adopter une conduite explicative.<\/li>\n<\/ul>\n<p>Les enfants d\u00e9veloppent ces proc\u00e9dures au cours <b><span style=\"text-decoration: underline;\">des interactions quotidiennes avec leurs enseignants<\/span>, et avec leurs pairs<\/b>. Elles sont au centre du processus.<\/p>\n<p><a href=\"\/pole-maternelle\/?attachment_id=285\" rel=\"attachment wp-att-285\">La compre\u0301hension<\/a><\/p>\n","protected":false},"excerpt":{"rendered":"<p>Le module \u00ab\u00a0compr\u00e9hension\u00a0orale\u00a0\u00bb est central dans les activit\u00e9s du programme. Dans la perspective d\u2019accompagner le d\u00e9veloppement cognitif, il fait le lien entre l\u2019apprentissage du vocabulaire et de la syntaxe, et l\u2019entrainement et le d\u00e9veloppement des capacit\u00e9s de raisonnement. Par la mise en \u0153uvre de ses contenus et ses d\u00e9marches, l\u2019enjeu est d\u2019amener des pratiques et &hellip; <\/p>\n<p><a class=\"more-link btn\" href=\"https:\/\/site.ac-martinique.fr\/pole-maternelle\/la-comprehension\/\">Lire la suite<\/a><\/p>\n","protected":false},"author":86,"featured_media":0,"parent":0,"menu_order":0,"comment_status":"closed","ping_status":"closed","template":"","meta":{"footnotes":""},"class_list":["post-284","page","type-page","status-publish","hentry","nodate","item-wrap"],"_links":{"self":[{"href":"https:\/\/site.ac-martinique.fr\/pole-maternelle\/wp-json\/wp\/v2\/pages\/284","targetHints":{"allow":["GET"]}}],"collection":[{"href":"https:\/\/site.ac-martinique.fr\/pole-maternelle\/wp-json\/wp\/v2\/pages"}],"about":[{"href":"https:\/\/site.ac-martinique.fr\/pole-maternelle\/wp-json\/wp\/v2\/types\/page"}],"author":[{"embeddable":true,"href":"https:\/\/site.ac-martinique.fr\/pole-maternelle\/wp-json\/wp\/v2\/users\/86"}],"replies":[{"embeddable":true,"href":"https:\/\/site.ac-martinique.fr\/pole-maternelle\/wp-json\/wp\/v2\/comments?post=284"}],"version-history":[{"count":1,"href":"https:\/\/site.ac-martinique.fr\/pole-maternelle\/wp-json\/wp\/v2\/pages\/284\/revisions"}],"predecessor-version":[{"id":287,"href":"https:\/\/site.ac-martinique.fr\/pole-maternelle\/wp-json\/wp\/v2\/pages\/284\/revisions\/287"}],"wp:attachment":[{"href":"https:\/\/site.ac-martinique.fr\/pole-maternelle\/wp-json\/wp\/v2\/media?parent=284"}],"curies":[{"name":"wp","href":"https:\/\/api.w.org\/{rel}","templated":true}]}}