{"id":288,"date":"2017-01-25T13:06:26","date_gmt":"2017-01-25T12:06:26","guid":{"rendered":"\/pole-maternelle\/?page_id=288"},"modified":"2017-03-31T16:46:38","modified_gmt":"2017-03-31T15:46:38","slug":"le-carnet-de-suivi-des-apprentissages","status":"publish","type":"page","link":"https:\/\/site.ac-martinique.fr\/pole-maternelle\/le-carnet-de-suivi-des-apprentissages\/","title":{"rendered":"Le carnet de suivi des apprentissages"},"content":{"rendered":"<p>Les livrets d\u2019\u00e9valuation \u00ab traditionnels \u00bb laissent la place \u00e0 un <strong>carnet de suivi<\/strong> \u00e0 construire en \u00e9quipe dans les \u00e9coles (carnet qui peut prendre plusieurs formes: cahier de r\u00e9ussites ou autres). Il n&rsquo;est pas souhaitable que cet outil soit r\u00e9alis\u00e9 par les circonscriptions dans la mesure o\u00f9 il perdrait son caract\u00e8re premier: celui de suivre au plus pr\u00e8s les progr\u00e8s et r\u00e9ussites de chaque enfant. Cela implique\u00a0que chaque enseignant s&#8217;empare des <a href=\"http:\/\/eduscol.education.fr\/cid97131\/suivi-et-evaluation-a-l-ecole-maternelle.html\">\u00ab\u00a0observables\u00a0\u00bb<\/a>\u00a0appel\u00e9s aussi indicateurs de progr\u00e8s, pour voir progresser l&rsquo;\u00e9l\u00e8ve et en rendre compte avec lui dans son carnet de suivi. Cette d\u00e9marche requiert donc que chacun r\u00e9fl\u00e9chisse au regard qu&rsquo;il portera sur l&rsquo;enfant. Mme BOUYSSE d\u00e9finit dans les extraits ci-dessous ce qu&rsquo;est la bienveillance et commet r\u00e9aliser le carnet de suivi.<\/p>\n<p>&nbsp;<\/p>\n<p><strong>L&rsquo;\u00e9valuation positive<\/strong> pr\u00e9sent\u00e9e par Mme Viviane BOUYSSE, Inspectrice G\u00e9n\u00e9rale de l&rsquo;Education nationale, extrait de la conf\u00e9rence organis\u00e9e \u00e0 l&rsquo;initiative des inspecteurs de l&rsquo;\u00e9ducation nationale des circonscriptions de Boulogne 1 et 2, Marquise et Etaples, sous la pr\u00e9sidence de monsieur Jean-Yves BESSOL, DASEN du Pas-de-Calais, conf\u00e9rence de Madame Viviane BOUYSSE, Inspectrice g\u00e9n\u00e9rale de l&rsquo;Education nationale : Les nouveaux programmes pour l&rsquo;\u00e9cole maternelle &#8211; Quels enjeux ? Quelles \u00e9volutions ?<br \/>\n\u00c0 SAMER (Pas-de-Calais), le 3 octobre 2015 &#8211; Captation et montage vid\u00e9o : Atelier CANOP\u00c9 &#8211; site d&rsquo;Arras &#8211;<\/p>\n<div style=\"width: 640px;\" class=\"wp-video\"><video class=\"wp-video-shortcode\" id=\"video-288-1\" width=\"640\" height=\"480\" preload=\"metadata\" controls=\"controls\"><source type=\"video\/mp4\" src=\"\/pole-maternelle\/wp-content\/uploads\/sites\/27\/2017\/01\/e\u0301valuation-positive-bouysse.mp4?_=1\" \/><a href=\"\/pole-maternelle\/wp-content\/uploads\/sites\/27\/2017\/01\/e\u0301valuation-positive-bouysse.mp4\">\/pole-maternelle\/wp-content\/uploads\/sites\/27\/2017\/01\/e\u0301valuation-positive-bouysse.mp4<\/a><\/video><\/div>\n<p>&nbsp;<\/p>\n<p><strong>Le carnet de suivi<\/strong> pr\u00e9sent\u00e9 par Mme Viviane BOUYSSE,Extrait d&rsquo;une conf\u00e9rence donn\u00e9e par Mme Viviane BOUYSSE \u00e0 Nimes le 25 novembre 2015<\/p>\n<div style=\"width: 750px;\" class=\"wp-video\"><video class=\"wp-video-shortcode\" id=\"video-288-2\" width=\"750\" height=\"422\" preload=\"metadata\" controls=\"controls\"><source type=\"video\/mp4\" src=\"\/pole-maternelle\/wp-content\/uploads\/sites\/27\/2017\/01\/ce-ke-le-carnet-de-suivi-pourrait-e\u0302tre-bouysse.mp4?_=2\" \/><a href=\"\/pole-maternelle\/wp-content\/uploads\/sites\/27\/2017\/01\/ce-ke-le-carnet-de-suivi-pourrait-e\u0302tre-bouysse.mp4\">\/pole-maternelle\/wp-content\/uploads\/sites\/27\/2017\/01\/ce-ke-le-carnet-de-suivi-pourrait-e\u0302tre-bouysse.mp4<\/a><\/video><\/div>\n<p style=\"text-align: center;\">&#8212;&#8212;&#8212;&#8212;&#8211; &#8212;&#8212;&#8212;&#8212;&#8211; &#8212;&#8212;&#8212;&#8212;&#8212;<\/p>\n<div class=\"page\" title=\"Page 2\">\n<div class=\"layoutArea\">\n<div class=\"column\">\n<p><em>\u00ab\u00a0Chaque enseignant s\u2019attache a\u0300 mettre en valeur, au-dela\u0300 du re\u0301sultat obtenu, le cheminement de l\u2019enfant et les progre\u0300s qu\u2019il fait par rapport a\u0300 lui- me\u0302me. Il permet a\u0300 chacun d\u2019identifier ses re\u0301ussites, d\u2019en garder des traces, de percevoir leur e\u0301volution.[&#8230;] Adapte\u0301e aux spe\u0301cificite\u0301s de l\u2019e\u0301cole maternelle, l\u2019e\u0301valuation est mise en \u0153uvre selon des modalite\u0301s de\u0301finies au sein de l\u2019e\u0301cole.\u00a0\u00bb<\/em><\/p>\n<p><strong><em>Programme 2015 BO spe\u0301cial n\u00b02 du 26 mars 2015<\/em><\/strong><\/p>\n<\/div>\n<\/div>\n<\/div>\n<p>Vous trouverez dans ce diaporama des \u00e9l\u00e9ments concernant l&rsquo;\u00e9valuation positive, le carnet de suivi des apprentissages et la fiche de synth\u00e8se.<\/p>\n<p><a href=\"\/pole-maternelle\/?attachment_id=550\" rel=\"attachment wp-att-550\">\u00e9val positive et carnet de suivi 2016 site pole maternelle<\/a><\/p>\n<hr \/>\n<p>&nbsp;<\/p>\n<p style=\"text-align: left;\">En cliquant sur la carte mentale ci-dessous vous acc\u00e9derez aux indicateurs de progr\u00e8s disponibles \u00e9galement sur le site eduscol: http:\/\/eduscol.education.fr\/cid97131\/suivi-et-evaluation-a-l-ecole-maternelle.html<\/p>\n<p><a href=\"http:\/\/eduscol.education.fr\/cid97131\/suivi-et-evaluation-a-l-ecole-maternelle.html\" rel=\"attachment wp-att-296\"><img loading=\"lazy\" decoding=\"async\" class=\"alignnone size-medium wp-image-296\" src=\"\/pole-maternelle\/wp-content\/uploads\/sites\/27\/2017\/01\/observables-indicateurs-de-progre\u0300s-300x228.jpg\" alt=\"\" width=\"300\" height=\"228\" srcset=\"https:\/\/site.ac-martinique.fr\/pole-maternelle\/wp-content\/uploads\/sites\/27\/2017\/01\/observables-indicateurs-de-progre\u0300s-300x228.jpg 300w, https:\/\/site.ac-martinique.fr\/pole-maternelle\/wp-content\/uploads\/sites\/27\/2017\/01\/observables-indicateurs-de-progre\u0300s-395x300.jpg 395w, https:\/\/site.ac-martinique.fr\/pole-maternelle\/wp-content\/uploads\/sites\/27\/2017\/01\/observables-indicateurs-de-progre\u0300s.jpg 711w\" sizes=\"auto, (max-width: 300px) 100vw, 300px\" \/><\/a><\/p>\n<p style=\"text-align: center;\">&#8212;&#8212;&#8212;&#8212;&#8211; &#8212;&#8212;&#8212;&#8212;&#8211; &#8212;&#8212;&#8212;&#8212;&#8212;<\/p>\n<p>Voici un guide pour rassurer et accompagner les \u00e9quipes au sein des \u00e9coles pour la conception et la mise en \u0153uvre du carnet de suivi des apprentissages.<\/p>\n<p><strong><a href=\"\/pole-maternelle\/?attachment_id=545\" rel=\"attachment wp-att-545\">Guide pour concevoir le carnet de suivi 972<\/a>\/77<\/strong><\/p>\n<p>Isabelle DEBREUVE<\/p>\n","protected":false},"excerpt":{"rendered":"<p>Les livrets d\u2019\u00e9valuation \u00ab traditionnels \u00bb laissent la place \u00e0 un carnet de suivi \u00e0 construire en \u00e9quipe dans les \u00e9coles (carnet qui peut prendre plusieurs formes: cahier de r\u00e9ussites ou autres). Il n&rsquo;est pas souhaitable que cet outil soit r\u00e9alis\u00e9 par les circonscriptions dans la mesure o\u00f9 il perdrait son caract\u00e8re premier: celui de &hellip; <\/p>\n<p><a class=\"more-link btn\" href=\"https:\/\/site.ac-martinique.fr\/pole-maternelle\/le-carnet-de-suivi-des-apprentissages\/\">Lire la suite<\/a><\/p>\n","protected":false},"author":86,"featured_media":0,"parent":0,"menu_order":0,"comment_status":"closed","ping_status":"closed","template":"","meta":{"footnotes":""},"class_list":["post-288","page","type-page","status-publish","hentry","nodate","item-wrap"],"_links":{"self":[{"href":"https:\/\/site.ac-martinique.fr\/pole-maternelle\/wp-json\/wp\/v2\/pages\/288","targetHints":{"allow":["GET"]}}],"collection":[{"href":"https:\/\/site.ac-martinique.fr\/pole-maternelle\/wp-json\/wp\/v2\/pages"}],"about":[{"href":"https:\/\/site.ac-martinique.fr\/pole-maternelle\/wp-json\/wp\/v2\/types\/page"}],"author":[{"embeddable":true,"href":"https:\/\/site.ac-martinique.fr\/pole-maternelle\/wp-json\/wp\/v2\/users\/86"}],"replies":[{"embeddable":true,"href":"https:\/\/site.ac-martinique.fr\/pole-maternelle\/wp-json\/wp\/v2\/comments?post=288"}],"version-history":[{"count":7,"href":"https:\/\/site.ac-martinique.fr\/pole-maternelle\/wp-json\/wp\/v2\/pages\/288\/revisions"}],"predecessor-version":[{"id":552,"href":"https:\/\/site.ac-martinique.fr\/pole-maternelle\/wp-json\/wp\/v2\/pages\/288\/revisions\/552"}],"wp:attachment":[{"href":"https:\/\/site.ac-martinique.fr\/pole-maternelle\/wp-json\/wp\/v2\/media?parent=288"}],"curies":[{"name":"wp","href":"https:\/\/api.w.org\/{rel}","templated":true}]}}