{"id":298,"date":"2017-01-25T13:37:44","date_gmt":"2017-01-25T12:37:44","guid":{"rendered":"\/pole-maternelle\/?page_id=298"},"modified":"2017-03-31T16:37:20","modified_gmt":"2017-03-31T15:37:20","slug":"le-diaporama-des-animations-autour-de-levaluation-refondee","status":"publish","type":"page","link":"https:\/\/site.ac-martinique.fr\/pole-maternelle\/le-diaporama-des-animations-autour-de-levaluation-refondee\/","title":{"rendered":"Le diaporama des animations autour de l&rsquo;\u00e9valuation refond\u00e9e"},"content":{"rendered":"<div class=\"page\" title=\"Page 2\">\n<div class=\"layoutArea\">\n<div class=\"column\">\n<p><em>\u00ab\u00a0Chaque enseignant s\u2019attache a\u0300 mettre en valeur, au-dela\u0300 du re\u0301sultat obtenu, le cheminement de l\u2019enfant et les progre\u0300s qu\u2019il fait par rapport a\u0300 lui- me\u0302me. Il permet a\u0300 chacun d\u2019identifier ses re\u0301ussites, d\u2019en garder des traces, de percevoir leur e\u0301volution.[&#8230;] Adapte\u0301e aux spe\u0301cificite\u0301s de l\u2019e\u0301cole maternelle, l\u2019e\u0301valuation est mise en \u0153uvre selon des modalite\u0301s de\u0301finies au sein de l\u2019e\u0301cole.\u00a0\u00bb<\/em><\/p>\n<p><strong><em>Programme 2015 BO spe\u0301cial n\u00b02 du 26 mars 2015<\/em><\/strong><\/p>\n<\/div>\n<\/div>\n<\/div>\n<p>&nbsp;<\/p>\n<p>Vous trouverez dans ce diaporama des \u00e9l\u00e9ments concernant l&rsquo;\u00e9valuation positive, le carnet de suivi des apprentissages et la fiche de synth\u00e8se.<\/p>\n<p><a href=\"\/pole-maternelle\/?attachment_id=550\" rel=\"attachment wp-att-550\">\u00e9val positive et carnet de suivi 2016 site pole maternelle<\/a><\/p>\n<p>&nbsp;<\/p>\n","protected":false},"excerpt":{"rendered":"<p>\u00ab\u00a0Chaque enseignant s\u2019attache a\u0300 mettre en valeur, au-dela\u0300 du re\u0301sultat obtenu, le cheminement de l\u2019enfant et les progre\u0300s qu\u2019il fait par rapport a\u0300 lui- me\u0302me. Il permet a\u0300 chacun d\u2019identifier ses re\u0301ussites, d\u2019en garder des traces, de percevoir leur e\u0301volution.[&#8230;] Adapte\u0301e aux spe\u0301cificite\u0301s de l\u2019e\u0301cole maternelle, l\u2019e\u0301valuation est mise en \u0153uvre selon des modalite\u0301s de\u0301finies &hellip; <\/p>\n<p><a class=\"more-link btn\" href=\"https:\/\/site.ac-martinique.fr\/pole-maternelle\/le-diaporama-des-animations-autour-de-levaluation-refondee\/\">Lire la suite<\/a><\/p>\n","protected":false},"author":86,"featured_media":0,"parent":0,"menu_order":0,"comment_status":"closed","ping_status":"closed","template":"","meta":{"footnotes":""},"class_list":["post-298","page","type-page","status-publish","hentry","nodate","item-wrap"],"_links":{"self":[{"href":"https:\/\/site.ac-martinique.fr\/pole-maternelle\/wp-json\/wp\/v2\/pages\/298","targetHints":{"allow":["GET"]}}],"collection":[{"href":"https:\/\/site.ac-martinique.fr\/pole-maternelle\/wp-json\/wp\/v2\/pages"}],"about":[{"href":"https:\/\/site.ac-martinique.fr\/pole-maternelle\/wp-json\/wp\/v2\/types\/page"}],"author":[{"embeddable":true,"href":"https:\/\/site.ac-martinique.fr\/pole-maternelle\/wp-json\/wp\/v2\/users\/86"}],"replies":[{"embeddable":true,"href":"https:\/\/site.ac-martinique.fr\/pole-maternelle\/wp-json\/wp\/v2\/comments?post=298"}],"version-history":[{"count":5,"href":"https:\/\/site.ac-martinique.fr\/pole-maternelle\/wp-json\/wp\/v2\/pages\/298\/revisions"}],"predecessor-version":[{"id":551,"href":"https:\/\/site.ac-martinique.fr\/pole-maternelle\/wp-json\/wp\/v2\/pages\/298\/revisions\/551"}],"wp:attachment":[{"href":"https:\/\/site.ac-martinique.fr\/pole-maternelle\/wp-json\/wp\/v2\/media?parent=298"}],"curies":[{"name":"wp","href":"https:\/\/api.w.org\/{rel}","templated":true}]}}