{"id":533,"date":"2017-03-23T20:49:24","date_gmt":"2017-03-23T19:49:24","guid":{"rendered":"\/pole-maternelle\/?page_id=533"},"modified":"2017-04-05T21:55:46","modified_gmt":"2017-04-05T20:55:46","slug":"les-journees-de-la-maternelle","status":"publish","type":"page","link":"https:\/\/site.ac-martinique.fr\/pole-maternelle\/les-journees-de-la-maternelle\/","title":{"rendered":"Les journ\u00e9es de la maternelle"},"content":{"rendered":"<hr \/>\n<p>Dans le cadre des journ\u00e9es de la maternelle,<strong> le ludobus de Schoelcher<\/strong> proposera le lundi 24 avril 2017 ainsi que le jeudi 26 avril 2017 son intervention dans deux \u00e9coles de Schoelcher: les \u00e9coles maternelles de l&rsquo;Anse Madame et de Fond Lahaye. Merci \u00e0 la ville de Schoelcher pour sa collaboration.<\/p>\n<p style=\"text-align: center;\"><a href=\"\/pole-maternelle\/?attachment_id=563\" rel=\"attachment wp-att-563\"><img loading=\"lazy\" decoding=\"async\" class=\"wp-image-563 aligncenter\" src=\"\/pole-maternelle\/wp-content\/uploads\/sites\/27\/2017\/03\/Ludobus.jpg\" alt=\"\" width=\"325\" height=\"211\" \/><\/a>&#8212;&#8212;&#8212;&#8212;&#8212;&#8212;&#8212;&#8212;&#8212;&#8212;&#8212;&#8212;&#8212;&#8212;&#8212;&#8212;&#8212;&#8212;&#8212;&#8212;&#8212;&#8212;&#8212;&#8212;&#8212;&#8212;&#8212;&#8212;&#8212;&#8212;&#8212;&#8212;&#8212;<\/p>\n<p style=\"text-align: left;\">Au coeur de la commune de Saint-Pierre, se trouve un petit paradis du jeu. Vous y trouverez des jeux symboliques, des jeux \u00e0 r\u00e8gles, des jeux num\u00e9riques, des jeux moteurs&#8230; Cet espace est \u00e0 disposition des \u00e9coles et des familles&#8230;<\/p>\n<p><a href=\"\/pole-maternelle\/?attachment_id=524\" rel=\"attachment wp-att-524\"><img loading=\"lazy\" decoding=\"async\" class=\" wp-image-524 aligncenter\" src=\"\/pole-maternelle\/wp-content\/uploads\/sites\/27\/2017\/03\/image-ludo-st-pierre-300x120.jpg\" alt=\"\" width=\"393\" height=\"165\" \/><\/a><\/p>\n<p><a href=\"\/pole-maternelle\/?attachment_id=525\" rel=\"attachment wp-att-525\"><img loading=\"lazy\" decoding=\"async\" class=\"wp-image-525 aligncenter\" src=\"\/pole-maternelle\/wp-content\/uploads\/sites\/27\/2017\/03\/ludo-st-pierre-adresse-300x244.jpg\" alt=\"\" width=\"206\" height=\"170\" \/><\/a><strong>Dans le cadre de la semaine de la maternelle<\/strong> nous vous proposons de le d\u00e9couvrir en famille ou avec vos \u00e9l\u00e8ves. N&rsquo;h\u00e9sitez-pas \u00e0 les contacter!<\/p>\n<p>Vous trouverez plus de d\u00e9tails concernant les horaires et les tarifs ici:\u00a0<a href=\"\/pole-maternelle\/?attachment_id=526\" rel=\"attachment wp-att-526\">ludo st pierre<\/a><\/p>\n<p>Bonne visite!<\/p>\n<div id=\"metaslider-id-410\" style=\"max-width: 600px;\" class=\"ml-slider-3-108-0 metaslider metaslider-flex metaslider-410 ml-slider ms-theme-default nav-hidden\" role=\"region\" aria-label=\"ludoth\u00e8que ST PIERRE\" data-height=\"400\" data-width=\"600\">\n    <div id=\"metaslider_container_410\">\n        <div id=\"metaslider_410\">\n            <ul class='slides'>\n                <li style=\"display: block; width: 100%;\" class=\"slide-504 ms-image \" aria-roledescription=\"slide\" data-date=\"2017-03-23 19:43:46\" data-filename=\"IMG_0421-600x400.jpg\" data-slide-type=\"image\"><img loading=\"lazy\" decoding=\"async\" src=\"https:\/\/site.ac-martinique.fr\/pole-maternelle\/wp-content\/uploads\/sites\/27\/2017\/03\/IMG_0421-600x400.jpg\" height=\"400\" width=\"600\" alt=\"\" class=\"slider-410 slide-504 msDefaultImage\" \/><div class=\"caption-wrap\"><div class=\"caption\">Au march\u00e9...<\/div><\/div><\/li>\n                <li style=\"display: none; width: 100%;\" class=\"slide-505 ms-image \" aria-roledescription=\"slide\" data-date=\"2017-03-23 19:44:53\" data-filename=\"IMG_0437-600x400.jpg\" data-slide-type=\"image\"><img loading=\"lazy\" decoding=\"async\" src=\"https:\/\/site.ac-martinique.fr\/pole-maternelle\/wp-content\/uploads\/sites\/27\/2017\/03\/IMG_0437-600x400.jpg\" height=\"400\" width=\"600\" alt=\"\" class=\"slider-410 slide-505 msDefaultImage\" \/><div class=\"caption-wrap\"><div class=\"caption\">Les jeux pour d\u00e9ambuler<\/div><\/div><\/li>\n                <li style=\"display: none; width: 100%;\" class=\"slide-506 ms-image \" aria-roledescription=\"slide\" data-date=\"2017-03-23 19:46:03\" data-filename=\"IMG_0438-600x400.jpg\" data-slide-type=\"image\"><img loading=\"lazy\" decoding=\"async\" src=\"https:\/\/site.ac-martinique.fr\/pole-maternelle\/wp-content\/uploads\/sites\/27\/2017\/03\/IMG_0438-600x400.jpg\" height=\"400\" width=\"600\" alt=\"\" class=\"slider-410 slide-506 msDefaultImage\" \/><div class=\"caption-wrap\"><div class=\"caption\">L'espace de jeux de soci\u00e9t\u00e9<\/div><\/div><\/li>\n                <li style=\"display: none; width: 100%;\" class=\"slide-507 ms-image \" aria-roledescription=\"slide\" data-date=\"2017-03-23 19:48:02\" data-filename=\"IMG_0440-600x400.jpg\" data-slide-type=\"image\"><img loading=\"lazy\" decoding=\"async\" src=\"https:\/\/site.ac-martinique.fr\/pole-maternelle\/wp-content\/uploads\/sites\/27\/2017\/03\/IMG_0440-600x400.jpg\" height=\"400\" width=\"600\" alt=\"\" class=\"slider-410 slide-507 msDefaultImage\" \/><div class=\"caption-wrap\"><div class=\"caption\">Jouer au postier...<\/div><\/div><\/li>\n                <li style=\"display: none; width: 100%;\" class=\"slide-508 ms-image \" aria-roledescription=\"slide\" data-date=\"2017-03-23 19:49:50\" data-filename=\"IMG_0419-600x400.jpg\" data-slide-type=\"image\"><img loading=\"lazy\" decoding=\"async\" src=\"https:\/\/site.ac-martinique.fr\/pole-maternelle\/wp-content\/uploads\/sites\/27\/2017\/03\/IMG_0419-600x400.jpg\" height=\"400\" width=\"600\" alt=\"\" class=\"slider-410 slide-508 msDefaultImage\" \/><div class=\"caption-wrap\"><div class=\"caption\">Se d\u00e9guiser...<\/div><\/div><\/li>\n                <li style=\"display: none; width: 100%;\" class=\"slide-509 ms-image \" aria-roledescription=\"slide\" data-date=\"2017-03-23 19:51:23\" data-filename=\"IMG_0433-600x400.jpg\" data-slide-type=\"image\"><img loading=\"lazy\" decoding=\"async\" src=\"https:\/\/site.ac-martinique.fr\/pole-maternelle\/wp-content\/uploads\/sites\/27\/2017\/03\/IMG_0433-600x400.jpg\" height=\"400\" width=\"600\" alt=\"\" class=\"slider-410 slide-509 msDefaultImage\" \/><div class=\"caption-wrap\"><div class=\"caption\">L'espace salon<\/div><\/div><\/li>\n                <li style=\"display: none; width: 100%;\" class=\"slide-511 ms-image \" aria-roledescription=\"slide\" data-date=\"2017-03-23 19:52:22\" data-filename=\"IMG_0418-600x400.jpg\" data-slide-type=\"image\"><img loading=\"lazy\" decoding=\"async\" src=\"https:\/\/site.ac-martinique.fr\/pole-maternelle\/wp-content\/uploads\/sites\/27\/2017\/03\/IMG_0418-600x400.jpg\" height=\"400\" width=\"600\" alt=\"\" class=\"slider-410 slide-511 msDefaultImage\" \/><div class=\"caption-wrap\"><div class=\"caption\">Les jeux de construction<\/div><\/div><\/li>\n            <\/ul>\n        <\/div>\n        \n    <\/div>\n<\/div>\n","protected":false},"excerpt":{"rendered":"<p>Dans le cadre des journ\u00e9es de la maternelle, le ludobus de Schoelcher proposera le lundi 24 avril 2017 ainsi que le jeudi 26 avril 2017 son intervention dans deux \u00e9coles de Schoelcher: les \u00e9coles maternelles de l&rsquo;Anse Madame et de Fond Lahaye. Merci \u00e0 la ville de Schoelcher pour sa collaboration. &#8212;&#8212;&#8212;&#8212;&#8212;&#8212;&#8212;&#8212;&#8212;&#8212;&#8212;&#8212;&#8212;&#8212;&#8212;&#8212;&#8212;&#8212;&#8212;&#8212;&#8212;&#8212;&#8212;&#8212;&#8212;&#8212;&#8212;&#8212;&#8212;&#8212;&#8212;&#8212;&#8212; Au coeur de &hellip; <\/p>\n<p><a class=\"more-link btn\" href=\"https:\/\/site.ac-martinique.fr\/pole-maternelle\/les-journees-de-la-maternelle\/\">Lire la suite<\/a><\/p>\n","protected":false},"author":86,"featured_media":0,"parent":0,"menu_order":0,"comment_status":"closed","ping_status":"closed","template":"","meta":{"footnotes":""},"class_list":["post-533","page","type-page","status-publish","hentry","nodate","item-wrap"],"_links":{"self":[{"href":"https:\/\/site.ac-martinique.fr\/pole-maternelle\/wp-json\/wp\/v2\/pages\/533","targetHints":{"allow":["GET"]}}],"collection":[{"href":"https:\/\/site.ac-martinique.fr\/pole-maternelle\/wp-json\/wp\/v2\/pages"}],"about":[{"href":"https:\/\/site.ac-martinique.fr\/pole-maternelle\/wp-json\/wp\/v2\/types\/page"}],"author":[{"embeddable":true,"href":"https:\/\/site.ac-martinique.fr\/pole-maternelle\/wp-json\/wp\/v2\/users\/86"}],"replies":[{"embeddable":true,"href":"https:\/\/site.ac-martinique.fr\/pole-maternelle\/wp-json\/wp\/v2\/comments?post=533"}],"version-history":[{"count":11,"href":"https:\/\/site.ac-martinique.fr\/pole-maternelle\/wp-json\/wp\/v2\/pages\/533\/revisions"}],"predecessor-version":[{"id":569,"href":"https:\/\/site.ac-martinique.fr\/pole-maternelle\/wp-json\/wp\/v2\/pages\/533\/revisions\/569"}],"wp:attachment":[{"href":"https:\/\/site.ac-martinique.fr\/pole-maternelle\/wp-json\/wp\/v2\/media?parent=533"}],"curies":[{"name":"wp","href":"https:\/\/api.w.org\/{rel}","templated":true}]}}