{"id":771,"date":"2018-02-05T16:28:08","date_gmt":"2018-02-05T15:28:08","guid":{"rendered":"\/pole-maternelle\/?page_id=771"},"modified":"2022-10-05T01:20:24","modified_gmt":"2022-10-05T00:20:24","slug":"boite-a-outils","status":"publish","type":"page","link":"https:\/\/site.ac-martinique.fr\/pole-maternelle\/boite-a-outils\/","title":{"rendered":"Autres ressources et outils \u00e0 t\u00e9l\u00e9charger"},"content":{"rendered":"\n<div class=\"wp-block-group alignfull extendify-offering-four eplus-NtjjBz\"><div class=\"wp-block-group__inner-container is-layout-flow wp-block-group-is-layout-flow\">\n<div class=\"wp-block-columns eplus-cA2KZY is-layout-flex wp-container-core-columns-is-layout-abceabcf wp-block-columns-is-layout-flex\">\n<div class=\"wp-block-column eplus-3X9L7Y is-layout-flow wp-block-column-is-layout-flow\">\n<h2 class=\"eplus-2MxOnd wp-block-heading\" id=\"vous-trouverez-ci-dessous-le-recapitulatif-de-tous-les-outils-et-ressources-produits-par-la-mission-maternelle-martinique-bonne-navigation\"><\/h2>\n<\/div>\n<\/div>\n\n\n\n<div class=\"wp-block-columns eplus-VCF3mb is-layout-flex wp-container-core-columns-is-layout-abceabcf wp-block-columns-is-layout-flex\">\n<div class=\"wp-block-column eplus-nsbUNz is-layout-flow wp-block-column-is-layout-flow\"><span class=\"su-lightbox\" data-mfp-src=\"https:\/\/site.ac-martinique.fr\/pole-maternelle\/wp-content\/uploads\/sites\/27\/2021\/09\/Recommandations-sieste-maternelle-2.pdf\" data-mfp-type=\"iframe\" data-mobile=\"yes\">Recommandations pour organiser le temps calme \u00e0 la maternelle <\/span>\n\n\n\n<figure class=\"wp-block-image size-large\"><a href=\"https:\/\/site.ac-martinique.fr\/pole-maternelle\/wp-content\/uploads\/sites\/27\/2021\/09\/Recommandations-sieste-maternelle-2.pdf\"><img loading=\"lazy\" decoding=\"async\" width=\"1010\" height=\"567\" src=\"https:\/\/site.ac-martinique.fr\/pole-maternelle\/wp-content\/uploads\/sites\/27\/2021\/09\/Sieste-2.png\" alt=\"\" class=\"wp-image-1252\" srcset=\"https:\/\/site.ac-martinique.fr\/pole-maternelle\/wp-content\/uploads\/sites\/27\/2021\/09\/Sieste-2.png 1010w, https:\/\/site.ac-martinique.fr\/pole-maternelle\/wp-content\/uploads\/sites\/27\/2021\/09\/Sieste-2-300x168.png 300w, https:\/\/site.ac-martinique.fr\/pole-maternelle\/wp-content\/uploads\/sites\/27\/2021\/09\/Sieste-2-768x431.png 768w, https:\/\/site.ac-martinique.fr\/pole-maternelle\/wp-content\/uploads\/sites\/27\/2021\/09\/Sieste-2-500x281.png 500w\" sizes=\"auto, (max-width: 1010px) 100vw, 1010px\" \/><\/a><\/figure>\n<\/div>\n\n\n\n<div class=\"wp-block-column eplus-bZf6Yw is-layout-flow wp-block-column-is-layout-flow\"><span class=\"su-lightbox\" data-mfp-src=\"https:\/\/site.ac-martinique.fr\/pole-maternelle\/wp-content\/uploads\/sites\/27\/2021\/09\/Pratiques-efficientes-maternelle-math.pdf\" data-mfp-type=\"iframe\" data-mobile=\"yes\">M\u00e9mo sur les pratiques efficientes en math au cycle 1<\/span>\n\n\n\n<figure class=\"wp-block-image size-full eplus-5SJAOP extendify-other-img\"><a href=\"https:\/\/site.ac-martinique.fr\/pole-maternelle\/wp-content\/uploads\/sites\/27\/2021\/09\/Pratiques-efficientes-maternelle-math.pdf\"><img loading=\"lazy\" decoding=\"async\" width=\"760\" height=\"533\" src=\"https:\/\/site.ac-martinique.fr\/pole-maternelle\/wp-content\/uploads\/sites\/27\/2021\/09\/Pratiques-efficientes-math-maternelle.png\" alt=\"\" class=\"wp-image-1253\" srcset=\"https:\/\/site.ac-martinique.fr\/pole-maternelle\/wp-content\/uploads\/sites\/27\/2021\/09\/Pratiques-efficientes-math-maternelle.png 760w, https:\/\/site.ac-martinique.fr\/pole-maternelle\/wp-content\/uploads\/sites\/27\/2021\/09\/Pratiques-efficientes-math-maternelle-300x210.png 300w, https:\/\/site.ac-martinique.fr\/pole-maternelle\/wp-content\/uploads\/sites\/27\/2021\/09\/Pratiques-efficientes-math-maternelle-428x300.png 428w\" sizes=\"auto, (max-width: 760px) 100vw, 760px\" \/><\/a><\/figure>\n<\/div>\n\n\n\n<div class=\"wp-block-column eplus-c3iRrq is-layout-flow wp-block-column-is-layout-flow\"><span class=\"su-lightbox\" data-mfp-src=\"https:\/\/site.ac-martinique.fr\/pole-maternelle\/wp-content\/uploads\/sites\/27\/2021\/09\/Lecrit-dans-les-textes-officiels-cycle-1.pdf\" data-mfp-type=\"iframe\" data-mobile=\"yes\">L&rsquo;\u00e9crit dans les textes officiels &#8211; cycle 1<\/span>\n\n\n\n<figure class=\"wp-block-image size-full eplus-CMvxSb extendify-other-img\"><a href=\"https:\/\/site.ac-martinique.fr\/pole-maternelle\/wp-content\/uploads\/sites\/27\/2021\/09\/Lecrit-dans-les-textes-officiels-cycle-1.pdf\"><img loading=\"lazy\" decoding=\"async\" width=\"358\" height=\"510\" src=\"https:\/\/site.ac-martinique.fr\/pole-maternelle\/wp-content\/uploads\/sites\/27\/2021\/09\/Image5.png\" alt=\"\" class=\"wp-image-1289\" srcset=\"https:\/\/site.ac-martinique.fr\/pole-maternelle\/wp-content\/uploads\/sites\/27\/2021\/09\/Image5.png 358w, https:\/\/site.ac-martinique.fr\/pole-maternelle\/wp-content\/uploads\/sites\/27\/2021\/09\/Image5-211x300.png 211w\" sizes=\"auto, (max-width: 358px) 100vw, 358px\" \/><\/a><\/figure>\n<\/div>\n<\/div>\n\n\n\n<div class=\"wp-block-columns eplus-VCF3mb is-layout-flex wp-container-core-columns-is-layout-abceabcf wp-block-columns-is-layout-flex\">\n<div class=\"wp-block-column eplus-nsbUNz is-layout-flow wp-block-column-is-layout-flow\"><span class=\"su-lightbox\" data-mfp-src=\"https:\/\/site.ac-martinique.fr\/pole-maternelle\/wp-content\/uploads\/sites\/27\/2021\/09\/Recommandations-liaison-GS-CP-Academie-de-Martinique-avril-2021.pdf\" data-mfp-type=\"iframe\" data-mobile=\"yes\">Recommandations pour la liaison GS-CP <\/span>\n\n\n\n<figure class=\"wp-block-image size-full\"><a href=\"https:\/\/site.ac-martinique.fr\/pole-maternelle\/wp-content\/uploads\/sites\/27\/2021\/09\/Recommandations-liaison-GS-CP-Academie-de-Martinique-avril-2021.pdf\"><img loading=\"lazy\" decoding=\"async\" width=\"679\" height=\"309\" src=\"https:\/\/site.ac-martinique.fr\/pole-maternelle\/wp-content\/uploads\/sites\/27\/2021\/10\/Liaison-GS-CP.png\" alt=\"Liaison GS-CP\" class=\"wp-image-1476\" srcset=\"https:\/\/site.ac-martinique.fr\/pole-maternelle\/wp-content\/uploads\/sites\/27\/2021\/10\/Liaison-GS-CP.png 679w, https:\/\/site.ac-martinique.fr\/pole-maternelle\/wp-content\/uploads\/sites\/27\/2021\/10\/Liaison-GS-CP-300x137.png 300w, https:\/\/site.ac-martinique.fr\/pole-maternelle\/wp-content\/uploads\/sites\/27\/2021\/10\/Liaison-GS-CP-500x228.png 500w\" sizes=\"auto, (max-width: 679px) 100vw, 679px\" \/><\/a><\/figure>\n<\/div>\n\n\n\n<div class=\"wp-block-column eplus-bZf6Yw is-layout-flow wp-block-column-is-layout-flow\"><span class=\"su-lightbox\" data-mfp-src=\"https:\/\/site.ac-martinique.fr\/pole-maternelle\/wp-content\/uploads\/sites\/27\/2021\/10\/Recommandations-liaison-CP-CE1-Academie-Martinique-Avril-2021-Copie.pdf\" data-mfp-type=\"iframe\" data-mobile=\"yes\">Recommandations pour la liaison CP-CE1 <\/span>\n\n\n\n<figure class=\"wp-block-image size-full eplus-5SJAOP extendify-other-img\"><a href=\"https:\/\/site.ac-martinique.fr\/pole-maternelle\/wp-content\/uploads\/sites\/27\/2021\/10\/Recommandations-liaison-CP-CE1-Academie-Martinique-Avril-2021-Copie.pdf\"><img loading=\"lazy\" decoding=\"async\" width=\"817\" height=\"439\" src=\"https:\/\/site.ac-martinique.fr\/pole-maternelle\/wp-content\/uploads\/sites\/27\/2021\/10\/Liaison-CP-CE1.png\" alt=\"\" class=\"wp-image-1475\" srcset=\"https:\/\/site.ac-martinique.fr\/pole-maternelle\/wp-content\/uploads\/sites\/27\/2021\/10\/Liaison-CP-CE1.png 817w, https:\/\/site.ac-martinique.fr\/pole-maternelle\/wp-content\/uploads\/sites\/27\/2021\/10\/Liaison-CP-CE1-300x161.png 300w, https:\/\/site.ac-martinique.fr\/pole-maternelle\/wp-content\/uploads\/sites\/27\/2021\/10\/Liaison-CP-CE1-768x413.png 768w, https:\/\/site.ac-martinique.fr\/pole-maternelle\/wp-content\/uploads\/sites\/27\/2021\/10\/Liaison-CP-CE1-500x269.png 500w\" sizes=\"auto, (max-width: 817px) 100vw, 817px\" \/><\/a><\/figure>\n<\/div>\n\n\n\n<div class=\"wp-block-column eplus-c3iRrq is-layout-flow wp-block-column-is-layout-flow\"><span class=\"su-lightbox\" data-mfp-src=\"https:\/\/site.ac-martinique.fr\/pole-maternelle\/wp-content\/uploads\/sites\/27\/2021\/10\/Protocole-academique-analyse-evaluations-CP-et-CE1.pdf\" data-mfp-type=\"iframe\" data-mobile=\"yes\">Protocole acad\u00e9mique d&rsquo;analyse et d&rsquo;exploitation des r\u00e9sultats aux \u00e9valuations Rep\u00e8res CP-CE1 <\/span>\n\n\n\n<figure class=\"wp-block-image size-full\"><a href=\"https:\/\/site.ac-martinique.fr\/pole-maternelle\/wp-content\/uploads\/sites\/27\/2021\/10\/Protocole-academique-analyse-evaluations-CP-et-CE1.pdf\"><img loading=\"lazy\" decoding=\"async\" width=\"509\" height=\"720\" src=\"https:\/\/site.ac-martinique.fr\/pole-maternelle\/wp-content\/uploads\/sites\/27\/2021\/10\/Protocole-academique-danalyse-et-dexploitation-des-resultats-aux-evaluations-Reperes.jpg\" alt=\"\" class=\"wp-image-1516\" srcset=\"https:\/\/site.ac-martinique.fr\/pole-maternelle\/wp-content\/uploads\/sites\/27\/2021\/10\/Protocole-academique-danalyse-et-dexploitation-des-resultats-aux-evaluations-Reperes.jpg 509w, https:\/\/site.ac-martinique.fr\/pole-maternelle\/wp-content\/uploads\/sites\/27\/2021\/10\/Protocole-academique-danalyse-et-dexploitation-des-resultats-aux-evaluations-Reperes-212x300.jpg 212w\" sizes=\"auto, (max-width: 509px) 100vw, 509px\" \/><\/a><\/figure>\n<\/div>\n<\/div>\n<\/div><\/div>\n\n\n\n<div class=\"wp-block-columns is-layout-flex wp-container-core-columns-is-layout-abceabcf wp-block-columns-is-layout-flex\">\n<div class=\"wp-block-column is-layout-flow wp-block-column-is-layout-flow\"><\/div>\n\n\n\n<div class=\"wp-block-column is-layout-flow wp-block-column-is-layout-flow\"><\/div>\n\n\n\n<div class=\"wp-block-column is-layout-flow wp-block-column-is-layout-flow\"><\/div>\n<\/div>\n\n\n\n<p><\/p>\n","protected":false},"excerpt":{"rendered":"","protected":false},"author":296,"featured_media":0,"parent":0,"menu_order":0,"comment_status":"closed","ping_status":"closed","template":"","meta":{"footnotes":""},"class_list":["post-771","page","type-page","status-publish","hentry","nodate","item-wrap"],"_links":{"self":[{"href":"https:\/\/site.ac-martinique.fr\/pole-maternelle\/wp-json\/wp\/v2\/pages\/771","targetHints":{"allow":["GET"]}}],"collection":[{"href":"https:\/\/site.ac-martinique.fr\/pole-maternelle\/wp-json\/wp\/v2\/pages"}],"about":[{"href":"https:\/\/site.ac-martinique.fr\/pole-maternelle\/wp-json\/wp\/v2\/types\/page"}],"author":[{"embeddable":true,"href":"https:\/\/site.ac-martinique.fr\/pole-maternelle\/wp-json\/wp\/v2\/users\/296"}],"replies":[{"embeddable":true,"href":"https:\/\/site.ac-martinique.fr\/pole-maternelle\/wp-json\/wp\/v2\/comments?post=771"}],"version-history":[{"count":18,"href":"https:\/\/site.ac-martinique.fr\/pole-maternelle\/wp-json\/wp\/v2\/pages\/771\/revisions"}],"predecessor-version":[{"id":1621,"href":"https:\/\/site.ac-martinique.fr\/pole-maternelle\/wp-json\/wp\/v2\/pages\/771\/revisions\/1621"}],"wp:attachment":[{"href":"https:\/\/site.ac-martinique.fr\/pole-maternelle\/wp-json\/wp\/v2\/media?parent=771"}],"curies":[{"name":"wp","href":"https:\/\/api.w.org\/{rel}","templated":true}]}}