{"id":90,"date":"2017-01-12T19:33:36","date_gmt":"2017-01-12T18:33:36","guid":{"rendered":"\/pole-maternelle\/?page_id=90"},"modified":"2017-01-23T19:52:39","modified_gmt":"2017-01-23T18:52:39","slug":"le-cadre-reglementaire","status":"publish","type":"page","link":"https:\/\/site.ac-martinique.fr\/pole-maternelle\/scolarisation-des-moins-de-3-ans\/le-cadre-reglementaire\/","title":{"rendered":"Le cadre r\u00e8glementaire"},"content":{"rendered":"<p><a href=\"http:\/\/www.education.gouv.fr\/pid25535\/bulletin_officiel.html?cid_bo=66627\">La circulaire du 18 d\u00e9cembre 2012<\/a><\/p>\n<p><em><strong>Les 10 principes \u00e0 retenir:<\/strong><\/em><\/p>\n<ol>\n<li>La scolarisation des enfants de moins de trois ans concerne l<strong>es enfants d\u00e8s l&rsquo;\u00e2ge de deux\u00a0ans<\/strong>, ce qui peut conduire \u00e0 un accueil diff\u00e9r\u00e9 au-del\u00e0 de la rentr\u00e9e scolaire en fonction de la date anniversaire de l&rsquo;enfant.<\/li>\n<li>La solarisation des enfants de moins de trois ans n\u00e9cessite <strong>un local adapt\u00e9, ou une adaptation des locaux<\/strong> et un \u00e9quipement en <strong>mat\u00e9riel sp\u00e9cifique<\/strong>, d\u00e9finis en accord avec la collectivit\u00e9 comp\u00e9tente.<\/li>\n<li>La structure mise en place accueille prioritairement <strong>des enfants du secteur<\/strong> de l&rsquo;\u00e9cole o\u00f9 elle est implant\u00e9e.<\/li>\n<li><strong>Le projet p\u00e9dagogique et \u00e9ducatif est inscrit au projet d&rsquo;\u00e9cole<\/strong>. Lorsqu&rsquo;un dispositif d&rsquo;accueil est implant\u00e9 hors des locaux d&rsquo;une \u00e9cole maternelle, il est inscrit au projet de l&rsquo;\u00e9cole de laquelle il d\u00e9pend.<\/li>\n<li><strong>Le projet p\u00e9dagogique est pr\u00e9sent\u00e9 aux parents.<\/strong> Dans les secteurs les plus d\u00e9favoris\u00e9s un travail avec les partenaires locaux concern\u00e9s est d\u00e9terminant.<\/li>\n<li>Le projet p\u00e9dagogique et \u00e9ducatif pr\u00e9voit explicitement les modalit\u00e9s d&rsquo;accueil et de <strong>participation des parents<\/strong> \u00e0 la scolarit\u00e9 de leur enfant.<\/li>\n<li><strong>Les horaires d&rsquo;entr\u00e9e et de sortie le matin et l&rsquo;apr\u00e8s-midi peuvent \u00eatre assouplis<\/strong> par rapport \u00e0 ceux des autres classes, en conservant toutefois un temps significatif de pr\u00e9sence de chaque enfant selon une organisation r\u00e9guli\u00e8re, n\u00e9goci\u00e9e avec les parents qui s&rsquo;engagent \u00e0 la respecter.<\/li>\n<li>Dans les \u00e9coles qui les scolarisent, <strong>les enfants de moins de trois ans sont comptabilis\u00e9s dans les pr\u00e9visions d&rsquo;effectifs de rentr\u00e9e<\/strong>.<\/li>\n<li>Les enseignants qui exercent dans ces structures re\u00e7oivent une formation dont certaines actions peuvent \u00eatre communes avec les personnels des collectivit\u00e9s territoriales. <strong>Ces formations concernent l&rsquo;ensemble des membres de l&rsquo;\u00e9quipe<\/strong> d&rsquo;\u00e9cole pour ma\u00eetriser les connaissances et comp\u00e9tences sp\u00e9cifiques \u00e0 la scolarisation des moins de trois ans.<\/li>\n<li>Les formateurs, et notamment <strong>les conseillers p\u00e9dagogiques des circonscriptions concern\u00e9es par ces dispositifs, suivront une formation adapt\u00e9e<\/strong> au niveau d\u00e9partemental ou acad\u00e9mique pour faciliter l&rsquo;accompagnement des \u00e9quipes dans la d\u00e9finition et la mise en \u0153uvre de leur projet.<\/li>\n<\/ol>\n","protected":false},"excerpt":{"rendered":"<p>La circulaire du 18 d\u00e9cembre 2012 Les 10 principes \u00e0 retenir: La scolarisation des enfants de moins de trois ans concerne les enfants d\u00e8s l&rsquo;\u00e2ge de deux\u00a0ans, ce qui peut conduire \u00e0 un accueil diff\u00e9r\u00e9 au-del\u00e0 de la rentr\u00e9e scolaire en fonction de la date anniversaire de l&rsquo;enfant. La solarisation des enfants de moins de &hellip; <\/p>\n<p><a class=\"more-link btn\" href=\"https:\/\/site.ac-martinique.fr\/pole-maternelle\/scolarisation-des-moins-de-3-ans\/le-cadre-reglementaire\/\">Lire la suite<\/a><\/p>\n","protected":false},"author":86,"featured_media":0,"parent":41,"menu_order":1,"comment_status":"closed","ping_status":"closed","template":"sidebar-page.php","meta":{"footnotes":""},"class_list":["post-90","page","type-page","status-publish","hentry","nodate","item-wrap"],"_links":{"self":[{"href":"https:\/\/site.ac-martinique.fr\/pole-maternelle\/wp-json\/wp\/v2\/pages\/90","targetHints":{"allow":["GET"]}}],"collection":[{"href":"https:\/\/site.ac-martinique.fr\/pole-maternelle\/wp-json\/wp\/v2\/pages"}],"about":[{"href":"https:\/\/site.ac-martinique.fr\/pole-maternelle\/wp-json\/wp\/v2\/types\/page"}],"author":[{"embeddable":true,"href":"https:\/\/site.ac-martinique.fr\/pole-maternelle\/wp-json\/wp\/v2\/users\/86"}],"replies":[{"embeddable":true,"href":"https:\/\/site.ac-martinique.fr\/pole-maternelle\/wp-json\/wp\/v2\/comments?post=90"}],"version-history":[{"count":3,"href":"https:\/\/site.ac-martinique.fr\/pole-maternelle\/wp-json\/wp\/v2\/pages\/90\/revisions"}],"predecessor-version":[{"id":216,"href":"https:\/\/site.ac-martinique.fr\/pole-maternelle\/wp-json\/wp\/v2\/pages\/90\/revisions\/216"}],"up":[{"embeddable":true,"href":"https:\/\/site.ac-martinique.fr\/pole-maternelle\/wp-json\/wp\/v2\/pages\/41"}],"wp:attachment":[{"href":"https:\/\/site.ac-martinique.fr\/pole-maternelle\/wp-json\/wp\/v2\/media?parent=90"}],"curies":[{"name":"wp","href":"https:\/\/api.w.org\/{rel}","templated":true}]}}