{"id":5225,"date":"2024-11-07T16:29:28","date_gmt":"2024-11-07T20:29:28","guid":{"rendered":"https:\/\/site.ac-martinique.fr\/pole-maths\/?page_id=5225"},"modified":"2025-02-19T15:53:11","modified_gmt":"2025-02-19T19:53:11","slug":"programmation-en-resolution-de-problemes","status":"publish","type":"page","link":"https:\/\/site.ac-martinique.fr\/pole-maths\/?page_id=5225","title":{"rendered":"Programmation en r\u00e9solution de probl\u00e8mes au cycle 2"},"content":{"rendered":"\n<p style=\"text-align: justify;\">Dans la continuit\u00e9 de la programmation acad\u00e9mique en r\u00e9solution de probl\u00e8mes en maternelle et CP, les programmations cycle 2 et 3 ont pour objectif de permettre \u00e0 chaque \u00e9quipe de structurer l&rsquo;enseignement de la r\u00e9solution de probl\u00e8mes. Elles pourraient constituer un levier du travail d\u2019\u00e9quipe et de la r\u00e9ussite de chaque \u00e9l\u00e8ve, en exploitant tout le potentiel des ressources en vigueur.<\/p>\n<p style=\"text-align: justify;\">\u201c<em>Les diff\u00e9rents types de probl\u00e8mes se r\u00e9solvant par une m\u00eame op\u00e9ration doivent \u00eatre rencontr\u00e9s et explicit\u00e9s aux \u00e9l\u00e8ves, selon une programmation r\u00e9fl\u00e9chie tenant compte des diff\u00e9rents niveaux de difficult\u00e9 et de l&rsquo;imp\u00e9ratif de ne pas laisser s&rsquo;installer une vision r\u00e9ductrice du sens des op\u00e9rations.<\/em>\u201d<\/p>\n<p style=\"text-align: justify;\">Extrait Bulletin officiel sp\u00e9cial n\u00b03 du 26 avril 2018<\/p>\n<p>\u00a0<\/p>\n\n\n\n<p><strong><em>Ci-dessous, vous pouvez t\u00e9l\u00e9charger les versions word et pdf des deux programmations.<\/em><\/strong><\/p>\n\n\n\n<h2 class=\"wp-block-heading\">Programmation en resolution de probl\u00e8mes au cycle 2<\/h2>\n\n\n\n<div class=\"wp-block-file\"><a id=\"wp-block-file--media-9de23138-700f-4424-98b6-a960246f34c7\" href=\"https:\/\/site.ac-martinique.fr\/pole-maths\/wp-content\/uploads\/sites\/26\/2024\/11\/PROGRAMMATION-RP-CYCLE-2-VF.docx\">PROGRAMMATION RP CYCLE 2 Version Word<\/a><a href=\"https:\/\/site.ac-martinique.fr\/pole-maths\/wp-content\/uploads\/sites\/26\/2024\/11\/PROGRAMMATION-RP-CYCLE-2-VF.docx\" class=\"wp-block-file__button wp-element-button\" download aria-describedby=\"wp-block-file--media-9de23138-700f-4424-98b6-a960246f34c7\">T\u00e9l\u00e9charger<\/a><\/div>\n\n\n\n<figure class=\"wp-block-image size-full\"><a href=\"https:\/\/site.ac-martinique.fr\/pole-maths\/wp-content\/uploads\/sites\/26\/2023\/09\/PROGRAMMATION-RP-CYCLE-2-VF-09.23-1.pdf\" target=\"_blank\" rel=\"noreferrer noopener\"><img loading=\"lazy\" decoding=\"async\" width=\"732\" height=\"495\" src=\"https:\/\/site.ac-martinique.fr\/pole-maths\/wp-content\/uploads\/sites\/26\/2023\/09\/Programmation-cycle2.png\" alt=\"\" class=\"wp-image-5088\" srcset=\"https:\/\/site.ac-martinique.fr\/pole-maths\/wp-content\/uploads\/sites\/26\/2023\/09\/Programmation-cycle2.png 732w, https:\/\/site.ac-martinique.fr\/pole-maths\/wp-content\/uploads\/sites\/26\/2023\/09\/Programmation-cycle2-300x203.png 300w, https:\/\/site.ac-martinique.fr\/pole-maths\/wp-content\/uploads\/sites\/26\/2023\/09\/Programmation-cycle2-150x101.png 150w\" sizes=\"auto, (max-width: 732px) 100vw, 732px\" \/><\/a><\/figure>\n\n\n\n\n","protected":false},"excerpt":{"rendered":"<p>Dans la continuit\u00e9 de la programmation acad\u00e9mique en r\u00e9solution de probl\u00e8mes en maternelle et CP, les programmations cycle 2 et 3 ont pour objectif de permettre \u00e0 chaque \u00e9quipe de structurer l&rsquo;enseignement de la r\u00e9solution de probl\u00e8mes. Elles pourraient constituer&#8230; <a class=\"more-link\" href=\"https:\/\/site.ac-martinique.fr\/pole-maths\/?page_id=5225\">Continue Reading &rarr;<\/a><\/p>\n","protected":false},"author":302,"featured_media":0,"parent":0,"menu_order":0,"comment_status":"closed","ping_status":"closed","template":"","meta":{"footnotes":""},"class_list":["post-5225","page","type-page","status-publish","hentry"],"_links":{"self":[{"href":"https:\/\/site.ac-martinique.fr\/pole-maths\/index.php?rest_route=\/wp\/v2\/pages\/5225","targetHints":{"allow":["GET"]}}],"collection":[{"href":"https:\/\/site.ac-martinique.fr\/pole-maths\/index.php?rest_route=\/wp\/v2\/pages"}],"about":[{"href":"https:\/\/site.ac-martinique.fr\/pole-maths\/index.php?rest_route=\/wp\/v2\/types\/page"}],"author":[{"embeddable":true,"href":"https:\/\/site.ac-martinique.fr\/pole-maths\/index.php?rest_route=\/wp\/v2\/users\/302"}],"replies":[{"embeddable":true,"href":"https:\/\/site.ac-martinique.fr\/pole-maths\/index.php?rest_route=%2Fwp%2Fv2%2Fcomments&post=5225"}],"version-history":[{"count":14,"href":"https:\/\/site.ac-martinique.fr\/pole-maths\/index.php?rest_route=\/wp\/v2\/pages\/5225\/revisions"}],"predecessor-version":[{"id":5345,"href":"https:\/\/site.ac-martinique.fr\/pole-maths\/index.php?rest_route=\/wp\/v2\/pages\/5225\/revisions\/5345"}],"wp:attachment":[{"href":"https:\/\/site.ac-martinique.fr\/pole-maths\/index.php?rest_route=%2Fwp%2Fv2%2Fmedia&parent=5225"}],"curies":[{"name":"wp","href":"https:\/\/api.w.org\/{rel}","templated":true}]}}