{"id":5324,"date":"2025-02-19T15:12:54","date_gmt":"2025-02-19T19:12:54","guid":{"rendered":"https:\/\/site.ac-martinique.fr\/pole-maths\/?page_id=5324"},"modified":"2025-02-19T15:26:57","modified_gmt":"2025-02-19T19:26:57","slug":"resoudre-des-problemes-au-cycle-2","status":"publish","type":"page","link":"https:\/\/site.ac-martinique.fr\/pole-maths\/?page_id=5324","title":{"rendered":"R\u00e9soudre des probl\u00e8mes au cycle 2"},"content":{"rendered":"\n<p>Dans la continuit\u00e9 de la programmation acad\u00e9mique en r\u00e9solution de probl\u00e8mes en maternelle et CP, la programmation cycle 2 a pour objectif de permettre \u00e0 chaque \u00e9quipe de structurer l&rsquo; enseignement de la r\u00e9solution de probl\u00e8mes. Elles pourraient constituer un levier du travail d\u2019\u00e9quipe et de la r\u00e9ussite de chaque \u00e9l\u00e8ve, en exploitant tout le potentiel des ressources en vigueur.<\/p>\n\n\n\n<p>\u201c<em>Les diff\u00e9rents types de probl\u00e8mes se r\u00e9solvant par une m\u00eame op\u00e9ration doivent \u00eatre rencontr\u00e9s et explicit\u00e9s aux \u00e9l\u00e8ves, selon une programmation r\u00e9fl\u00e9chie tenant compte des diff\u00e9rents niveaux de difficult\u00e9 et de l\u2019imp\u00e9ratif de ne pas laisser s\u2019installer une vision r\u00e9ductrice du sens des op\u00e9rations.<\/em>\u201d<\/p>\n\n\n\n<p>Extrait Bulletin officiel sp\u00e9cial n\u00b03 du 26 avril 2018<\/p>\n\n\n\n<p><strong><em>Ci-dessous, vous pouvez t\u00e9l\u00e9charger les versions word et pdf des deux programmations.<\/em><\/strong><\/p>\n\n\n\n<p><a href=\"https:\/\/site.ac-martinique.fr\/pole-maths\/?page_id=5225\" target=\"_blank\" rel=\"noopener\">Programmation en r\u00e9solution de probl\u00e8mes<\/a>\u00a0<\/p>\n\n\n\n\n\n\n","protected":false},"excerpt":{"rendered":"<p>Dans la continuit\u00e9 de la programmation acad\u00e9mique en r\u00e9solution de probl\u00e8mes en maternelle et CP, la programmation cycle 2 a pour objectif de permettre \u00e0 chaque \u00e9quipe de structurer l&rsquo; enseignement de la r\u00e9solution de probl\u00e8mes. Elles pourraient constituer un&#8230; <a class=\"more-link\" href=\"https:\/\/site.ac-martinique.fr\/pole-maths\/?page_id=5324\">Continue Reading &rarr;<\/a><\/p>\n","protected":false},"author":302,"featured_media":0,"parent":0,"menu_order":0,"comment_status":"closed","ping_status":"closed","template":"","meta":{"footnotes":""},"class_list":["post-5324","page","type-page","status-publish","hentry"],"_links":{"self":[{"href":"https:\/\/site.ac-martinique.fr\/pole-maths\/index.php?rest_route=\/wp\/v2\/pages\/5324","targetHints":{"allow":["GET"]}}],"collection":[{"href":"https:\/\/site.ac-martinique.fr\/pole-maths\/index.php?rest_route=\/wp\/v2\/pages"}],"about":[{"href":"https:\/\/site.ac-martinique.fr\/pole-maths\/index.php?rest_route=\/wp\/v2\/types\/page"}],"author":[{"embeddable":true,"href":"https:\/\/site.ac-martinique.fr\/pole-maths\/index.php?rest_route=\/wp\/v2\/users\/302"}],"replies":[{"embeddable":true,"href":"https:\/\/site.ac-martinique.fr\/pole-maths\/index.php?rest_route=%2Fwp%2Fv2%2Fcomments&post=5324"}],"version-history":[{"count":3,"href":"https:\/\/site.ac-martinique.fr\/pole-maths\/index.php?rest_route=\/wp\/v2\/pages\/5324\/revisions"}],"predecessor-version":[{"id":5334,"href":"https:\/\/site.ac-martinique.fr\/pole-maths\/index.php?rest_route=\/wp\/v2\/pages\/5324\/revisions\/5334"}],"wp:attachment":[{"href":"https:\/\/site.ac-martinique.fr\/pole-maths\/index.php?rest_route=%2Fwp%2Fv2%2Fmedia&parent=5324"}],"curies":[{"name":"wp","href":"https:\/\/api.w.org\/{rel}","templated":true}]}}