{"id":728,"date":"2013-11-11T17:51:07","date_gmt":"2013-11-11T21:51:07","guid":{"rendered":"\/pole-maths\/?page_id=728"},"modified":"2025-03-13T11:38:53","modified_gmt":"2025-03-13T15:38:53","slug":"semaine-des-mathematiques","status":"publish","type":"page","link":"https:\/\/site.ac-martinique.fr\/pole-maths\/?page_id=728","title":{"rendered":"Semaine des math\u00e9matiques"},"content":{"rendered":"\n<h1><span style=\"color: #ff0000;\"><strong>Semaine des math\u00e9matiques 2025<\/strong><\/span><\/h1>\n\n\n\n<p>La 14<sup>e<\/sup> semaine des math\u00e9matiques se d\u00e9roule du <strong>10 au 19 mars 2025<\/strong> sur le th\u00e8me<strong> \u00ab&nbsp;Maths hors les murs&nbsp;\u00bb.<\/strong><\/p>\n\n\n\n<p>Elle invite \u00e0 repenser le rapport aux espaces d\u2019apprentissage en repoussant les fronti\u00e8res de la salle de classe.<\/p>\n\n\n\n<p>Constituant un moment en rupture avec les temps habituels de la classe, cette semaine hors les murs favorise l\u2019int\u00e9gration des math\u00e9matiques dans le quotidien, faisant vivre des situations ancr\u00e9es dans le r\u00e9el, porteuses de sens, tissant des liens entre les math\u00e9matiques enseign\u00e9es et des exp\u00e9riences plus concr\u00e8tes.<\/p>\n<p><a href=\"https:\/\/site.ac-martinique.fr\/pole-maths\/?p=5401\" target=\"_blank\" rel=\"noopener\">Pour en savoir plus<\/a><\/p>\n<p>\u00a0<\/p>\n\n\n<h1><span style=\"font-size: x-small; color: #ff0000;\"><strong style=\"font-size: 2.4em; line-height: 1.5em;\">Semaine des math\u00e9matiques 2020<\/strong><\/span><\/h1>\n<p style=\"text-align: justify;\"><a href=\"\/pole-maths\/wp-content\/uploads\/sites\/26\/2020\/01\/affiche_semaine-des-maths-2020-1.jpg\"><img loading=\"lazy\" decoding=\"async\" class=\"alignleft wp-image-4361 size-thumbnail\" src=\"\/pole-maths\/wp-content\/uploads\/sites\/26\/2020\/01\/affiche_semaine-des-maths-2020-1-106x150.jpg\" alt=\"\" width=\"106\" height=\"150\" srcset=\"https:\/\/site.ac-martinique.fr\/pole-maths\/wp-content\/uploads\/sites\/26\/2020\/01\/affiche_semaine-des-maths-2020-1-106x150.jpg 106w, https:\/\/site.ac-martinique.fr\/pole-maths\/wp-content\/uploads\/sites\/26\/2020\/01\/affiche_semaine-des-maths-2020-1-211x300.jpg 211w, https:\/\/site.ac-martinique.fr\/pole-maths\/wp-content\/uploads\/sites\/26\/2020\/01\/affiche_semaine-des-maths-2020-1-768x1089.jpg 768w, https:\/\/site.ac-martinique.fr\/pole-maths\/wp-content\/uploads\/sites\/26\/2020\/01\/affiche_semaine-des-maths-2020-1-722x1024.jpg 722w, https:\/\/site.ac-martinique.fr\/pole-maths\/wp-content\/uploads\/sites\/26\/2020\/01\/affiche_semaine-des-maths-2020-1.jpg 1166w\" sizes=\"auto, (max-width: 106px) 100vw, 106px\" \/><\/a><\/p>\n<p style=\"text-align: justify;\">La neuvi\u00e8me Semaine des math\u00e9matiques a lieu du 9<strong>\u00a0au 15 mars 2020<\/strong>\u00a0et a pour th\u00e8me \u201c<strong>Mettons en sc\u00e8ne les math\u00e9matiques<\/strong>\u201c. Elle est un \u00e9v\u00e9nement majeur de l\u2019Ann\u00e9e des math\u00e9matiques.\u00a0<strong>Participer avec vos classes aux actions men\u00e9es par l\u2019acad\u00e9mie de Martinique au C1, C2 et C3\u00a0 \u00a0 \u00a0 \u00a0 \u00a0 \u00a0 \u00a0 \u00a0 \u00a0 \u00a0 \u00a0 \u00a0 \u00a0 \u00a0<\/strong><a href=\"\/pole-maths\/?p=4357\" target=\"_blank\" rel=\"noopener noreferrer\">\u00a0Pour en savoir plus<\/a><\/p>\n<h1>\u00a0<\/h1>\n<h1><span style=\"font-size: x-small; color: #ff0000;\"><strong style=\"font-size: 2.4em; line-height: 1.5em;\">Semaine des math\u00e9matiques 2019<\/strong><\/span><\/h1>\n<p style=\"text-align: justify;\"><a href=\"\/pole-maths\/wp-content\/uploads\/sites\/26\/2013\/11\/Semaine_maths_2019_1057745.189.jpg\"><img loading=\"lazy\" decoding=\"async\" class=\"alignleft wp-image-4142 size-thumbnail\" src=\"\/pole-maths\/wp-content\/uploads\/sites\/26\/2013\/11\/Semaine_maths_2019_1057745.189-106x150.jpg\" alt=\"\" width=\"106\" height=\"150\" srcset=\"https:\/\/site.ac-martinique.fr\/pole-maths\/wp-content\/uploads\/sites\/26\/2013\/11\/Semaine_maths_2019_1057745.189-106x150.jpg 106w, https:\/\/site.ac-martinique.fr\/pole-maths\/wp-content\/uploads\/sites\/26\/2013\/11\/Semaine_maths_2019_1057745.189-212x300.jpg 212w, https:\/\/site.ac-martinique.fr\/pole-maths\/wp-content\/uploads\/sites\/26\/2013\/11\/Semaine_maths_2019_1057745.189-724x1024.jpg 724w, https:\/\/site.ac-martinique.fr\/pole-maths\/wp-content\/uploads\/sites\/26\/2013\/11\/Semaine_maths_2019_1057745.189.jpg 740w\" sizes=\"auto, (max-width: 106px) 100vw, 106px\" \/><\/a>La Semaine des math\u00e9matiques aura lieu du\u00a0<strong>11 au 16 mars 2019<\/strong>. Le th\u00e8me retenu pour cette huiti\u00e8me \u00e9dition est\u00a0<strong>\u00ab\u00a0Jouons ensemble aux math\u00e9matiques\u00a0\u00bb<\/strong>.<\/p>\n<p style=\"text-align: justify;\">D\u00e9couvrez<strong>\u00a0<a href=\"\/pole-maths\/?p=4153#more-4153\" target=\"_blank\" rel=\"noopener noreferrer\">les jeux et d\u00e9fis du cycle 1 au cycle 3<\/a>\u00a0\u00a0<\/strong>\u00e0 t\u00e9l\u00e9charger.<\/p>\n<h1>\u00a0<\/h1>\n<h1><span style=\"font-size: x-small; color: #ff0000;\"><strong style=\"font-size: 2.4em; line-height: 1.5em;\">Semaine des math\u00e9matiques 2018<\/strong><\/span><\/h1>\n<p style=\"text-align: justify;\"><a href=\"\/pole-maths\/wp-content\/uploads\/sites\/26\/2018\/03\/image-semaine-maths.png\"><img loading=\"lazy\" decoding=\"async\" class=\"alignleft size-thumbnail wp-image-3801\" src=\"\/pole-maths\/wp-content\/uploads\/sites\/26\/2018\/03\/image-semaine-maths-108x150.png\" alt=\"\" width=\"108\" height=\"150\" srcset=\"https:\/\/site.ac-martinique.fr\/pole-maths\/wp-content\/uploads\/sites\/26\/2018\/03\/image-semaine-maths-108x150.png 108w, https:\/\/site.ac-martinique.fr\/pole-maths\/wp-content\/uploads\/sites\/26\/2018\/03\/image-semaine-maths.png 215w\" sizes=\"auto, (max-width: 108px) 100vw, 108px\" \/><\/a>La Semaine des math\u00e9matiques aura lieu du\u00a0<strong>12 au 18 mars 2018<\/strong>. Le th\u00e8me retenu pour cette septi\u00e8me \u00e9dition est\u00a0<strong>\u00ab\u00a0Math\u00e9matiques et Langages\u00a0\u00bb<\/strong>.\u00a0D\u00e9couvrez<strong>\u00a0<a href=\"\/pole-maths\/?p=3800\" target=\"_blank\" rel=\"noopener noreferrer\">les d\u00e9fis de la PS au CM2<\/a>\u00a0\u00a0<\/strong>\u00e0 t\u00e9l\u00e9charger. Ils ont \u00e9t\u00e9 pens\u00e9s pour tous les \u00e9l\u00e8ves d&rsquo;une \u00e9cole.<\/p>\n<h1>\u00a0<\/h1>\n<h1><span style=\"font-size: x-small; color: #ff0000;\"><strong style=\"font-size: 2.4em; line-height: 1.5em;\">Semaine des math\u00e9matiques 2017<\/strong><\/span><\/h1>\n<p><a href=\"\/pole-maths\/wp-content\/uploads\/sites\/26\/2017\/03\/image_semaine.jpg\"><img loading=\"lazy\" decoding=\"async\" class=\"alignleft wp-image-3647 size-thumbnail\" src=\"\/pole-maths\/wp-content\/uploads\/sites\/26\/2017\/03\/image_semaine-106x150.jpg\" width=\"106\" height=\"150\" srcset=\"https:\/\/site.ac-martinique.fr\/pole-maths\/wp-content\/uploads\/sites\/26\/2017\/03\/image_semaine-106x150.jpg 106w, https:\/\/site.ac-martinique.fr\/pole-maths\/wp-content\/uploads\/sites\/26\/2017\/03\/image_semaine.jpg 180w\" sizes=\"auto, (max-width: 106px) 100vw, 106px\" \/><\/a><\/p>\n<p style=\"text-align: justify;\">La Semaine des math\u00e9matiques aura lieu du <strong>13 au 22\u00a0mars 2017<\/strong>. Le th\u00e8me retenu pour cette sixi\u00e8me \u00e9dition est <strong>\u00ab\u00a0Math\u00e9matiques et Langages\u00a0\u00bb<\/strong>.\u00a0D\u00e9couvrez<strong>\u00a0<a title=\"parcours d\u00e9fis semaine des maths 2015\" href=\"\/pole-maths\/?p=3646\" target=\"_blank\" rel=\"noopener noreferrer\">les d\u00e9fis de la PS au CM2\u00a0<\/a><\/strong>\u00e0 t\u00e9l\u00e9charger. Ils ont \u00e9t\u00e9 pens\u00e9s pour tous les \u00e9l\u00e8ves d&rsquo;une \u00e9cole.<\/p>\n<h1>\u00a0<\/h1>\n<h1><span style=\"font-size: x-small; color: #ff0000;\"><strong style=\"font-size: 2.4em; line-height: 1.5em;\">Semaine des math\u00e9matiques 2016<\/strong><\/span><\/h1>\n<p><a href=\"\/pole-maths\/wp-content\/uploads\/sites\/26\/2016\/03\/affiche-semaine-maths.jpg\"><img loading=\"lazy\" decoding=\"async\" class=\"alignleft size-thumbnail wp-image-3286\" src=\"\/pole-maths\/wp-content\/uploads\/sites\/26\/2016\/03\/affiche-semaine-maths-106x150.jpg\" alt=\"affiche-semaine-maths\" width=\"106\" height=\"150\" srcset=\"https:\/\/site.ac-martinique.fr\/pole-maths\/wp-content\/uploads\/sites\/26\/2016\/03\/affiche-semaine-maths-106x150.jpg 106w, https:\/\/site.ac-martinique.fr\/pole-maths\/wp-content\/uploads\/sites\/26\/2016\/03\/affiche-semaine-maths.jpg 189w\" sizes=\"auto, (max-width: 106px) 100vw, 106px\" \/><\/a><\/p>\n<p style=\"text-align: justify;\">La Semaine des math\u00e9matiques aura lieu du <strong>14 au 22\u00a0mars 2016<\/strong>. Le th\u00e8me retenu pour cette cinqui\u00e8me \u00e9dition est <strong>\u00ab\u00a0Maths et sport\u00a0\u00bb<\/strong>.\u00a0D\u00e9couvrez<strong>\u00a0<a title=\"parcours d\u00e9fis semaine des maths 2015\" href=\"\/pole-maths\/?p=3284\" target=\"_blank\" rel=\"noopener noreferrer\">les d\u00e9fis de la PS au CM2\u00a0<\/a><\/strong>\u00e0 t\u00e9l\u00e9charger. Ils ont \u00e9t\u00e9 pens\u00e9s pour tous les \u00e9l\u00e8ves d&rsquo;une \u00e9cole.<\/p>\n<h1>\u00a0<\/h1>\n<h1><span style=\"font-size: x-small; color: #ff0000;\"><strong style=\"font-size: 2.4em; line-height: 1.5em;\">Semaine des math\u00e9matiques 2015<\/strong><\/span><\/h1>\n<p><img loading=\"lazy\" decoding=\"async\" class=\"alignleft\" title=\"affiche semaine des math\u00e9matiques\" src=\"\/pole-maths\/wp-content\/uploads\/sites\/26\/2015\/02\/affiche_SDM_2015_365582.96.jpg\" alt=\"\" width=\"126\" height=\"166\" \/><\/p>\n<p style=\"text-align: justify;\">La Semaine des math\u00e9matiques aura lieu du <strong>14 au 22\u00a0mars 2015<\/strong>. Le th\u00e8me retenu pour cette quatri\u00e8me \u00e9dition est \u00ab\u00a0<strong>Les math\u00e9matiques nous transportent\u00a0\u00bb<\/strong>.\u00a0D\u00e9couvrez<strong>\u00a0<a title=\"parcours d\u00e9fis semaine des maths 2015\" href=\"\/pole-maths\/?p=2643\" target=\"_blank\" rel=\"noopener noreferrer\">les parcours d\u00e9fis cycle 1, cycle 2 et cycle 3 ainsi que les guides d&rsquo;accompagnement<\/a>\u00a0<\/strong>\u00e0 t\u00e9l\u00e9charger. Ils ont \u00e9t\u00e9 pens\u00e9s pour tous les \u00e9l\u00e8ves d&rsquo;une \u00e9cole.<\/p>\n<p style=\"text-align: justify;\"><strong style=\"font-size: x-large;\"><span style=\"color: #ff0000;\">Semaine des math\u00e9matiques 2014<\/span><\/strong><\/p>\n<p>La troisi\u00e8me \u00e9dition\u00a0de la Semaine des math\u00e9matiques aura lieu du <strong>17 au 22\u00a0mars 2014<\/strong>, sur le th\u00e8me\u00a0<strong><em>Math\u00e9matiques au carrefour des cultures<\/em><\/strong>. D\u00e9couvrez<span style=\"font-size: large; color: #ff0000;\"><strong> <a title=\"semaine des math\u00e9matiques 2014\" href=\"\/pole-maths\/?p=2602\" target=\"_blank\" rel=\"noopener noreferrer\">les parcours d\u00e9fis cycle 1, cycle 2 et cycle 3 ainsi que les guides d&rsquo;accompagnement<\/a><\/strong><\/span> \u00e0 t\u00e9l\u00e9charger.<\/p>\n<h1><span style=\"color: #ff0000; font-size: x-large;\"><strong><span style=\"color: #ff0000;\">Semaine des math\u00e9matiques 2013<\/span><\/strong><\/span><\/h1>\n<p><img loading=\"lazy\" decoding=\"async\" class=\"alignleft\" src=\"https:\/\/lh5.googleusercontent.com\/m9Ghz_yqvOpAfMi4IWEBS1Tn7xgmTxqgwFfJvxmQEiY=w187-h168-p-no\" alt=\"\" width=\"131\" height=\"118\" \/>Le th\u00e8me de la\u00a0<strong>semaine des math\u00e9matiques 2013<\/strong>\u00a0est \u00ab\u00a0la plan\u00e8te Terre\u00a0\u00bb. D\u00e9couvrez<span style=\"font-size: large;\"><strong> <a title=\"lien article semaine 2013\" href=\"\/pole-maths\/?p=282\" target=\"_blank\" rel=\"noopener noreferrer\">les parcours d\u00e9fis cycle 1, cycle 2 et cycle 3 ainsi que les guides d&rsquo;accompagnement<\/a> <\/strong><\/span>\u00e0 t\u00e9l\u00e9charger. Ils ont \u00e9t\u00e9 pens\u00e9s pour tous les \u00e9l\u00e8ves d&rsquo;une \u00e9cole.<\/p>\n<h1><span style=\"font-size: x-large;\"><strong><span style=\"color: #ff0000;\">Semaine des math\u00e9matiques 2012<\/span><\/strong><\/span><\/h1>\n<h2><strong><img loading=\"lazy\" decoding=\"async\" class=\"alignleft\" src=\"https:\/\/lh6.googleusercontent.com\/hebOivmxVwYdMVL6jKIN3Bin0QMEbyO_OF1av3Kul5Y=w354-h175-p-no\" alt=\"\" width=\"170\" height=\"84\" \/><\/strong><span style=\"font-size: medium;\">Cycle 1, cycle 2 et cycle 3, d\u00e9couvrez le <span style=\"font-size: large;\"><strong><a title=\"lien article semaine\" href=\"\/pole-maths\/?p=270\" target=\"_blank\" rel=\"noopener noreferrer\">programme, les \u00e9nigmes et le guide d&rsquo;accompagnement<\/a> <\/strong><\/span>\u00e0 t\u00e9l\u00e9charger.<\/span><\/h2>","protected":false},"excerpt":{"rendered":"<p>Semaine des math\u00e9matiques 2025 La 14e semaine des math\u00e9matiques se d\u00e9roule du 10 au 19 mars 2025 sur le th\u00e8me \u00ab&nbsp;Maths hors les murs&nbsp;\u00bb. Elle invite \u00e0 repenser le rapport aux espaces d\u2019apprentissage en repoussant les fronti\u00e8res de la salle&#8230; <a class=\"more-link\" href=\"https:\/\/site.ac-martinique.fr\/pole-maths\/?page_id=728\">Continue Reading &rarr;<\/a><\/p>\n","protected":false},"author":83,"featured_media":0,"parent":0,"menu_order":0,"comment_status":"closed","ping_status":"closed","template":"","meta":{"footnotes":""},"class_list":["post-728","page","type-page","status-publish","hentry"],"_links":{"self":[{"href":"https:\/\/site.ac-martinique.fr\/pole-maths\/index.php?rest_route=\/wp\/v2\/pages\/728","targetHints":{"allow":["GET"]}}],"collection":[{"href":"https:\/\/site.ac-martinique.fr\/pole-maths\/index.php?rest_route=\/wp\/v2\/pages"}],"about":[{"href":"https:\/\/site.ac-martinique.fr\/pole-maths\/index.php?rest_route=\/wp\/v2\/types\/page"}],"author":[{"embeddable":true,"href":"https:\/\/site.ac-martinique.fr\/pole-maths\/index.php?rest_route=\/wp\/v2\/users\/83"}],"replies":[{"embeddable":true,"href":"https:\/\/site.ac-martinique.fr\/pole-maths\/index.php?rest_route=%2Fwp%2Fv2%2Fcomments&post=728"}],"version-history":[{"count":63,"href":"https:\/\/site.ac-martinique.fr\/pole-maths\/index.php?rest_route=\/wp\/v2\/pages\/728\/revisions"}],"predecessor-version":[{"id":5408,"href":"https:\/\/site.ac-martinique.fr\/pole-maths\/index.php?rest_route=\/wp\/v2\/pages\/728\/revisions\/5408"}],"wp:attachment":[{"href":"https:\/\/site.ac-martinique.fr\/pole-maths\/index.php?rest_route=%2Fwp%2Fv2%2Fmedia&parent=728"}],"curies":[{"name":"wp","href":"https:\/\/api.w.org\/{rel}","templated":true}]}}