{"id":904,"date":"2013-11-11T17:50:48","date_gmt":"2013-11-11T21:50:48","guid":{"rendered":"\/pole-maths\/?page_id=904"},"modified":"2015-06-16T16:26:32","modified_gmt":"2015-06-16T20:26:32","slug":"rallyes","status":"publish","type":"page","link":"https:\/\/site.ac-martinique.fr\/pole-maths\/?page_id=904","title":{"rendered":"Rallyes"},"content":{"rendered":"<p>&nbsp;<\/p>\n<p>&nbsp;<\/p>\n<p><span style=\"font-size: x-large;\"><strong><span style=\"color: #ff0000;\">Les rallyes calcul@tice 2014<\/span><\/strong><\/span><\/p>\n<p style=\"text-align: justify;\"><strong><a href=\"\/pole-maths\/wp-content\/uploads\/sites\/26\/2014\/02\/logo-calculatice-248x60.png\"><img loading=\"lazy\" decoding=\"async\" class=\"alignleft size-full wp-image-2177\" src=\"\/pole-maths\/wp-content\/uploads\/sites\/26\/2014\/02\/logo-calculatice-248x60.png\" alt=\"\" width=\"248\" height=\"60\" srcset=\"https:\/\/site.ac-martinique.fr\/pole-maths\/wp-content\/uploads\/sites\/26\/2014\/02\/logo-calculatice-248x60.png 248w, https:\/\/site.ac-martinique.fr\/pole-maths\/wp-content\/uploads\/sites\/26\/2014\/02\/logo-calculatice-248x60-150x36.png 150w\" sizes=\"auto, (max-width: 248px) 100vw, 248px\" \/><\/a>Pour le plaisir de r\u00e9pondre \u00e0 un d\u00e9fi ludique et math\u00e9matique, les \u00a0rallyes : CP ; CE1 ; CE2 ; CM1 ; CM2\/6\u00e8me et SEGPA\u00a0<\/strong>\u00e0 mettre dans l&rsquo;agenda de la vie de la classe.\u00a0<strong>Fin des inscriptions le 16 f\u00e9vrier 2014. <a title=\"lien vers l'article des rallyes\" href=\"\/pole-maths\/?p=2170\" target=\"_blank\">Pr\u00e9sentation des rallyes<\/a><\/strong><\/p>\n<p><strong><br \/>\n<\/strong><\/p>\n<p><span style=\"font-size: x-large;\"><strong><span style=\"color: #ff0000;\">Un rallye de l&rsquo;\u00e9cole du socle<\/span><\/strong><\/span><\/p>\n<p><strong>\u00ab\u00a0Situations complexes et probl\u00e8mes math\u00e9matiques\u00a0\u00bb CM\/6\u00e8me et CE1\/CE2.<\/strong> Le rallye \u00a0 <strong>\u00ab la t\u00eate et les jambes\u00a02012 \u00bb<\/strong>\u00a0 est l\u2019illustration d\u2019un enseignement au service de l\u2019acquisition des comp\u00e9tences. Les \u00e9l\u00e8ves, durant une matin\u00e9e, ont altern\u00e9 \u00e9preuves d&rsquo;EPS, activit\u00e9s d&rsquo;orientation et r\u00e9solution de probl\u00e8mes math\u00e9matiques complexes sc\u00e9naris\u00e9s. Un rallye du r\u00e9seau ECLAIR de Place d\u2019Armes 2, Le Lamentin, Martinique.<\/p>\n<p><strong><a href=\"\/pole-maths\/wp-content\/uploads\/sites\/26\/2014\/01\/math-et-EPS.jpg\"><img loading=\"lazy\" decoding=\"async\" class=\"alignleft\" src=\"\/pole-maths\/wp-content\/uploads\/sites\/26\/2014\/01\/math-et-EPS.jpg\" alt=\"\" width=\"350\" height=\"140\" \/><\/a><\/strong><\/p>\n<p><strong><a title=\"Lien vers l'article pr\u00e9sentation du rallye\" href=\"\/pole-maths\/?p=1724\" target=\"_blank\">Pr\u00e9sentation du rallye<\/a><\/strong><\/p>\n<p><a title=\"lien vers organisation des \u00e9preuves CE1\/CE2\" href=\"\/pole-maths\/?p=1813\" target=\"_blank\">Organisation des \u00e9preuves CE1\/CE2<\/a><\/p>\n<p><a title=\"Lien vers l'article organisation des \u00e9preuves CM\/6\u00e8me\" href=\"\/pole-maths\/?p=1778\" target=\"_blank\">Organisation des \u00e9preuves CM\/6\u00e8me<\/a><\/p>\n<p>&nbsp;<\/p>\n<p><a href=\"\/pole-maths\/wp-content\/uploads\/sites\/26\/2014\/02\/img102_Page_5.jpg\"><img loading=\"lazy\" decoding=\"async\" src=\"\/pole-maths\/wp-content\/uploads\/sites\/26\/2014\/02\/img102_Page_5.jpg\" alt=\"\" width=\"150\" height=\"156\" \/><\/a><a href=\"\/pole-maths\/wp-content\/uploads\/sites\/26\/2014\/02\/miniature-probl\u00e8mes-CM.jpg\"><img loading=\"lazy\" decoding=\"async\" class=\"alignleft\" src=\"\/pole-maths\/wp-content\/uploads\/sites\/26\/2014\/02\/miniature-probl\u00e8mes-CM.jpg\" alt=\"\" width=\"200\" height=\"132\" \/><\/a><a href=\"\/pole-maths\/wp-content\/uploads\/sites\/26\/2014\/02\/miniature-probl\u00e8mes-CE.jpg\"><img loading=\"lazy\" decoding=\"async\" class=\"alignleft\" src=\"\/pole-maths\/wp-content\/uploads\/sites\/26\/2014\/02\/miniature-probl\u00e8mes-CE.jpg\" alt=\"\" width=\"219\" height=\"145\" \/><\/a><\/p>\n<p><a title=\"lien vers article probl\u00e8mes CE1\/CE2\" href=\"\/pole-maths\/?p=1851\" target=\"_blank\">Probl\u00e8mes du rallye CE1\/CE2<\/a> &#8211; <a title=\"lien vers probl\u00e8mes du rallye CM\/6\u00e8me\" href=\"\/pole-maths\/?p=1823\" target=\"_blank\">Probl\u00e8mes du rallye CM\/6\u00e8me <\/a>&#8211; <a title=\"lien vres l'article figures g\u00e9om\u00e9triques du rallye\" href=\"\/pole-maths\/?p=1887\" target=\"_blank\">Figures g\u00e9om\u00e9triques <\/a><\/p>\n<h2><strong><span style=\"color: #ff0000;\">Les rallyes de l&rsquo;IREM<\/span><\/strong><\/h2>\n<p style=\"text-align: justify;\"><a href=\"\/pole-maths\/wp-content\/uploads\/sites\/26\/2015\/06\/irem.png\"><img loading=\"lazy\" decoding=\"async\" class=\" size-full wp-image-3278 alignleft\" src=\"\/pole-maths\/wp-content\/uploads\/sites\/26\/2015\/06\/irem.png\" alt=\"irem\" width=\"157\" height=\"120\" srcset=\"https:\/\/site.ac-martinique.fr\/pole-maths\/wp-content\/uploads\/sites\/26\/2015\/06\/irem.png 157w, https:\/\/site.ac-martinique.fr\/pole-maths\/wp-content\/uploads\/sites\/26\/2015\/06\/irem-150x115.png 150w\" sizes=\"auto, (max-width: 157px) 100vw, 157px\" \/><\/a><a href=\"http:\/\/calamar.univ-ag.fr\/uag\/irem\/\">L&rsquo;IREM des Antilles et de la Guyane<\/a>\u00a0organise chaque ann\u00e9e un rallye math\u00e9matiques des Antilles et de la Guyane cat\u00e9gorie \u00e9cole, cat\u00e9gorie coll\u00e8ge et cat\u00e9gorie lyc\u00e9e.<\/p>\n<p style=\"text-align: justify;\">Il comprend une \u00e9preuve de s\u00e9lection, une \u00e9preuve acad\u00e9mique et\u00a0 certaines ann\u00e9es une \u00e9preuve inter-acad\u00e9mique.<\/p>\n<p style=\"text-align: justify;\">La mission math\u00e9matique remercie M Lo\u00efc Sinseau, responsable de la section IREM de la Martinique de nous avoir permis de mettre en ligne les \u00e9preuves des rallyes. <strong><a href=\"\/pole-maths\/?p=2513\" target=\"_blank\">D\u00e9couvrez l&rsquo;article.<\/a><\/strong><\/p>\n<p>&nbsp;<\/p>\n<p>&nbsp;<\/p>\n<p>&nbsp;<\/p>\n<p><strong><a href=\"\/pole-maths\/wp-content\/uploads\/sites\/26\/2014\/01\/math-et-EPS.jpg\"><br \/>\n<\/a><\/strong><\/p>\n","protected":false},"excerpt":{"rendered":"<p>&nbsp; &nbsp; Les rallyes calcul@tice 2014 Pour le plaisir de r\u00e9pondre \u00e0 un d\u00e9fi ludique et math\u00e9matique, les \u00a0rallyes : CP ; CE1 ; CE2 ; CM1 ; CM2\/6\u00e8me et SEGPA\u00a0\u00e0 mettre dans l&rsquo;agenda de la vie de la classe.\u00a0Fin&#8230; <a class=\"more-link\" href=\"https:\/\/site.ac-martinique.fr\/pole-maths\/?page_id=904\">Continue Reading &rarr;<\/a><\/p>\n","protected":false},"author":83,"featured_media":0,"parent":0,"menu_order":0,"comment_status":"closed","ping_status":"closed","template":"","meta":{"footnotes":""},"class_list":["post-904","page","type-page","status-publish","hentry"],"_links":{"self":[{"href":"https:\/\/site.ac-martinique.fr\/pole-maths\/index.php?rest_route=\/wp\/v2\/pages\/904","targetHints":{"allow":["GET"]}}],"collection":[{"href":"https:\/\/site.ac-martinique.fr\/pole-maths\/index.php?rest_route=\/wp\/v2\/pages"}],"about":[{"href":"https:\/\/site.ac-martinique.fr\/pole-maths\/index.php?rest_route=\/wp\/v2\/types\/page"}],"author":[{"embeddable":true,"href":"https:\/\/site.ac-martinique.fr\/pole-maths\/index.php?rest_route=\/wp\/v2\/users\/83"}],"replies":[{"embeddable":true,"href":"https:\/\/site.ac-martinique.fr\/pole-maths\/index.php?rest_route=%2Fwp%2Fv2%2Fcomments&post=904"}],"version-history":[{"count":48,"href":"https:\/\/site.ac-martinique.fr\/pole-maths\/index.php?rest_route=\/wp\/v2\/pages\/904\/revisions"}],"predecessor-version":[{"id":3280,"href":"https:\/\/site.ac-martinique.fr\/pole-maths\/index.php?rest_route=\/wp\/v2\/pages\/904\/revisions\/3280"}],"wp:attachment":[{"href":"https:\/\/site.ac-martinique.fr\/pole-maths\/index.php?rest_route=%2Fwp%2Fv2%2Fmedia&parent=904"}],"curies":[{"name":"wp","href":"https:\/\/api.w.org\/{rel}","templated":true}]}}