{"id":165,"date":"2013-06-25T23:33:48","date_gmt":"2013-06-25T23:33:48","guid":{"rendered":"\/robotique\/?page_id=165"},"modified":"2017-12-25T17:15:43","modified_gmt":"2017-12-25T17:15:43","slug":"ressources-2","status":"publish","type":"page","link":"https:\/\/site.ac-martinique.fr\/robotique\/?page_id=165","title":{"rendered":"Impression 3D"},"content":{"rendered":"<p style=\"text-align: center\"><span style=\"color: #3366ff;font-size: large;background-color: #ffff00\">De la mod\u00e9lisation 3D \u00e0 l&#8217;impression.\u00a0<\/span><\/p>\n<p>&nbsp;<\/p>\n<p>3 \u00e9tapes :<\/p>\n<p>1 &#8211; corriger les erreurs 3D des \u00e9l\u00e8ves sous Solid inspector 2 : <a href=\"https:\/\/extensions.sketchup.com\/fr\/content\/solid-inspector%C2%B2\">plugin gratuit \u00e0 ajouter \u00e0 sketchup<\/a><\/p>\n<p>2- transformer le ch\u00e2ssis au format STL : <a href=\"https:\/\/extensions.sketchup.com\/en\/content\/sketchup-stl\">plugin gratuit \u00e0 ajouter \u00e0 sketchup<\/a><\/p>\n<p>3- effectuer &#8220;le tranchage&#8221; avec <a href=\"https:\/\/github.com\/Ultimaker\/Cura\">cura <\/a>ou <a href=\"https:\/\/www.repetier.com\/download-now\/\">repetier<\/a> , c&#8217;est \u00e0 dire calculer les coordonn\u00e9es des points o\u00f9 doit se d\u00e9placer la buse de l&#8217;imprimante 3D<\/p>\n<p>&nbsp;<\/p>\n<p>https:\/\/www.youtube.com\/watch?v=IubAnqWvfAo<\/p>\n<p>&nbsp;<\/p>\n<p>&nbsp;<\/p>\n<p>Robot \u00e0 imprimer :<\/p>\n<ul>\n<li><a href=\"https:\/\/drive.google.com\/open?id=1SeUKfu7csARRVi5nmfgrVEXFLP15SZ1K\">T\u00e9l\u00e9charger maquette sketchup ici<\/a><\/li>\n<\/ul>\n<p><a href=\"\/robotique\/wp-content\/uploads\/sites\/31\/2013\/06\/robot-open-source1.jpg\"><img loading=\"lazy\" decoding=\"async\" class=\"aligncenter size-full wp-image-931\" src=\"\/robotique\/wp-content\/uploads\/sites\/31\/2013\/06\/robot-open-source1.jpg\" alt=\"robot-open-source\" width=\"500\" height=\"411\" srcset=\"https:\/\/site.ac-martinique.fr\/robotique\/wp-content\/uploads\/sites\/31\/2013\/06\/robot-open-source1.jpg 500w, https:\/\/site.ac-martinique.fr\/robotique\/wp-content\/uploads\/sites\/31\/2013\/06\/robot-open-source1-300x247.jpg 300w\" sizes=\"auto, (max-width: 500px) 100vw, 500px\" \/><\/a><\/p>\n<p>&nbsp;<\/p>\n<p>T\u00e9l\u00e9charger au format STL:<\/p>\n<ul>\n<li><a href=\"https:\/\/drive.google.com\/open?id=1rZhFanQcaLMIpxetfYZ0-h493RSbpocd\">T\u00e9l\u00e9charger roue STL<\/a><\/li>\n<li><a href=\"https:\/\/drive.google.com\/open?id=1JAiFc-FGIwQbci6Hgol2h9emayg0bfAf\">T\u00e9l\u00e9charger ch\u00e2ssis STL<\/a><\/li>\n<\/ul>\n<p><a href=\"\/robotique\/wp-content\/uploads\/sites\/31\/2013\/06\/chassis-robot.jpg\"><img loading=\"lazy\" decoding=\"async\" class=\"aligncenter size-full wp-image-928\" src=\"\/robotique\/wp-content\/uploads\/sites\/31\/2013\/06\/chassis-robot.jpg\" alt=\"chassis-robot\" width=\"593\" height=\"635\" srcset=\"https:\/\/site.ac-martinique.fr\/robotique\/wp-content\/uploads\/sites\/31\/2013\/06\/chassis-robot.jpg 593w, https:\/\/site.ac-martinique.fr\/robotique\/wp-content\/uploads\/sites\/31\/2013\/06\/chassis-robot-280x300.jpg 280w\" sizes=\"auto, (max-width: 593px) 100vw, 593px\" \/><\/a><\/p>\n","protected":false},"excerpt":{"rendered":"<p>De la mod\u00e9lisation 3D \u00e0 l&#8217;impression.\u00a0 &nbsp; 3 \u00e9tapes : 1 &#8211; corriger les erreurs 3D des \u00e9l\u00e8ves sous Solid inspector 2 : plugin gratuit \u00e0 ajouter \u00e0 sketchup 2- transformer le ch\u00e2ssis au format STL : plugin gratuit \u00e0 &hellip; <a href=\"https:\/\/site.ac-martinique.fr\/robotique\/?page_id=165\">Continue reading <span class=\"meta-nav\">&rarr;<\/span><\/a><\/p>\n","protected":false},"author":80,"featured_media":0,"parent":0,"menu_order":0,"comment_status":"closed","ping_status":"closed","template":"","meta":{"footnotes":""},"class_list":["post-165","page","type-page","status-publish","hentry"],"_links":{"self":[{"href":"https:\/\/site.ac-martinique.fr\/robotique\/index.php?rest_route=\/wp\/v2\/pages\/165","targetHints":{"allow":["GET"]}}],"collection":[{"href":"https:\/\/site.ac-martinique.fr\/robotique\/index.php?rest_route=\/wp\/v2\/pages"}],"about":[{"href":"https:\/\/site.ac-martinique.fr\/robotique\/index.php?rest_route=\/wp\/v2\/types\/page"}],"author":[{"embeddable":true,"href":"https:\/\/site.ac-martinique.fr\/robotique\/index.php?rest_route=\/wp\/v2\/users\/80"}],"replies":[{"embeddable":true,"href":"https:\/\/site.ac-martinique.fr\/robotique\/index.php?rest_route=%2Fwp%2Fv2%2Fcomments&post=165"}],"version-history":[{"count":25,"href":"https:\/\/site.ac-martinique.fr\/robotique\/index.php?rest_route=\/wp\/v2\/pages\/165\/revisions"}],"predecessor-version":[{"id":934,"href":"https:\/\/site.ac-martinique.fr\/robotique\/index.php?rest_route=\/wp\/v2\/pages\/165\/revisions\/934"}],"wp:attachment":[{"href":"https:\/\/site.ac-martinique.fr\/robotique\/index.php?rest_route=%2Fwp%2Fv2%2Fmedia&parent=165"}],"curies":[{"name":"wp","href":"https:\/\/api.w.org\/{rel}","templated":true}]}}