{"id":188,"date":"2013-06-26T03:38:12","date_gmt":"2013-06-26T03:38:12","guid":{"rendered":"\/robotique\/?page_id=188"},"modified":"2017-12-25T11:14:11","modified_gmt":"2017-12-25T11:14:11","slug":"arduino","status":"publish","type":"page","link":"https:\/\/site.ac-martinique.fr\/robotique\/?page_id=188","title":{"rendered":"Mat\u00e9riel"},"content":{"rendered":"<p style=\"text-align: center\"><span style=\"color: #3366ff\"><span style=\"font-size: x-large\">Mat\u00e9riel:<\/span><\/span><\/p>\n<p style=\"text-align: left\"><span style=\"text-decoration: underline\">Robot\u00a0assembl\u00e9<\/span><\/p>\n<p style=\"text-align: left\">_ Thimio (open source)<\/p>\n<p style=\"text-align: left\"><span style=\"text-decoration: underline\">Robot en kit:<\/span><\/p>\n<p style=\"text-align: left\">_ mBot (open source : carte arduino)<\/p>\n<p style=\"text-align: left\">_ l\u00e9go (syst\u00e8me ferm\u00e9)<\/p>\n<p style=\"text-align: left\"><span style=\"text-decoration: underline\">Robot \u00e0\u00a0concevoir, fabriquer et monter<\/span><\/p>\n<p style=\"text-align: left\">Cela permet \u00e0 l&#8217;\u00e9l\u00e8ve\u00a0d&#8217;\u00e9laborer toutes les \u00e9tapes de la d\u00e9marche de projet.<\/p>\n<p style=\"text-align: left\">Id\u00e9al pour les enseignants qui poss\u00e8dent une imprimante 3D.<\/p>\n<p style=\"text-align: left\"><strong>Proposition de\u00a0mat\u00e9riel :<\/strong><\/p>\n<p>https:\/\/youtu.be\/qa3fZKZ8xDw<\/p>\n<p>&nbsp;<\/p>\n<p style=\"text-align: center\">Pour une commande chez gotronic, demander une r\u00e9duction dans la cadre de la coupe de robotique de Martinique.<\/p>\n<p style=\"text-align: left\"><strong>Liste du mat\u00e9riel:<\/strong><\/p>\n<p><a href=\"\/robotique\/wp-content\/uploads\/sites\/31\/2013\/06\/Commande-arduino.jpg\"><img loading=\"lazy\" decoding=\"async\" class=\"aligncenter size-large wp-image-861\" src=\"\/robotique\/wp-content\/uploads\/sites\/31\/2013\/06\/Commande-arduino-998x1024.jpg\" alt=\"commande-arduino\" width=\"640\" height=\"657\" srcset=\"https:\/\/site.ac-martinique.fr\/robotique\/wp-content\/uploads\/sites\/31\/2013\/06\/Commande-arduino-998x1024.jpg 998w, https:\/\/site.ac-martinique.fr\/robotique\/wp-content\/uploads\/sites\/31\/2013\/06\/Commande-arduino-292x300.jpg 292w, https:\/\/site.ac-martinique.fr\/robotique\/wp-content\/uploads\/sites\/31\/2013\/06\/Commande-arduino.jpg 1069w\" sizes=\"auto, (max-width: 640px) 100vw, 640px\" \/><\/a><\/p>\n<p>&nbsp;<\/p>\n<p>&nbsp;<\/p>\n","protected":false},"excerpt":{"rendered":"<p>Mat\u00e9riel: Robot\u00a0assembl\u00e9 _ Thimio (open source) Robot en kit: _ mBot (open source : carte arduino) _ l\u00e9go (syst\u00e8me ferm\u00e9) Robot \u00e0\u00a0concevoir, fabriquer et monter Cela permet \u00e0 l&#8217;\u00e9l\u00e8ve\u00a0d&#8217;\u00e9laborer toutes les \u00e9tapes de la d\u00e9marche de projet. Id\u00e9al pour les &hellip; <a href=\"https:\/\/site.ac-martinique.fr\/robotique\/?page_id=188\">Continue reading <span class=\"meta-nav\">&rarr;<\/span><\/a><\/p>\n","protected":false},"author":80,"featured_media":0,"parent":0,"menu_order":0,"comment_status":"closed","ping_status":"closed","template":"","meta":{"footnotes":""},"class_list":["post-188","page","type-page","status-publish","hentry"],"_links":{"self":[{"href":"https:\/\/site.ac-martinique.fr\/robotique\/index.php?rest_route=\/wp\/v2\/pages\/188","targetHints":{"allow":["GET"]}}],"collection":[{"href":"https:\/\/site.ac-martinique.fr\/robotique\/index.php?rest_route=\/wp\/v2\/pages"}],"about":[{"href":"https:\/\/site.ac-martinique.fr\/robotique\/index.php?rest_route=\/wp\/v2\/types\/page"}],"author":[{"embeddable":true,"href":"https:\/\/site.ac-martinique.fr\/robotique\/index.php?rest_route=\/wp\/v2\/users\/80"}],"replies":[{"embeddable":true,"href":"https:\/\/site.ac-martinique.fr\/robotique\/index.php?rest_route=%2Fwp%2Fv2%2Fcomments&post=188"}],"version-history":[{"count":24,"href":"https:\/\/site.ac-martinique.fr\/robotique\/index.php?rest_route=\/wp\/v2\/pages\/188\/revisions"}],"predecessor-version":[{"id":926,"href":"https:\/\/site.ac-martinique.fr\/robotique\/index.php?rest_route=\/wp\/v2\/pages\/188\/revisions\/926"}],"wp:attachment":[{"href":"https:\/\/site.ac-martinique.fr\/robotique\/index.php?rest_route=%2Fwp%2Fv2%2Fmedia&parent=188"}],"curies":[{"name":"wp","href":"https:\/\/api.w.org\/{rel}","templated":true}]}}