{"id":199,"date":"2013-06-26T04:09:45","date_gmt":"2013-06-26T04:09:45","guid":{"rendered":"\/robotique\/?page_id=199"},"modified":"2017-12-25T11:16:19","modified_gmt":"2017-12-25T11:16:19","slug":"commande","status":"publish","type":"page","link":"https:\/\/site.ac-martinique.fr\/robotique\/?page_id=199","title":{"rendered":"Mod\u00e9lisation 3D"},"content":{"rendered":"<p style=\"text-align: center\"><span style=\"color: #3366ff;font-size: large;background-color: #ffff00\">Mod\u00e9lisation 3D du robot\u00a0<\/span><\/p>\n<p>J&#8217;utilise le logiciel Sketchup qui 2 avantages :<\/p>\n<ul>\n<li>Il est gratuit<\/li>\n<li>il possible de t\u00e9l\u00e9charger de nombreuses maquettes 3D : servomoteur, carte arduino&#8230;..<\/li>\n<\/ul>\n<p>Tutoriel pour les \u00e9l\u00e8ves:<\/p>\n<p>https:\/\/www.youtube.com\/watch?v=YaAhdDNDGxY<\/p>\n<p>&nbsp;<\/p>\n<p>&nbsp;<\/p>\n<p>&nbsp;<\/p>\n","protected":false},"excerpt":{"rendered":"<p>Mod\u00e9lisation 3D du robot\u00a0 J&#8217;utilise le logiciel Sketchup qui 2 avantages : Il est gratuit il possible de t\u00e9l\u00e9charger de nombreuses maquettes 3D : servomoteur, carte arduino&#8230;.. Tutoriel pour les \u00e9l\u00e8ves: https:\/\/www.youtube.com\/watch?v=YaAhdDNDGxY &nbsp; &nbsp; &nbsp;<\/p>\n","protected":false},"author":80,"featured_media":0,"parent":0,"menu_order":0,"comment_status":"closed","ping_status":"closed","template":"","meta":{"footnotes":""},"class_list":["post-199","page","type-page","status-publish","hentry"],"_links":{"self":[{"href":"https:\/\/site.ac-martinique.fr\/robotique\/index.php?rest_route=\/wp\/v2\/pages\/199","targetHints":{"allow":["GET"]}}],"collection":[{"href":"https:\/\/site.ac-martinique.fr\/robotique\/index.php?rest_route=\/wp\/v2\/pages"}],"about":[{"href":"https:\/\/site.ac-martinique.fr\/robotique\/index.php?rest_route=\/wp\/v2\/types\/page"}],"author":[{"embeddable":true,"href":"https:\/\/site.ac-martinique.fr\/robotique\/index.php?rest_route=\/wp\/v2\/users\/80"}],"replies":[{"embeddable":true,"href":"https:\/\/site.ac-martinique.fr\/robotique\/index.php?rest_route=%2Fwp%2Fv2%2Fcomments&post=199"}],"version-history":[{"count":41,"href":"https:\/\/site.ac-martinique.fr\/robotique\/index.php?rest_route=\/wp\/v2\/pages\/199\/revisions"}],"predecessor-version":[{"id":927,"href":"https:\/\/site.ac-martinique.fr\/robotique\/index.php?rest_route=\/wp\/v2\/pages\/199\/revisions\/927"}],"wp:attachment":[{"href":"https:\/\/site.ac-martinique.fr\/robotique\/index.php?rest_route=%2Fwp%2Fv2%2Fmedia&parent=199"}],"curies":[{"name":"wp","href":"https:\/\/api.w.org\/{rel}","templated":true}]}}