{"id":235,"date":"2013-07-01T08:14:02","date_gmt":"2013-07-01T08:14:02","guid":{"rendered":"\/robotique\/?page_id=235"},"modified":"2017-12-25T17:17:14","modified_gmt":"2017-12-25T17:17:14","slug":"contact","status":"publish","type":"page","link":"https:\/\/site.ac-martinique.fr\/robotique\/?page_id=235","title":{"rendered":"Contact"},"content":{"rendered":"<p><a href=\"\/robotique\/wp-content\/uploads\/sites\/31\/2013\/07\/CONTACT.jpg\"><img loading=\"lazy\" decoding=\"async\" class=\"size-full wp-image-913 alignleft\" src=\"\/robotique\/wp-content\/uploads\/sites\/31\/2013\/07\/CONTACT.jpg\" alt=\"contact\" width=\"306\" height=\"961\" srcset=\"https:\/\/site.ac-martinique.fr\/robotique\/wp-content\/uploads\/sites\/31\/2013\/07\/CONTACT.jpg 306w, https:\/\/site.ac-martinique.fr\/robotique\/wp-content\/uploads\/sites\/31\/2013\/07\/CONTACT-96x300.jpg 96w\" sizes=\"auto, (max-width: 306px) 100vw, 306px\" \/><\/a><em>Webmestre:\u00a0<\/em><\/p>\n<p>J\u00e9r\u00f4me Maumet<\/p>\n<p><span style=\"color: #3366ff\"><span style=\"color: #3366ff\">vahiny@gmail.com<\/span><\/span><\/p>\n<p>&nbsp;<\/p>\n<p><em>R\u00e9f\u00e9rent &#8220;arduino&#8221; :\u00a0<\/em><\/p>\n<p>Xavier GrandJean et J\u00e9r\u00f4me Maumet<\/p>\n<p><span style=\"color: #3366ff\">Xavier.Grandjean@ac-martinique.fr<\/span><\/p>\n<p>&nbsp;<\/p>\n<p><em>R\u00e9f\u00e9rent C++:<\/em><\/p>\n<p>Daniel Parade<\/p>\n<p><span style=\"color: #0000ff\">daniel.parade@ac-martinique.fr\u00a0<\/span><\/p>\n<p>&nbsp;<\/p>\n<p><em>R\u00e9f\u00e9rent mBot :<\/em><\/p>\n<p>J\u00e9r\u00f4me Maumet et David Ventura<\/p>\n<p><span style=\"color: #0000ff\">david.ventura@ac-martinique.fr\u00a0<\/span><\/p>\n<p>&nbsp;<\/p>\n<p><em>R\u00e9f\u00e9rent l\u00e9go:<\/em><\/p>\n<p>Alix Mansuela et David Palcy<\/p>\n<p><span style=\"color: #0000ff\">Alix.Mansuela@ac-martinique.fr\u00a0<\/span><\/p>\n<p><span style=\"color: #0000ff\">David.Palcy@ac-martinique.fr\u00a0<\/span><\/p>\n<p>&nbsp;<\/p>\n<p><em>R\u00e9f\u00e9rent thimio: <\/em><\/p>\n<p>David Ventura<\/p>\n<p>&nbsp;<\/p>\n","protected":false},"excerpt":{"rendered":"<p>Webmestre:\u00a0 J\u00e9r\u00f4me Maumet vahiny@gmail.com &nbsp; R\u00e9f\u00e9rent &#8220;arduino&#8221; :\u00a0 Xavier GrandJean et J\u00e9r\u00f4me Maumet Xavier.Grandjean@ac-martinique.fr &nbsp; R\u00e9f\u00e9rent C++: Daniel Parade daniel.parade@ac-martinique.fr\u00a0 &nbsp; R\u00e9f\u00e9rent mBot : J\u00e9r\u00f4me Maumet et David Ventura david.ventura@ac-martinique.fr\u00a0 &nbsp; R\u00e9f\u00e9rent l\u00e9go: Alix Mansuela et David Palcy Alix.Mansuela@ac-martinique.fr\u00a0 David.Palcy@ac-martinique.fr\u00a0 &hellip; <a href=\"https:\/\/site.ac-martinique.fr\/robotique\/?page_id=235\">Continue reading <span class=\"meta-nav\">&rarr;<\/span><\/a><\/p>\n","protected":false},"author":80,"featured_media":0,"parent":0,"menu_order":0,"comment_status":"closed","ping_status":"closed","template":"","meta":{"footnotes":""},"class_list":["post-235","page","type-page","status-publish","hentry"],"_links":{"self":[{"href":"https:\/\/site.ac-martinique.fr\/robotique\/index.php?rest_route=\/wp\/v2\/pages\/235","targetHints":{"allow":["GET"]}}],"collection":[{"href":"https:\/\/site.ac-martinique.fr\/robotique\/index.php?rest_route=\/wp\/v2\/pages"}],"about":[{"href":"https:\/\/site.ac-martinique.fr\/robotique\/index.php?rest_route=\/wp\/v2\/types\/page"}],"author":[{"embeddable":true,"href":"https:\/\/site.ac-martinique.fr\/robotique\/index.php?rest_route=\/wp\/v2\/users\/80"}],"replies":[{"embeddable":true,"href":"https:\/\/site.ac-martinique.fr\/robotique\/index.php?rest_route=%2Fwp%2Fv2%2Fcomments&post=235"}],"version-history":[{"count":10,"href":"https:\/\/site.ac-martinique.fr\/robotique\/index.php?rest_route=\/wp\/v2\/pages\/235\/revisions"}],"predecessor-version":[{"id":935,"href":"https:\/\/site.ac-martinique.fr\/robotique\/index.php?rest_route=\/wp\/v2\/pages\/235\/revisions\/935"}],"wp:attachment":[{"href":"https:\/\/site.ac-martinique.fr\/robotique\/index.php?rest_route=%2Fwp%2Fv2%2Fmedia&parent=235"}],"curies":[{"name":"wp","href":"https:\/\/api.w.org\/{rel}","templated":true}]}}