{"id":250,"date":"2013-07-01T14:56:55","date_gmt":"2013-07-01T14:56:55","guid":{"rendered":"\/robotique\/?page_id=250"},"modified":"2018-10-22T18:45:57","modified_gmt":"2018-10-22T18:45:57","slug":"epreuves-2013","status":"publish","type":"page","link":"https:\/\/site.ac-martinique.fr\/robotique\/?page_id=250","title":{"rendered":"Epreuves 2019"},"content":{"rendered":"<h1 style=\"text-align: center\"><span style=\"color: #008080\"><span style=\"color: #000000\"><b>\u00c9preuve<\/b><\/span><strong style=\"color: #008080\">\u00a0Coupe de robotique de Martinique 2019<\/strong><\/span><\/h1>\n<p><strong>Jeudi\u00a030 Mai au coll\u00e8ge Morne des Esses \u00e0 partir de 9h30<\/strong><\/p>\n<p><em>Tous les plateaux ont une largeur de 120 cm pour une longueur de 150 cm, les cases rep\u00e8res carr\u00e9s ont un cot\u00e9 de 30 cm.<\/em><\/p>\n<p><a href=\"\/robotique\/wp-content\/uploads\/sites\/31\/2017\/10\/Dimension-du-plateau.jpg\"><img loading=\"lazy\" decoding=\"async\" class=\"aligncenter wp-image-948\" src=\"\/robotique\/wp-content\/uploads\/sites\/31\/2017\/10\/Dimension-du-plateau-1024x675.jpg\" alt=\"dimension-du-plateau\" width=\"473\" height=\"287\" \/><\/a><\/p>\n<p><span style=\"text-decoration: underline\"><span style=\"color: #000000\"><b><u>\u00c9preuve<\/u><\/b><\/span><strong>\u00a0N\u00b01: Suiveur de ligne :<br \/>\n<\/strong><u>Cette \u00e9preuve est constitu\u00e9 de 2 plateaux<\/u><\/span><\/p>\n<p>Le robot doit suivre la ligne en \u00e9vitant les obstacles<\/p>\n<p><img loading=\"lazy\" decoding=\"async\" class=\"aligncenter size-large wp-image-984\" src=\"\/robotique\/wp-content\/uploads\/sites\/31\/2018\/10\/Epreuve-N\u00b01-tout-robot-1024x676.jpg\" alt=\"epreuve-n1-tout-robot\" width=\"640\" height=\"423\" srcset=\"https:\/\/site.ac-martinique.fr\/robotique\/wp-content\/uploads\/sites\/31\/2018\/10\/Epreuve-N\u00b01-tout-robot-1024x676.jpg 1024w, https:\/\/site.ac-martinique.fr\/robotique\/wp-content\/uploads\/sites\/31\/2018\/10\/Epreuve-N\u00b01-tout-robot-300x198.jpg 300w, https:\/\/site.ac-martinique.fr\/robotique\/wp-content\/uploads\/sites\/31\/2018\/10\/Epreuve-N\u00b01-tout-robot.jpg 1083w\" sizes=\"auto, (max-width: 640px) 100vw, 640px\" \/><\/p>\n<p><span style=\"text-decoration: underline\"><b>\u00a0<\/b><span style=\"color: #000000\"><b><u>\u00c9preuve<\/u><\/b><\/span><b>\u00a0N\u00b02: Voiture autonome<\/b><\/span><\/p>\n<p>Elles doivent circuler en suivant la route (ligne noire) sans se percuter et sans renverser le pi\u00e9ton.<\/p>\n<p><a href=\"\/robotique\/wp-content\/uploads\/sites\/31\/2018\/10\/Epreuve-N\u00b02-Voiture-autonome.jpg\"><img loading=\"lazy\" decoding=\"async\" class=\"aligncenter size-large wp-image-986\" src=\"\/robotique\/wp-content\/uploads\/sites\/31\/2018\/10\/Epreuve-N\u00b02-Voiture-autonome-1024x581.jpg\" alt=\"epreuve-n2-voiture-autonome\" width=\"640\" height=\"363\" srcset=\"https:\/\/site.ac-martinique.fr\/robotique\/wp-content\/uploads\/sites\/31\/2018\/10\/Epreuve-N\u00b02-Voiture-autonome-1024x581.jpg 1024w, https:\/\/site.ac-martinique.fr\/robotique\/wp-content\/uploads\/sites\/31\/2018\/10\/Epreuve-N\u00b02-Voiture-autonome-300x170.jpg 300w, https:\/\/site.ac-martinique.fr\/robotique\/wp-content\/uploads\/sites\/31\/2018\/10\/Epreuve-N\u00b02-Voiture-autonome.jpg 1239w\" sizes=\"auto, (max-width: 640px) 100vw, 640px\" \/><\/a><\/p>\n<p><span style=\"text-decoration: underline\"><span style=\"color: #000000\"><b><u>\u00c9preuve<\/u><\/b><\/span><strong>\u00a0N\u00b03 : Sumo\u00a0<\/strong><\/span><\/p>\n<p>Pousser le robot adverse en dehors du plateau.<\/p>\n<p><a href=\"\/robotique\/wp-content\/uploads\/sites\/31\/2017\/10\/sumo.jpg\"><img loading=\"lazy\" decoding=\"async\" class=\"aligncenter size-large wp-image-847\" src=\"\/robotique\/wp-content\/uploads\/sites\/31\/2017\/10\/sumo-1024x501.jpg\" alt=\"sumo\" width=\"640\" height=\"313\" srcset=\"https:\/\/site.ac-martinique.fr\/robotique\/wp-content\/uploads\/sites\/31\/2017\/10\/sumo-1024x501.jpg 1024w, https:\/\/site.ac-martinique.fr\/robotique\/wp-content\/uploads\/sites\/31\/2017\/10\/sumo-300x147.jpg 300w, https:\/\/site.ac-martinique.fr\/robotique\/wp-content\/uploads\/sites\/31\/2017\/10\/sumo.jpg 1229w\" sizes=\"auto, (max-width: 640px) 100vw, 640px\" \/><\/a><\/p>\n<h4 style=\"text-align: center\"><\/h4>\n","protected":false},"excerpt":{"rendered":"<p>\u00c9preuve\u00a0Coupe de robotique de Martinique 2019 Jeudi\u00a030 Mai au coll\u00e8ge Morne des Esses \u00e0 partir de 9h30 Tous les plateaux ont une largeur de 120 cm pour une longueur de 150 cm, les cases rep\u00e8res carr\u00e9s ont un cot\u00e9 de &hellip; <a href=\"https:\/\/site.ac-martinique.fr\/robotique\/?page_id=250\">Continue reading <span class=\"meta-nav\">&rarr;<\/span><\/a><\/p>\n","protected":false},"author":80,"featured_media":777,"parent":0,"menu_order":0,"comment_status":"closed","ping_status":"closed","template":"","meta":{"footnotes":""},"class_list":["post-250","page","type-page","status-publish","has-post-thumbnail","hentry"],"_links":{"self":[{"href":"https:\/\/site.ac-martinique.fr\/robotique\/index.php?rest_route=\/wp\/v2\/pages\/250","targetHints":{"allow":["GET"]}}],"collection":[{"href":"https:\/\/site.ac-martinique.fr\/robotique\/index.php?rest_route=\/wp\/v2\/pages"}],"about":[{"href":"https:\/\/site.ac-martinique.fr\/robotique\/index.php?rest_route=\/wp\/v2\/types\/page"}],"author":[{"embeddable":true,"href":"https:\/\/site.ac-martinique.fr\/robotique\/index.php?rest_route=\/wp\/v2\/users\/80"}],"replies":[{"embeddable":true,"href":"https:\/\/site.ac-martinique.fr\/robotique\/index.php?rest_route=%2Fwp%2Fv2%2Fcomments&post=250"}],"version-history":[{"count":51,"href":"https:\/\/site.ac-martinique.fr\/robotique\/index.php?rest_route=\/wp\/v2\/pages\/250\/revisions"}],"predecessor-version":[{"id":1043,"href":"https:\/\/site.ac-martinique.fr\/robotique\/index.php?rest_route=\/wp\/v2\/pages\/250\/revisions\/1043"}],"wp:featuredmedia":[{"embeddable":true,"href":"https:\/\/site.ac-martinique.fr\/robotique\/index.php?rest_route=\/wp\/v2\/media\/777"}],"wp:attachment":[{"href":"https:\/\/site.ac-martinique.fr\/robotique\/index.php?rest_route=%2Fwp%2Fv2%2Fmedia&parent=250"}],"curies":[{"name":"wp","href":"https:\/\/api.w.org\/{rel}","templated":true}]}}