{"id":1002,"date":"2022-05-30T14:53:05","date_gmt":"2022-05-30T18:53:05","guid":{"rendered":"https:\/\/site.ac-martinique.fr\/sciences-economiques\/?page_id=1002"},"modified":"2022-06-01T18:27:30","modified_gmt":"2022-06-01T22:27:30","slug":"ioseconde","status":"publish","type":"page","link":"https:\/\/site.ac-martinique.fr\/sciences-economiques\/?page_id=1002","title":{"rendered":"Instructions officielles"},"content":{"rendered":"<p><strong><a href=\"https:\/\/site.ac-martinique.fr\/sciences-economiques\/wp-content\/uploads\/sites\/25\/2022\/06\/Programme2.jpg\"><img loading=\"lazy\" decoding=\"async\" class=\"alignnone  wp-image-1044\" src=\"https:\/\/site.ac-martinique.fr\/sciences-economiques\/wp-content\/uploads\/sites\/25\/2022\/06\/Programme2.jpg\" alt=\"\" width=\"161\" height=\"114\" \/><\/a><\/strong>Le programme de l&#8217;enseignement de SES de la <strong>classe de seconde g\u00e9n\u00e9rale et technologique\u00a0 de la voie g\u00e9n\u00e9rale<\/strong> est d\u00e9fini par arr\u00eat\u00e9 du 17-1-2019 publi\u00e9 au BO sp\u00e9cial n\u00b0 1 du 22 janvier 2019.<\/p>\n<p>Les sciences \u00e9conomiques et sociales font partie des enseignements communs \u00e0 tous les<br \/>\n\u00e9l\u00e8ves de la classe de seconde. Cet enseignement vise \u00e0 :<br \/>\n\uf02d faire acqu\u00e9rir aux \u00e9l\u00e8ves la <strong><em>ma\u00eetrise des notions et raisonnements essentiels<\/em><\/strong> en<br \/>\n\u00e9conomie, sociologie et science politique ;<br \/>\n\uf02d permettre aux \u00e9l\u00e8ves de <em><strong>d\u00e9couvrir de nouveaux champs disciplinaires<\/strong><\/em>, que leurs<br \/>\n\u00e9tudes ant\u00e9rieures ne leur ont pas permis d&#8217;aborder, et ainsi \u00e9clairer leur choix<br \/>\nd\u2019enseignement de sp\u00e9cialit\u00e9 pour leur poursuite d\u2019\u00e9tudes dans le cycle terminal du<br \/>\nlyc\u00e9e ;<br \/>\n\uf02d contribuer \u00e0 la <em><strong>formation civique des \u00e9l\u00e8ves<\/strong><\/em> par une meilleure connaissance et<br \/>\ncompr\u00e9hension des grands enjeux \u00e9conomiques, sociaux et politiques.<\/p>\n<p><strong><span style=\"color: #ff0000;\">Cliquer ici<\/span><\/strong> pour acc\u00e9der au programme : <a href=\"https:\/\/eduscol.education.fr\/document\/23149\/download\">https:\/\/eduscol.education.fr\/document\/23149\/download<\/a><\/p>\n","protected":false},"excerpt":{"rendered":"<p>Le programme de l&#8217;enseignement de SES de la classe de seconde g\u00e9n\u00e9rale et technologique\u00a0 de la voie g\u00e9n\u00e9rale est d\u00e9fini par arr\u00eat\u00e9 du 17-1-2019 publi\u00e9 au BO sp\u00e9cial n\u00b0 1 du 22 janvier 2019. Les sciences \u00e9conomiques et sociales font &hellip; <a href=\"https:\/\/site.ac-martinique.fr\/sciences-economiques\/?page_id=1002\">Continuer la lecture <span class=\"meta-nav\">&rarr;<\/span><\/a><\/p>\n","protected":false},"author":81,"featured_media":0,"parent":972,"menu_order":1,"comment_status":"closed","ping_status":"closed","template":"","meta":{"footnotes":"","_links_to":"","_links_to_target":""},"class_list":["post-1002","page","type-page","status-publish","hentry"],"_links":{"self":[{"href":"https:\/\/site.ac-martinique.fr\/sciences-economiques\/index.php?rest_route=\/wp\/v2\/pages\/1002","targetHints":{"allow":["GET"]}}],"collection":[{"href":"https:\/\/site.ac-martinique.fr\/sciences-economiques\/index.php?rest_route=\/wp\/v2\/pages"}],"about":[{"href":"https:\/\/site.ac-martinique.fr\/sciences-economiques\/index.php?rest_route=\/wp\/v2\/types\/page"}],"author":[{"embeddable":true,"href":"https:\/\/site.ac-martinique.fr\/sciences-economiques\/index.php?rest_route=\/wp\/v2\/users\/81"}],"replies":[{"embeddable":true,"href":"https:\/\/site.ac-martinique.fr\/sciences-economiques\/index.php?rest_route=%2Fwp%2Fv2%2Fcomments&post=1002"}],"version-history":[{"count":21,"href":"https:\/\/site.ac-martinique.fr\/sciences-economiques\/index.php?rest_route=\/wp\/v2\/pages\/1002\/revisions"}],"predecessor-version":[{"id":1108,"href":"https:\/\/site.ac-martinique.fr\/sciences-economiques\/index.php?rest_route=\/wp\/v2\/pages\/1002\/revisions\/1108"}],"up":[{"embeddable":true,"href":"https:\/\/site.ac-martinique.fr\/sciences-economiques\/index.php?rest_route=\/wp\/v2\/pages\/972"}],"wp:attachment":[{"href":"https:\/\/site.ac-martinique.fr\/sciences-economiques\/index.php?rest_route=%2Fwp%2Fv2%2Fmedia&parent=1002"}],"curies":[{"name":"wp","href":"https:\/\/api.w.org\/{rel}","templated":true}]}}