{"id":1021,"date":"2022-06-01T11:07:59","date_gmt":"2022-06-01T15:07:59","guid":{"rendered":"https:\/\/site.ac-martinique.fr\/sciences-economiques\/?page_id=1021"},"modified":"2022-06-01T18:25:02","modified_gmt":"2022-06-01T22:25:02","slug":"instructions-officielles","status":"publish","type":"page","link":"https:\/\/site.ac-martinique.fr\/sciences-economiques\/?page_id=1021","title":{"rendered":"Instructions officielles"},"content":{"rendered":"<p><strong><a href=\"https:\/\/site.ac-martinique.fr\/sciences-economiques\/wp-content\/uploads\/sites\/25\/2022\/06\/Programme3.jpg\"><img loading=\"lazy\" decoding=\"async\" class=\"alignnone  wp-image-1043\" src=\"https:\/\/site.ac-martinique.fr\/sciences-economiques\/wp-content\/uploads\/sites\/25\/2022\/06\/Programme3-300x136.jpg\" alt=\"\" width=\"207\" height=\"94\" srcset=\"https:\/\/site.ac-martinique.fr\/sciences-economiques\/wp-content\/uploads\/sites\/25\/2022\/06\/Programme3-300x136.jpg 300w, https:\/\/site.ac-martinique.fr\/sciences-economiques\/wp-content\/uploads\/sites\/25\/2022\/06\/Programme3.jpg 333w\" sizes=\"auto, (max-width: 207px) 100vw, 207px\" \/><\/a><\/strong>Le programme de l&#8217;enseignement de sp\u00e9cialit\u00e9 de SES de la classe de premi\u00e8re de la voie g\u00e9n\u00e9rale est d\u00e9fini par arr\u00eat\u00e9 du 17-1-2019 publi\u00e9 au BO sp\u00e9cial n\u00b0 1 du 22 janvier 2019.<\/p>\n<p>L\u2019enseignement de sp\u00e9cialit\u00e9 de sciences \u00e9conomiques et sociales dans le cycle terminal<br \/>\ns\u2019adresse aux \u00e9l\u00e8ves d\u00e9sireux de poursuivre l\u2019enseignement commun suivi en seconde dans<br \/>\nune logique d\u2019approfondissement et de diversification des th\u00e8mes abord\u00e9s.<\/p>\n<p><span style=\"color: #ff0000;\"><strong>Cliquer ici pour acc\u00e9der au programme : <\/strong><\/span><a href=\"https:\/\/eduscol.education.fr\/document\/23152\/download\">https:\/\/eduscol.education.fr\/document\/23152\/download<\/a><\/p>\n","protected":false},"excerpt":{"rendered":"<p>Le programme de l&#8217;enseignement de sp\u00e9cialit\u00e9 de SES de la classe de premi\u00e8re de la voie g\u00e9n\u00e9rale est d\u00e9fini par arr\u00eat\u00e9 du 17-1-2019 publi\u00e9 au BO sp\u00e9cial n\u00b0 1 du 22 janvier 2019. L\u2019enseignement de sp\u00e9cialit\u00e9 de sciences \u00e9conomiques et &hellip; <a href=\"https:\/\/site.ac-martinique.fr\/sciences-economiques\/?page_id=1021\">Continuer la lecture <span class=\"meta-nav\">&rarr;<\/span><\/a><\/p>\n","protected":false},"author":81,"featured_media":0,"parent":973,"menu_order":1,"comment_status":"closed","ping_status":"closed","template":"","meta":{"footnotes":"","_links_to":"","_links_to_target":""},"class_list":["post-1021","page","type-page","status-publish","hentry"],"_links":{"self":[{"href":"https:\/\/site.ac-martinique.fr\/sciences-economiques\/index.php?rest_route=\/wp\/v2\/pages\/1021","targetHints":{"allow":["GET"]}}],"collection":[{"href":"https:\/\/site.ac-martinique.fr\/sciences-economiques\/index.php?rest_route=\/wp\/v2\/pages"}],"about":[{"href":"https:\/\/site.ac-martinique.fr\/sciences-economiques\/index.php?rest_route=\/wp\/v2\/types\/page"}],"author":[{"embeddable":true,"href":"https:\/\/site.ac-martinique.fr\/sciences-economiques\/index.php?rest_route=\/wp\/v2\/users\/81"}],"replies":[{"embeddable":true,"href":"https:\/\/site.ac-martinique.fr\/sciences-economiques\/index.php?rest_route=%2Fwp%2Fv2%2Fcomments&post=1021"}],"version-history":[{"count":9,"href":"https:\/\/site.ac-martinique.fr\/sciences-economiques\/index.php?rest_route=\/wp\/v2\/pages\/1021\/revisions"}],"predecessor-version":[{"id":1106,"href":"https:\/\/site.ac-martinique.fr\/sciences-economiques\/index.php?rest_route=\/wp\/v2\/pages\/1021\/revisions\/1106"}],"up":[{"embeddable":true,"href":"https:\/\/site.ac-martinique.fr\/sciences-economiques\/index.php?rest_route=\/wp\/v2\/pages\/973"}],"wp:attachment":[{"href":"https:\/\/site.ac-martinique.fr\/sciences-economiques\/index.php?rest_route=%2Fwp%2Fv2%2Fmedia&parent=1021"}],"curies":[{"name":"wp","href":"https:\/\/api.w.org\/{rel}","templated":true}]}}