{"id":1089,"date":"2022-06-01T17:46:45","date_gmt":"2022-06-01T21:46:45","guid":{"rendered":"https:\/\/site.ac-martinique.fr\/sciences-economiques\/?page_id=1089"},"modified":"2023-06-14T03:41:39","modified_gmt":"2023-06-14T07:41:39","slug":"liens-vers-dautres-sites","status":"publish","type":"page","link":"https:\/\/site.ac-martinique.fr\/sciences-economiques\/?page_id=1089","title":{"rendered":"Liens vers d&#8217;autres sites"},"content":{"rendered":"\n<p><strong>Ressources num\u00e9riques et SES : En route pour le bac<\/strong>. <\/p>\n\n\n\n<p>Il s&#8217;agit d&#8217;une <a href=\"https:\/\/digipad.app\/p\/287701\/e0c59d3e8d9ff\" target=\"_blank\" rel=\"noreferrer noopener\">plateforme d&#8217;apprentissage<\/a> par auto-\u00e9valuation destin\u00e9e aux \u00e9l\u00e8ves de Terminale et \u00e0 leurs professeurs (acad\u00e9mie de Nantes). <\/p>\n\n\n\n<p><\/p>\n","protected":false},"excerpt":{"rendered":"<p>Ressources num\u00e9riques et SES : En route pour le bac. Il s&#8217;agit d&#8217;une plateforme d&#8217;apprentissage par auto-\u00e9valuation destin\u00e9e aux \u00e9l\u00e8ves de Terminale et \u00e0 leurs professeurs (acad\u00e9mie de Nantes).<\/p>\n","protected":false},"author":81,"featured_media":0,"parent":974,"menu_order":3,"comment_status":"closed","ping_status":"closed","template":"","meta":{"footnotes":"","_links_to":"","_links_to_target":""},"class_list":["post-1089","page","type-page","status-publish","hentry"],"_links":{"self":[{"href":"https:\/\/site.ac-martinique.fr\/sciences-economiques\/index.php?rest_route=\/wp\/v2\/pages\/1089","targetHints":{"allow":["GET"]}}],"collection":[{"href":"https:\/\/site.ac-martinique.fr\/sciences-economiques\/index.php?rest_route=\/wp\/v2\/pages"}],"about":[{"href":"https:\/\/site.ac-martinique.fr\/sciences-economiques\/index.php?rest_route=\/wp\/v2\/types\/page"}],"author":[{"embeddable":true,"href":"https:\/\/site.ac-martinique.fr\/sciences-economiques\/index.php?rest_route=\/wp\/v2\/users\/81"}],"replies":[{"embeddable":true,"href":"https:\/\/site.ac-martinique.fr\/sciences-economiques\/index.php?rest_route=%2Fwp%2Fv2%2Fcomments&post=1089"}],"version-history":[{"count":3,"href":"https:\/\/site.ac-martinique.fr\/sciences-economiques\/index.php?rest_route=\/wp\/v2\/pages\/1089\/revisions"}],"predecessor-version":[{"id":1616,"href":"https:\/\/site.ac-martinique.fr\/sciences-economiques\/index.php?rest_route=\/wp\/v2\/pages\/1089\/revisions\/1616"}],"up":[{"embeddable":true,"href":"https:\/\/site.ac-martinique.fr\/sciences-economiques\/index.php?rest_route=\/wp\/v2\/pages\/974"}],"wp:attachment":[{"href":"https:\/\/site.ac-martinique.fr\/sciences-economiques\/index.php?rest_route=%2Fwp%2Fv2%2Fmedia&parent=1089"}],"curies":[{"name":"wp","href":"https:\/\/api.w.org\/{rel}","templated":true}]}}