{"id":1194,"date":"2022-09-01T11:45:44","date_gmt":"2022-09-01T15:45:44","guid":{"rendered":"https:\/\/site.ac-martinique.fr\/sciences-economiques\/?page_id=1194"},"modified":"2025-09-18T08:36:44","modified_gmt":"2025-09-18T12:36:44","slug":"proposition-de-progressions","status":"publish","type":"page","link":"https:\/\/site.ac-martinique.fr\/sciences-economiques\/?page_id=1194","title":{"rendered":"Proposition de progression (2025-2026)"},"content":{"rendered":"<p>Proposition de progression issue des r\u00e9flexions men\u00e9es au sein du GRF de SES de l&#8217;acad\u00e9mie Martinique : <a href=\"https:\/\/site.ac-martinique.fr\/sciences-economiques\/wp-content\/uploads\/sites\/25\/2025\/09\/Progression_TSES-GRF-2025.pdf\" target=\"_blank\" rel=\"noopener\">Progression terminale SES<\/a><\/p>\n","protected":false},"excerpt":{"rendered":"<p>Proposition de progression issue des r\u00e9flexions men\u00e9es au sein du GRF de SES de l&#8217;acad\u00e9mie Martinique : Progression terminale SES<\/p>\n","protected":false},"author":81,"featured_media":0,"parent":974,"menu_order":2,"comment_status":"closed","ping_status":"closed","template":"","meta":{"footnotes":"","_links_to":"","_links_to_target":""},"class_list":["post-1194","page","type-page","status-publish","hentry"],"_links":{"self":[{"href":"https:\/\/site.ac-martinique.fr\/sciences-economiques\/index.php?rest_route=\/wp\/v2\/pages\/1194","targetHints":{"allow":["GET"]}}],"collection":[{"href":"https:\/\/site.ac-martinique.fr\/sciences-economiques\/index.php?rest_route=\/wp\/v2\/pages"}],"about":[{"href":"https:\/\/site.ac-martinique.fr\/sciences-economiques\/index.php?rest_route=\/wp\/v2\/types\/page"}],"author":[{"embeddable":true,"href":"https:\/\/site.ac-martinique.fr\/sciences-economiques\/index.php?rest_route=\/wp\/v2\/users\/81"}],"replies":[{"embeddable":true,"href":"https:\/\/site.ac-martinique.fr\/sciences-economiques\/index.php?rest_route=%2Fwp%2Fv2%2Fcomments&post=1194"}],"version-history":[{"count":4,"href":"https:\/\/site.ac-martinique.fr\/sciences-economiques\/index.php?rest_route=\/wp\/v2\/pages\/1194\/revisions"}],"predecessor-version":[{"id":1809,"href":"https:\/\/site.ac-martinique.fr\/sciences-economiques\/index.php?rest_route=\/wp\/v2\/pages\/1194\/revisions\/1809"}],"up":[{"embeddable":true,"href":"https:\/\/site.ac-martinique.fr\/sciences-economiques\/index.php?rest_route=\/wp\/v2\/pages\/974"}],"wp:attachment":[{"href":"https:\/\/site.ac-martinique.fr\/sciences-economiques\/index.php?rest_route=%2Fwp%2Fv2%2Fmedia&parent=1194"}],"curies":[{"name":"wp","href":"https:\/\/api.w.org\/{rel}","templated":true}]}}