{"id":1220,"date":"2022-09-03T10:05:02","date_gmt":"2022-09-03T14:05:02","guid":{"rendered":"https:\/\/site.ac-martinique.fr\/sciences-economiques\/?page_id=1220"},"modified":"2022-09-03T10:05:02","modified_gmt":"2022-09-03T14:05:02","slug":"la-plate-forme-apps-education-fr","status":"publish","type":"page","link":"https:\/\/site.ac-martinique.fr\/sciences-economiques\/?page_id=1220","title":{"rendered":"La plate-forme apps.education.fr"},"content":{"rendered":"<p>Un nouveau service de classes virtuelles, disponible sur la plateforme minist\u00e9rielle apps.education.fr, est \u00e0 disposition de la communaut\u00e9 \u00e9ducative depuis juin 2022. Ce calendrier assure la continuit\u00e9 du service et permet une appropriation progressive. Il devient le service de classes virtuelles de r\u00e9f\u00e9rence \u00e0 la rentr\u00e9e 2022, compte tenu de l&#8217;arr\u00eat fin juillet 2022 du service\u00a0\u00ab Mes classes virtuelles \u00bb du CNED.<\/p>\n<p><a href=\"https:\/\/eduscol.education.fr\/3209\/le-service-de-classes-virtuelles-sur-la-plateforme-appseducationfr\">https:\/\/eduscol.education.fr\/3209\/le-service-de-classes-virtuelles-sur-la-plateforme-appseducationfr<\/a><\/p>\n","protected":false},"excerpt":{"rendered":"<p>Un nouveau service de classes virtuelles, disponible sur la plateforme minist\u00e9rielle apps.education.fr, est \u00e0 disposition de la communaut\u00e9 \u00e9ducative depuis juin 2022. Ce calendrier assure la continuit\u00e9 du service et permet une appropriation progressive. Il devient le service de classes &hellip; <a href=\"https:\/\/site.ac-martinique.fr\/sciences-economiques\/?page_id=1220\">Continuer la lecture <span class=\"meta-nav\">&rarr;<\/span><\/a><\/p>\n","protected":false},"author":81,"featured_media":0,"parent":1161,"menu_order":1,"comment_status":"closed","ping_status":"closed","template":"","meta":{"footnotes":"","_links_to":"","_links_to_target":""},"class_list":["post-1220","page","type-page","status-publish","hentry"],"_links":{"self":[{"href":"https:\/\/site.ac-martinique.fr\/sciences-economiques\/index.php?rest_route=\/wp\/v2\/pages\/1220","targetHints":{"allow":["GET"]}}],"collection":[{"href":"https:\/\/site.ac-martinique.fr\/sciences-economiques\/index.php?rest_route=\/wp\/v2\/pages"}],"about":[{"href":"https:\/\/site.ac-martinique.fr\/sciences-economiques\/index.php?rest_route=\/wp\/v2\/types\/page"}],"author":[{"embeddable":true,"href":"https:\/\/site.ac-martinique.fr\/sciences-economiques\/index.php?rest_route=\/wp\/v2\/users\/81"}],"replies":[{"embeddable":true,"href":"https:\/\/site.ac-martinique.fr\/sciences-economiques\/index.php?rest_route=%2Fwp%2Fv2%2Fcomments&post=1220"}],"version-history":[{"count":1,"href":"https:\/\/site.ac-martinique.fr\/sciences-economiques\/index.php?rest_route=\/wp\/v2\/pages\/1220\/revisions"}],"predecessor-version":[{"id":1221,"href":"https:\/\/site.ac-martinique.fr\/sciences-economiques\/index.php?rest_route=\/wp\/v2\/pages\/1220\/revisions\/1221"}],"up":[{"embeddable":true,"href":"https:\/\/site.ac-martinique.fr\/sciences-economiques\/index.php?rest_route=\/wp\/v2\/pages\/1161"}],"wp:attachment":[{"href":"https:\/\/site.ac-martinique.fr\/sciences-economiques\/index.php?rest_route=%2Fwp%2Fv2%2Fmedia&parent=1220"}],"curies":[{"name":"wp","href":"https:\/\/api.w.org\/{rel}","templated":true}]}}