{"id":1222,"date":"2022-09-03T10:11:43","date_gmt":"2022-09-03T14:11:43","guid":{"rendered":"https:\/\/site.ac-martinique.fr\/sciences-economiques\/?page_id=1222"},"modified":"2022-09-03T10:11:43","modified_gmt":"2022-09-03T14:11:43","slug":"les-cours-lumni-au-lycee","status":"publish","type":"page","link":"https:\/\/site.ac-martinique.fr\/sciences-economiques\/?page_id=1222","title":{"rendered":"Les cours Lumni au lyc\u00e9e"},"content":{"rendered":"<p>Des supports p\u00e9dagogiques ainsi que des prolongements possibles permettant de r\u00e9investir les notions abord\u00e9es dans les <strong>cours Lumni<\/strong> sont disponibles en cliquant sur le lien ci-dessous. Les vid\u00e9os des cours y sont \u00e9galement accessibles.<\/p>\n<p><a href=\"https:\/\/eduscol.education.fr\/2043\/nation-apprenante-les-cours-lumni-au-lycee\">https:\/\/eduscol.education.fr\/2043\/nation-apprenante-les-cours-lumni-au-lycee<\/a><\/p>\n","protected":false},"excerpt":{"rendered":"<p>Des supports p\u00e9dagogiques ainsi que des prolongements possibles permettant de r\u00e9investir les notions abord\u00e9es dans les cours Lumni sont disponibles en cliquant sur le lien ci-dessous. Les vid\u00e9os des cours y sont \u00e9galement accessibles. https:\/\/eduscol.education.fr\/2043\/nation-apprenante-les-cours-lumni-au-lycee<\/p>\n","protected":false},"author":81,"featured_media":0,"parent":1161,"menu_order":2,"comment_status":"closed","ping_status":"closed","template":"","meta":{"footnotes":"","_links_to":"","_links_to_target":""},"class_list":["post-1222","page","type-page","status-publish","hentry"],"_links":{"self":[{"href":"https:\/\/site.ac-martinique.fr\/sciences-economiques\/index.php?rest_route=\/wp\/v2\/pages\/1222","targetHints":{"allow":["GET"]}}],"collection":[{"href":"https:\/\/site.ac-martinique.fr\/sciences-economiques\/index.php?rest_route=\/wp\/v2\/pages"}],"about":[{"href":"https:\/\/site.ac-martinique.fr\/sciences-economiques\/index.php?rest_route=\/wp\/v2\/types\/page"}],"author":[{"embeddable":true,"href":"https:\/\/site.ac-martinique.fr\/sciences-economiques\/index.php?rest_route=\/wp\/v2\/users\/81"}],"replies":[{"embeddable":true,"href":"https:\/\/site.ac-martinique.fr\/sciences-economiques\/index.php?rest_route=%2Fwp%2Fv2%2Fcomments&post=1222"}],"version-history":[{"count":1,"href":"https:\/\/site.ac-martinique.fr\/sciences-economiques\/index.php?rest_route=\/wp\/v2\/pages\/1222\/revisions"}],"predecessor-version":[{"id":1223,"href":"https:\/\/site.ac-martinique.fr\/sciences-economiques\/index.php?rest_route=\/wp\/v2\/pages\/1222\/revisions\/1223"}],"up":[{"embeddable":true,"href":"https:\/\/site.ac-martinique.fr\/sciences-economiques\/index.php?rest_route=\/wp\/v2\/pages\/1161"}],"wp:attachment":[{"href":"https:\/\/site.ac-martinique.fr\/sciences-economiques\/index.php?rest_route=%2Fwp%2Fv2%2Fmedia&parent=1222"}],"curies":[{"name":"wp","href":"https:\/\/api.w.org\/{rel}","templated":true}]}}