{"id":1228,"date":"2022-09-03T10:28:40","date_gmt":"2022-09-03T14:28:40","guid":{"rendered":"https:\/\/site.ac-martinique.fr\/sciences-economiques\/?page_id=1228"},"modified":"2022-09-03T10:28:40","modified_gmt":"2022-09-03T14:28:40","slug":"selection-de-ressources-videos","status":"publish","type":"page","link":"https:\/\/site.ac-martinique.fr\/sciences-economiques\/?page_id=1228","title":{"rendered":"S\u00e9lection de ressources vid\u00e9os"},"content":{"rendered":"<p>De\u00a0<a class=\"lien_externe\" href=\"https:\/\/www.lumni.fr\/lycee\/premiere\/specialites\/sciences-economiques-et-sociales\" target=\"_blank\" rel=\"noopener\">nombreuses vid\u00e9os sont disponibles pour illustrer les cours de sciences \u00e9conomiques et sociales sur le site Lumni<\/a>\u00a0(anciennement France tv \u00e9ducation).<\/p>\n<p>Des vid\u00e9os de cours invers\u00e9s accompagn\u00e9s de questionnaires et de cartes flash r\u00e9vision disponibles sur le site de l&#8217;acad\u00e9mie de Versailles :<\/p>\n<p><a href=\"http:\/\/www.ses.ac-versailles.fr\/index.html\">http:\/\/www.ses.ac-versailles.fr\/index.html<\/a><\/p>\n","protected":false},"excerpt":{"rendered":"<p>De\u00a0nombreuses vid\u00e9os sont disponibles pour illustrer les cours de sciences \u00e9conomiques et sociales sur le site Lumni\u00a0(anciennement France tv \u00e9ducation). Des vid\u00e9os de cours invers\u00e9s accompagn\u00e9s de questionnaires et de cartes flash r\u00e9vision disponibles sur le site de l&#8217;acad\u00e9mie de &hellip; <a href=\"https:\/\/site.ac-martinique.fr\/sciences-economiques\/?page_id=1228\">Continuer la lecture <span class=\"meta-nav\">&rarr;<\/span><\/a><\/p>\n","protected":false},"author":81,"featured_media":0,"parent":1163,"menu_order":3,"comment_status":"closed","ping_status":"closed","template":"","meta":{"footnotes":"","_links_to":"","_links_to_target":""},"class_list":["post-1228","page","type-page","status-publish","hentry"],"_links":{"self":[{"href":"https:\/\/site.ac-martinique.fr\/sciences-economiques\/index.php?rest_route=\/wp\/v2\/pages\/1228","targetHints":{"allow":["GET"]}}],"collection":[{"href":"https:\/\/site.ac-martinique.fr\/sciences-economiques\/index.php?rest_route=\/wp\/v2\/pages"}],"about":[{"href":"https:\/\/site.ac-martinique.fr\/sciences-economiques\/index.php?rest_route=\/wp\/v2\/types\/page"}],"author":[{"embeddable":true,"href":"https:\/\/site.ac-martinique.fr\/sciences-economiques\/index.php?rest_route=\/wp\/v2\/users\/81"}],"replies":[{"embeddable":true,"href":"https:\/\/site.ac-martinique.fr\/sciences-economiques\/index.php?rest_route=%2Fwp%2Fv2%2Fcomments&post=1228"}],"version-history":[{"count":1,"href":"https:\/\/site.ac-martinique.fr\/sciences-economiques\/index.php?rest_route=\/wp\/v2\/pages\/1228\/revisions"}],"predecessor-version":[{"id":1229,"href":"https:\/\/site.ac-martinique.fr\/sciences-economiques\/index.php?rest_route=\/wp\/v2\/pages\/1228\/revisions\/1229"}],"up":[{"embeddable":true,"href":"https:\/\/site.ac-martinique.fr\/sciences-economiques\/index.php?rest_route=\/wp\/v2\/pages\/1163"}],"wp:attachment":[{"href":"https:\/\/site.ac-martinique.fr\/sciences-economiques\/index.php?rest_route=%2Fwp%2Fv2%2Fmedia&parent=1228"}],"curies":[{"name":"wp","href":"https:\/\/api.w.org\/{rel}","templated":true}]}}