{"id":1244,"date":"2022-09-06T08:54:19","date_gmt":"2022-09-06T12:54:19","guid":{"rendered":"https:\/\/site.ac-martinique.fr\/sciences-economiques\/?page_id=1244"},"modified":"2023-12-06T10:02:16","modified_gmt":"2023-12-06T14:02:16","slug":"insee-lessentiel-sur-la-martinique","status":"publish","type":"page","link":"https:\/\/site.ac-martinique.fr\/sciences-economiques\/?page_id=1244","title":{"rendered":"Insee : l&#8217;essentiel sur&#8230;.la Martinique"},"content":{"rendered":"<p>Derni\u00e8res donn\u00e9es locales de l\u2019Insee, publi\u00e9es en Ao\u00fbt 2023, portant sur l&#8217;\u00e9volution et la structure de la population :\u00a0<a href=\"https:\/\/www.insee.fr\/fr\/statistiques\/2011101?geo=DEP-972\" target=\"_blank\" rel=\"noopener\">Donn\u00e9es locales pour la Martinique<\/a><\/p>\n<p>Paru le 26 janvier 2022, <strong>l\u2019essentiel sur\u2026<\/strong> se compose de donn\u00e9es cl\u00e9s (ici de 2019), d&#8217;un jeu de questions-r\u00e9ponses apportant des \u00e9clairages plus sp\u00e9cifiques, des pr\u00e9cisions m\u00e9thodologiques et des liens vers des publications de l&#8217;Insee ou d&#8217;autres organismes pour aller plus loin.<\/p>\n<p><a href=\"https:\/\/www.insee.fr\/fr\/statistiques\/4482393\">https:\/\/www.insee.fr\/fr\/statistiques\/4482393<\/a><\/p>\n<p class=\"titre-figure titreGraphiqueImpression\">Quelques conclusions y sont livr\u00e9es (donn\u00e9es 2019) : <!--more--> un fort d\u00e9clin d\u00e9mographique, un niveau de vie nettement inf\u00e9rieur \u00e0 celui de la France, un des plus faibles PIB des r\u00e9gions fran\u00e7aises, moins de dipl\u00f4m\u00e9s du sup\u00e9rieur en Martinique qu\u2019en France mais plus que dans les DOM, moins de personnes en emploi en Martinique qu\u2019au niveau national&#8230;<\/p>\n","protected":false},"excerpt":{"rendered":"<p>Derni\u00e8res donn\u00e9es locales de l\u2019Insee, publi\u00e9es en Ao\u00fbt 2023, portant sur l&#8217;\u00e9volution et la structure de la population :\u00a0Donn\u00e9es locales pour la Martinique Paru le 26 janvier 2022, l\u2019essentiel sur\u2026 se compose de donn\u00e9es cl\u00e9s (ici de 2019), d&#8217;un jeu &hellip; <a href=\"https:\/\/site.ac-martinique.fr\/sciences-economiques\/?page_id=1244\">Continuer la lecture <span class=\"meta-nav\">&rarr;<\/span><\/a><\/p>\n","protected":false},"author":81,"featured_media":0,"parent":1141,"menu_order":1,"comment_status":"closed","ping_status":"closed","template":"","meta":{"footnotes":"","_links_to":"","_links_to_target":""},"class_list":["post-1244","page","type-page","status-publish","hentry"],"_links":{"self":[{"href":"https:\/\/site.ac-martinique.fr\/sciences-economiques\/index.php?rest_route=\/wp\/v2\/pages\/1244","targetHints":{"allow":["GET"]}}],"collection":[{"href":"https:\/\/site.ac-martinique.fr\/sciences-economiques\/index.php?rest_route=\/wp\/v2\/pages"}],"about":[{"href":"https:\/\/site.ac-martinique.fr\/sciences-economiques\/index.php?rest_route=\/wp\/v2\/types\/page"}],"author":[{"embeddable":true,"href":"https:\/\/site.ac-martinique.fr\/sciences-economiques\/index.php?rest_route=\/wp\/v2\/users\/81"}],"replies":[{"embeddable":true,"href":"https:\/\/site.ac-martinique.fr\/sciences-economiques\/index.php?rest_route=%2Fwp%2Fv2%2Fcomments&post=1244"}],"version-history":[{"count":2,"href":"https:\/\/site.ac-martinique.fr\/sciences-economiques\/index.php?rest_route=\/wp\/v2\/pages\/1244\/revisions"}],"predecessor-version":[{"id":1724,"href":"https:\/\/site.ac-martinique.fr\/sciences-economiques\/index.php?rest_route=\/wp\/v2\/pages\/1244\/revisions\/1724"}],"up":[{"embeddable":true,"href":"https:\/\/site.ac-martinique.fr\/sciences-economiques\/index.php?rest_route=\/wp\/v2\/pages\/1141"}],"wp:attachment":[{"href":"https:\/\/site.ac-martinique.fr\/sciences-economiques\/index.php?rest_route=%2Fwp%2Fv2%2Fmedia&parent=1244"}],"curies":[{"name":"wp","href":"https:\/\/api.w.org\/{rel}","templated":true}]}}