{"id":1268,"date":"2022-09-15T16:32:23","date_gmt":"2022-09-15T20:32:23","guid":{"rendered":"https:\/\/site.ac-martinique.fr\/sciences-economiques\/?page_id=1268"},"modified":"2022-09-22T11:08:17","modified_gmt":"2022-09-22T15:08:17","slug":"aide-a-lorientation-post-bac","status":"publish","type":"page","link":"https:\/\/site.ac-martinique.fr\/sciences-economiques\/?page_id=1268","title":{"rendered":"Aide \u00e0 l&#8217;orientation post-bac"},"content":{"rendered":"<p>Des applications disponibles sur l&#8217;<strong>ENT Colibri<\/strong> : Lumni, Onisep<\/p>\n<p>Des <strong><em>liens utiles<\/em><\/strong> :<\/p>\n<p>Site Lumni :\u00a0 <a href=\"https:\/\/www.lumni.fr\/lycee\/terminale\/orientation-post-bac\">https:\/\/www.lumni.fr\/lycee\/terminale\/orientation-post-bac<\/a><\/p>\n<p>Site Onisep :\u00a0<a href=\"https:\/\/www.onisep.fr\/\">https:\/\/www.onisep.fr\/<\/a><\/p>\n<p><a href=\"https:\/\/www.terminales2021-2022.fr\/Sites-annexes\/Terminales-2021-2022\/J-explore-les-possibles\/Que-faire-apres-le-bac\/que-faire-apres-un-bac-general\">https:\/\/www.terminales2021-2022.fr\/Sites-annexes\/Terminales-2021-2022\/J-explore-les-possibles\/Que-faire-apres-le-bac\/que-faire-apres-un-bac-general<\/a><\/p>\n<p>Qu\u2019est ce que le B.U.T ? : <a href=\"https:\/\/www.letudiant.fr\/etudes\/btsdut\/qu-est-ce-qu-un-bachelor-universitaire-de-technologie-but.html\">https:\/\/www.letudiant.fr\/etudes\/btsdut\/qu-est-ce-qu-un-bachelor-universitaire-de-technologie-but.html<\/a><\/p>\n<p>Que faire apr\u00e8s une sp\u00e9cialit\u00e9 SES ? : <a href=\"https:\/\/diplomeo.com\/que-faire-apres-un-bac-ses\">https:\/\/diplomeo.com\/que-faire-apres-un-bac-ses<\/a><\/p>\n<p>Quelles sp\u00e9cialit\u00e9s pour sciences Po ? :\u00a0<a href=\"https:\/\/www.lescoursduparnasse.com\/quel-bac-pour-sciences-po\">https:\/\/www.lescoursduparnasse.com\/quel-bac-pour-sciences-po<\/a><\/p>\n<p>Quelles classes pr\u00e9pa pour la sp\u00e9cialit\u00e9 SES ? :\u00a0<a href=\"https:\/\/www.apses.org\/quelles-classes-prepas-pour-les-lyceennes-avec-la-specialite-ses-webinaire-du-9012020\/\">https:\/\/www.apses.org\/quelles-classes-prepas-pour-les-lyceennes-avec-la-specialite-ses-webinaire-du-9012020\/<\/a><\/p>\n","protected":false},"excerpt":{"rendered":"<p>Des applications disponibles sur l&#8217;ENT Colibri : Lumni, Onisep Des liens utiles : Site Lumni :\u00a0 https:\/\/www.lumni.fr\/lycee\/terminale\/orientation-post-bac Site Onisep :\u00a0https:\/\/www.onisep.fr\/ https:\/\/www.terminales2021-2022.fr\/Sites-annexes\/Terminales-2021-2022\/J-explore-les-possibles\/Que-faire-apres-le-bac\/que-faire-apres-un-bac-general Qu\u2019est ce que le B.U.T ? : https:\/\/www.letudiant.fr\/etudes\/btsdut\/qu-est-ce-qu-un-bachelor-universitaire-de-technologie-but.html Que faire apr\u00e8s une sp\u00e9cialit\u00e9 SES ? : https:\/\/diplomeo.com\/que-faire-apres-un-bac-ses Quelles sp\u00e9cialit\u00e9s &hellip; <a href=\"https:\/\/site.ac-martinique.fr\/sciences-economiques\/?page_id=1268\">Continuer la lecture <span class=\"meta-nav\">&rarr;<\/span><\/a><\/p>\n","protected":false},"author":81,"featured_media":0,"parent":974,"menu_order":7,"comment_status":"closed","ping_status":"closed","template":"","meta":{"footnotes":"","_links_to":"","_links_to_target":""},"class_list":["post-1268","page","type-page","status-publish","hentry"],"_links":{"self":[{"href":"https:\/\/site.ac-martinique.fr\/sciences-economiques\/index.php?rest_route=\/wp\/v2\/pages\/1268","targetHints":{"allow":["GET"]}}],"collection":[{"href":"https:\/\/site.ac-martinique.fr\/sciences-economiques\/index.php?rest_route=\/wp\/v2\/pages"}],"about":[{"href":"https:\/\/site.ac-martinique.fr\/sciences-economiques\/index.php?rest_route=\/wp\/v2\/types\/page"}],"author":[{"embeddable":true,"href":"https:\/\/site.ac-martinique.fr\/sciences-economiques\/index.php?rest_route=\/wp\/v2\/users\/81"}],"replies":[{"embeddable":true,"href":"https:\/\/site.ac-martinique.fr\/sciences-economiques\/index.php?rest_route=%2Fwp%2Fv2%2Fcomments&post=1268"}],"version-history":[{"count":2,"href":"https:\/\/site.ac-martinique.fr\/sciences-economiques\/index.php?rest_route=\/wp\/v2\/pages\/1268\/revisions"}],"predecessor-version":[{"id":1291,"href":"https:\/\/site.ac-martinique.fr\/sciences-economiques\/index.php?rest_route=\/wp\/v2\/pages\/1268\/revisions\/1291"}],"up":[{"embeddable":true,"href":"https:\/\/site.ac-martinique.fr\/sciences-economiques\/index.php?rest_route=\/wp\/v2\/pages\/974"}],"wp:attachment":[{"href":"https:\/\/site.ac-martinique.fr\/sciences-economiques\/index.php?rest_route=%2Fwp%2Fv2%2Fmedia&parent=1268"}],"curies":[{"name":"wp","href":"https:\/\/api.w.org\/{rel}","templated":true}]}}