{"id":1376,"date":"2022-10-18T11:15:23","date_gmt":"2022-10-18T15:15:23","guid":{"rendered":"https:\/\/site.ac-martinique.fr\/sciences-economiques\/?page_id=1376"},"modified":"2024-09-06T18:29:52","modified_gmt":"2024-09-06T22:29:52","slug":"chapitre-1-eco-quels-sont-les-sources-et-les-defis-de-la-croissance-economique","status":"publish","type":"page","link":"https:\/\/site.ac-martinique.fr\/sciences-economiques\/?page_id=1376","title":{"rendered":"Economie Chapitre 1 : Quels sont les sources et les d\u00e9fis de la croissance \u00e9conomique ?"},"content":{"rendered":"<p>Ce cours est r\u00e9dig\u00e9 par MME RICHER L., LGT Frantz Fanon<\/p>\n<p>Manuel de r\u00e9f\u00e9rence : Ed. Magnard<\/p>\n<p><a href=\"https:\/\/site.ac-martinique.fr\/sciences-economiques\/wp-content\/uploads\/sites\/25\/2022\/10\/ECO-CH-I-VERSION-ELEVES-2021-1-1.pdf\">https:\/\/site.ac-martinique.fr\/sciences-economiques\/wp-content\/uploads\/sites\/25\/2022\/10\/ECO-CH-I-VERSION-ELEVES-2021-1-1.pdf<\/a><\/p>\n","protected":false},"excerpt":{"rendered":"<p>Ce cours est r\u00e9dig\u00e9 par MME RICHER L., LGT Frantz Fanon Manuel de r\u00e9f\u00e9rence : Ed. Magnard https:\/\/site.ac-martinique.fr\/sciences-economiques\/wp-content\/uploads\/sites\/25\/2022\/10\/ECO-CH-I-VERSION-ELEVES-2021-1-1.pdf<\/p>\n","protected":false},"author":81,"featured_media":0,"parent":1080,"menu_order":1,"comment_status":"closed","ping_status":"closed","template":"","meta":{"footnotes":"","_links_to":"","_links_to_target":""},"class_list":["post-1376","page","type-page","status-publish","hentry"],"_links":{"self":[{"href":"https:\/\/site.ac-martinique.fr\/sciences-economiques\/index.php?rest_route=\/wp\/v2\/pages\/1376","targetHints":{"allow":["GET"]}}],"collection":[{"href":"https:\/\/site.ac-martinique.fr\/sciences-economiques\/index.php?rest_route=\/wp\/v2\/pages"}],"about":[{"href":"https:\/\/site.ac-martinique.fr\/sciences-economiques\/index.php?rest_route=\/wp\/v2\/types\/page"}],"author":[{"embeddable":true,"href":"https:\/\/site.ac-martinique.fr\/sciences-economiques\/index.php?rest_route=\/wp\/v2\/users\/81"}],"replies":[{"embeddable":true,"href":"https:\/\/site.ac-martinique.fr\/sciences-economiques\/index.php?rest_route=%2Fwp%2Fv2%2Fcomments&post=1376"}],"version-history":[{"count":5,"href":"https:\/\/site.ac-martinique.fr\/sciences-economiques\/index.php?rest_route=\/wp\/v2\/pages\/1376\/revisions"}],"predecessor-version":[{"id":1396,"href":"https:\/\/site.ac-martinique.fr\/sciences-economiques\/index.php?rest_route=\/wp\/v2\/pages\/1376\/revisions\/1396"}],"up":[{"embeddable":true,"href":"https:\/\/site.ac-martinique.fr\/sciences-economiques\/index.php?rest_route=\/wp\/v2\/pages\/1080"}],"wp:attachment":[{"href":"https:\/\/site.ac-martinique.fr\/sciences-economiques\/index.php?rest_route=%2Fwp%2Fv2%2Fmedia&parent=1376"}],"curies":[{"name":"wp","href":"https:\/\/api.w.org\/{rel}","templated":true}]}}