{"id":1444,"date":"2022-11-08T16:35:57","date_gmt":"2022-11-08T20:35:57","guid":{"rendered":"https:\/\/site.ac-martinique.fr\/sciences-economiques\/?page_id=1444"},"modified":"2022-11-08T16:35:57","modified_gmt":"2022-11-08T20:35:57","slug":"panorama-de-leconomie-de-la-martinique-par-p-fremeaux-2015","status":"publish","type":"page","link":"https:\/\/site.ac-martinique.fr\/sciences-economiques\/?page_id=1444","title":{"rendered":"Panorama de l&#8217;\u00e9conomie de la Martinique par P.FREMEAUX (2015)"},"content":{"rendered":"<p>Philippe FREMEAUX, ancien PDG d'&#8221;Alternatives \u00e9conomiques&#8221;, figure marquante de la gauche et de l&#8217;\u00e9cologie, professeur de Sciences Economiques et Sociales, ma\u00eetre de Conf\u00e9rence en \u00e9conomie et sociologie, a assur\u00e9 en avril 2015, une formation aupr\u00e8s des professeurs de SES et d&#8217;\u00e9co-gestion de l&#8217;acad\u00e9mie, au cours de laquelle il dresse un portrait de l&#8217;\u00e9conomie de la Martinique. <!--more-->Cliquer pour acc\u00e9der au rapport r\u00e9dig\u00e9 par l&#8217;\u00e9conomiste :<\/p>\n<p class=\"article__title\"><a style=\"font-size: 16px; background-color: #ffffff;\" href=\"https:\/\/site.ac-martinique.fr\/sciences-economiques\/wp-content\/uploads\/sites\/25\/2022\/10\/Formation-Panorama-de-leconomie-de-la-Martinique-Philippe-Fremeaux-2015.pdf\">https:\/\/site.ac-martinique.fr\/sciences-economiques\/wp-content\/uploads\/sites\/25\/2022\/10\/Formation-Panorama-de-leconomie-de-la-Martinique-Philippe-Fremeaux-2015.pdf<\/a><\/p>\n","protected":false},"excerpt":{"rendered":"<p>Philippe FREMEAUX, ancien PDG d&#8217;&#8221;Alternatives \u00e9conomiques&#8221;, figure marquante de la gauche et de l&#8217;\u00e9cologie, professeur de Sciences Economiques et Sociales, ma\u00eetre de Conf\u00e9rence en \u00e9conomie et sociologie, a assur\u00e9 en avril 2015, une formation aupr\u00e8s des professeurs de SES et &hellip; <a href=\"https:\/\/site.ac-martinique.fr\/sciences-economiques\/?page_id=1444\">Continuer la lecture <span class=\"meta-nav\">&rarr;<\/span><\/a><\/p>\n","protected":false},"author":81,"featured_media":0,"parent":1338,"menu_order":1,"comment_status":"closed","ping_status":"closed","template":"","meta":{"footnotes":"","_links_to":"","_links_to_target":""},"class_list":["post-1444","page","type-page","status-publish","hentry"],"_links":{"self":[{"href":"https:\/\/site.ac-martinique.fr\/sciences-economiques\/index.php?rest_route=\/wp\/v2\/pages\/1444","targetHints":{"allow":["GET"]}}],"collection":[{"href":"https:\/\/site.ac-martinique.fr\/sciences-economiques\/index.php?rest_route=\/wp\/v2\/pages"}],"about":[{"href":"https:\/\/site.ac-martinique.fr\/sciences-economiques\/index.php?rest_route=\/wp\/v2\/types\/page"}],"author":[{"embeddable":true,"href":"https:\/\/site.ac-martinique.fr\/sciences-economiques\/index.php?rest_route=\/wp\/v2\/users\/81"}],"replies":[{"embeddable":true,"href":"https:\/\/site.ac-martinique.fr\/sciences-economiques\/index.php?rest_route=%2Fwp%2Fv2%2Fcomments&post=1444"}],"version-history":[{"count":1,"href":"https:\/\/site.ac-martinique.fr\/sciences-economiques\/index.php?rest_route=\/wp\/v2\/pages\/1444\/revisions"}],"predecessor-version":[{"id":1445,"href":"https:\/\/site.ac-martinique.fr\/sciences-economiques\/index.php?rest_route=\/wp\/v2\/pages\/1444\/revisions\/1445"}],"up":[{"embeddable":true,"href":"https:\/\/site.ac-martinique.fr\/sciences-economiques\/index.php?rest_route=\/wp\/v2\/pages\/1338"}],"wp:attachment":[{"href":"https:\/\/site.ac-martinique.fr\/sciences-economiques\/index.php?rest_route=%2Fwp%2Fv2%2Fmedia&parent=1444"}],"curies":[{"name":"wp","href":"https:\/\/api.w.org\/{rel}","templated":true}]}}