{"id":1453,"date":"2022-11-15T11:13:48","date_gmt":"2022-11-15T15:13:48","guid":{"rendered":"https:\/\/site.ac-martinique.fr\/sciences-economiques\/?page_id=1453"},"modified":"2022-11-15T11:13:48","modified_gmt":"2022-11-15T15:13:48","slug":"procedures-de-connexion-a-classe-via-teams","status":"publish","type":"page","link":"https:\/\/site.ac-martinique.fr\/sciences-economiques\/?page_id=1453","title":{"rendered":"Proc\u00e9dures de connexion \u00e0 : Classe Via; Teams"},"content":{"rendered":"<p>Deux tutoriels propos\u00e9s par Canop\u00e9 pour acc\u00e9der aux outils : Classe Via et Teams.<\/p>\n<p>Cliquer sur l&#8217;image pour acc\u00e9der au tutoriel de connexion \u00e0 la classe Via.<\/p>\n<p><a href=\"https:\/\/site.ac-martinique.fr\/sciences-economiques\/wp-content\/uploads\/sites\/25\/2022\/11\/procedure-de-connexion-a-une-classe-via-.pdf\"><img loading=\"lazy\" decoding=\"async\" class=\"alignnone size-medium wp-image-1455\" src=\"https:\/\/site.ac-martinique.fr\/sciences-economiques\/wp-content\/uploads\/sites\/25\/2022\/11\/Procedure-Classe-Via-300x82.png\" alt=\"\" width=\"300\" height=\"82\" srcset=\"https:\/\/site.ac-martinique.fr\/sciences-economiques\/wp-content\/uploads\/sites\/25\/2022\/11\/Procedure-Classe-Via-300x82.png 300w, https:\/\/site.ac-martinique.fr\/sciences-economiques\/wp-content\/uploads\/sites\/25\/2022\/11\/Procedure-Classe-Via-1024x280.png 1024w, https:\/\/site.ac-martinique.fr\/sciences-economiques\/wp-content\/uploads\/sites\/25\/2022\/11\/Procedure-Classe-Via-768x210.png 768w, https:\/\/site.ac-martinique.fr\/sciences-economiques\/wp-content\/uploads\/sites\/25\/2022\/11\/Procedure-Classe-Via.png 1078w\" sizes=\"auto, (max-width: 300px) 100vw, 300px\" \/><\/a><\/p>\n<p>Cliquer sur l&#8217;image pour acc\u00e9der au tutoriel de connexion \u00e0 une visioconf\u00e9rence sur Teams.<\/p>\n<p><a href=\"https:\/\/site.ac-martinique.fr\/sciences-economiques\/wp-content\/uploads\/sites\/25\/2022\/11\/procedure-de-connexion-a-une-visioconference-teams.pdf\"><img loading=\"lazy\" decoding=\"async\" class=\"alignnone size-medium wp-image-1456\" src=\"https:\/\/site.ac-martinique.fr\/sciences-economiques\/wp-content\/uploads\/sites\/25\/2022\/11\/Procedure-Teams-300x136.png\" alt=\"\" width=\"300\" height=\"136\" srcset=\"https:\/\/site.ac-martinique.fr\/sciences-economiques\/wp-content\/uploads\/sites\/25\/2022\/11\/Procedure-Teams-300x136.png 300w, https:\/\/site.ac-martinique.fr\/sciences-economiques\/wp-content\/uploads\/sites\/25\/2022\/11\/Procedure-Teams.png 741w\" sizes=\"auto, (max-width: 300px) 100vw, 300px\" \/><\/a><\/p>\n","protected":false},"excerpt":{"rendered":"<p>Deux tutoriels propos\u00e9s par Canop\u00e9 pour acc\u00e9der aux outils : Classe Via et Teams. Cliquer sur l&#8217;image pour acc\u00e9der au tutoriel de connexion \u00e0 la classe Via. Cliquer sur l&#8217;image pour acc\u00e9der au tutoriel de connexion \u00e0 une visioconf\u00e9rence sur &hellip; <a href=\"https:\/\/site.ac-martinique.fr\/sciences-economiques\/?page_id=1453\">Continuer la lecture <span class=\"meta-nav\">&rarr;<\/span><\/a><\/p>\n","protected":false},"author":81,"featured_media":0,"parent":1123,"menu_order":2,"comment_status":"closed","ping_status":"closed","template":"","meta":{"footnotes":"","_links_to":"","_links_to_target":""},"class_list":["post-1453","page","type-page","status-publish","hentry"],"_links":{"self":[{"href":"https:\/\/site.ac-martinique.fr\/sciences-economiques\/index.php?rest_route=\/wp\/v2\/pages\/1453","targetHints":{"allow":["GET"]}}],"collection":[{"href":"https:\/\/site.ac-martinique.fr\/sciences-economiques\/index.php?rest_route=\/wp\/v2\/pages"}],"about":[{"href":"https:\/\/site.ac-martinique.fr\/sciences-economiques\/index.php?rest_route=\/wp\/v2\/types\/page"}],"author":[{"embeddable":true,"href":"https:\/\/site.ac-martinique.fr\/sciences-economiques\/index.php?rest_route=\/wp\/v2\/users\/81"}],"replies":[{"embeddable":true,"href":"https:\/\/site.ac-martinique.fr\/sciences-economiques\/index.php?rest_route=%2Fwp%2Fv2%2Fcomments&post=1453"}],"version-history":[{"count":1,"href":"https:\/\/site.ac-martinique.fr\/sciences-economiques\/index.php?rest_route=\/wp\/v2\/pages\/1453\/revisions"}],"predecessor-version":[{"id":1458,"href":"https:\/\/site.ac-martinique.fr\/sciences-economiques\/index.php?rest_route=\/wp\/v2\/pages\/1453\/revisions\/1458"}],"up":[{"embeddable":true,"href":"https:\/\/site.ac-martinique.fr\/sciences-economiques\/index.php?rest_route=\/wp\/v2\/pages\/1123"}],"wp:attachment":[{"href":"https:\/\/site.ac-martinique.fr\/sciences-economiques\/index.php?rest_route=%2Fwp%2Fv2%2Fmedia&parent=1453"}],"curies":[{"name":"wp","href":"https:\/\/api.w.org\/{rel}","templated":true}]}}