{"id":1475,"date":"2022-11-16T09:48:02","date_gmt":"2022-11-16T13:48:02","guid":{"rendered":"https:\/\/site.ac-martinique.fr\/sciences-economiques\/?page_id=1475"},"modified":"2022-11-16T09:49:30","modified_gmt":"2022-11-16T13:49:30","slug":"mooc-impacts-environnementaux-du-numerique","status":"publish","type":"page","link":"https:\/\/site.ac-martinique.fr\/sciences-economiques\/?page_id=1475","title":{"rendered":"MOOC : Impacts environnementaux du num\u00e9rique"},"content":{"rendered":"<p>Impact Num est un Mooc pour se questionner sur les impacts environnementaux du num\u00e9rique, apprendre \u00e0 mesurer, d\u00e9crypter et agir, pour trouver sa place de citoyen dans un monde num\u00e9rique.<\/p>\n<p><a href=\"https:\/\/www.fun-mooc.fr\/fr\/cours\/impacts-environnementaux-du-numerique\/\" target=\"_blank\" rel=\"noopener\"><img loading=\"lazy\" decoding=\"async\" class=\"alignnone wp-image-1476 size-medium\" src=\"https:\/\/site.ac-martinique.fr\/sciences-economiques\/wp-content\/uploads\/sites\/25\/2022\/11\/impacts-environnementaux-du-numerique-300x154.png\" alt=\"Cliquer sur l'image\" width=\"300\" height=\"154\" srcset=\"https:\/\/site.ac-martinique.fr\/sciences-economiques\/wp-content\/uploads\/sites\/25\/2022\/11\/impacts-environnementaux-du-numerique-300x154.png 300w, https:\/\/site.ac-martinique.fr\/sciences-economiques\/wp-content\/uploads\/sites\/25\/2022\/11\/impacts-environnementaux-du-numerique-1024x524.png 1024w, https:\/\/site.ac-martinique.fr\/sciences-economiques\/wp-content\/uploads\/sites\/25\/2022\/11\/impacts-environnementaux-du-numerique-768x393.png 768w, https:\/\/site.ac-martinique.fr\/sciences-economiques\/wp-content\/uploads\/sites\/25\/2022\/11\/impacts-environnementaux-du-numerique.png 1137w\" sizes=\"auto, (max-width: 300px) 100vw, 300px\" \/><\/a><\/p>\n","protected":false},"excerpt":{"rendered":"<p>Impact Num est un Mooc pour se questionner sur les impacts environnementaux du num\u00e9rique, apprendre \u00e0 mesurer, d\u00e9crypter et agir, pour trouver sa place de citoyen dans un monde num\u00e9rique.<\/p>\n","protected":false},"author":81,"featured_media":0,"parent":1123,"menu_order":3,"comment_status":"closed","ping_status":"closed","template":"","meta":{"footnotes":"","_links_to":"","_links_to_target":""},"class_list":["post-1475","page","type-page","status-publish","hentry"],"_links":{"self":[{"href":"https:\/\/site.ac-martinique.fr\/sciences-economiques\/index.php?rest_route=\/wp\/v2\/pages\/1475","targetHints":{"allow":["GET"]}}],"collection":[{"href":"https:\/\/site.ac-martinique.fr\/sciences-economiques\/index.php?rest_route=\/wp\/v2\/pages"}],"about":[{"href":"https:\/\/site.ac-martinique.fr\/sciences-economiques\/index.php?rest_route=\/wp\/v2\/types\/page"}],"author":[{"embeddable":true,"href":"https:\/\/site.ac-martinique.fr\/sciences-economiques\/index.php?rest_route=\/wp\/v2\/users\/81"}],"replies":[{"embeddable":true,"href":"https:\/\/site.ac-martinique.fr\/sciences-economiques\/index.php?rest_route=%2Fwp%2Fv2%2Fcomments&post=1475"}],"version-history":[{"count":2,"href":"https:\/\/site.ac-martinique.fr\/sciences-economiques\/index.php?rest_route=\/wp\/v2\/pages\/1475\/revisions"}],"predecessor-version":[{"id":1480,"href":"https:\/\/site.ac-martinique.fr\/sciences-economiques\/index.php?rest_route=\/wp\/v2\/pages\/1475\/revisions\/1480"}],"up":[{"embeddable":true,"href":"https:\/\/site.ac-martinique.fr\/sciences-economiques\/index.php?rest_route=\/wp\/v2\/pages\/1123"}],"wp:attachment":[{"href":"https:\/\/site.ac-martinique.fr\/sciences-economiques\/index.php?rest_route=%2Fwp%2Fv2%2Fmedia&parent=1475"}],"curies":[{"name":"wp","href":"https:\/\/api.w.org\/{rel}","templated":true}]}}