{"id":1487,"date":"2022-11-18T17:22:38","date_gmt":"2022-11-18T21:22:38","guid":{"rendered":"https:\/\/site.ac-martinique.fr\/sciences-economiques\/?page_id=1487"},"modified":"2023-01-30T11:59:44","modified_gmt":"2023-01-30T15:59:44","slug":"quelques-breves-economiques-de-la-martinique","status":"publish","type":"page","link":"https:\/\/site.ac-martinique.fr\/sciences-economiques\/?page_id=1487","title":{"rendered":"Quelques br\u00e8ves \u00e9conomiques de la Martinique"},"content":{"rendered":"<p>Le taux de p\u00e9rennit\u00e9 \u00e0 cinq ans des entreprises le plus \u00e9lev\u00e9 se trouve en Martinique sur la p\u00e9riode allant de 2014 \u00e0 2019. L&#8217;article suivant est disponible en ligne :\u00a0&#8220;<a href=\"https:\/\/www.rci.fm\/martinique\/infos\/Economie\/La-Martinique-est-la-region-francaise-ou-le-taux-de-perennite-des-entreprises-est-le\">La Martinique est la r\u00e9gion fran\u00e7aise o\u00f9 le taux de p\u00e9rennit\u00e9 des entreprises est le plus \u00e9lev\u00e9<\/a>&#8221; p<small>ar\u00a0Elodie Soupama et C\u00e9dric Catan\u00a0<\/small><small>16\/11\/2022\u00a0<\/small><\/p>\n<p>Malgr\u00e9 un rebond, l\u2019\u00eele ne retrouve pas son niveau d\u2019avant crise. L&#8217;article suivant est disponible en ligne :\u00a0&#8220;<a href=\"https:\/\/www.rci.fm\/martinique\/infos\/Economie\/Leconomie-de-Martinique-connait-un-rebond-mais-ne-retrouve-pas-son-niveau-davant\">L\u2019\u00e9conomie de Martinique conna\u00eet un rebond, mais ne retrouve pas son niveau d\u2019avant crise<\/a>&#8221; p<small>ar RCI Web et L\u00e9a Mormin-Chauvac, publi\u00e9 le <\/small><small>04\/11\/2022<\/small><\/p>\n<p>Forte augmentation des tarifs des billets d&#8217;avion : des responsables politiques de Martinique et de Guadeloupe interpellent les membres du gouvernement.<\/p>\n<p>L&#8217;article suivant est disponible en ligne : &#8220;<a href=\"https:\/\/la1ere.francetvinfo.fr\/martinique\/les-federations-socialistes-de-martinique-et-de-guadeloupe-interpellent-le-gouvernement-sur-l-envolee-du-prix-des-billets-d-avion-1341556.html\">Les f\u00e9d\u00e9rations socialistes de Martinique et de Guadeloupe interpellent le gouvernement sur l&#8217;envol\u00e9e du prix des billets d&#8217;avion<\/a>&#8221; <span class=\"a-article__author\">par Peggy Pinel-Fereol,<\/span>\u00a0<span class=\"a-article__date\"><time datetime=\"2022-11-18T16:08:42-04:00\">Publi\u00e9 le 18 \/11\/2022<\/time><\/span><\/p>\n<p>R\u00e9forme des retraites : Une r\u00e9forme qui serait &#8220;moins mordante&#8221; Outre-mer :<a href=\"https:\/\/la1ere.francetvinfo.fr\/reforme-des-retraites-selon-le-gouvernement-certaines-caracteristiques-du-texte-vont-beneficier-aux-assures-d-outre-mer-1360146.html\">https:\/\/la1ere.francetvinfo.fr\/reforme-des-retraites-selon-le-gouvernement-certaines-caracteristiques-du-texte-vont-beneficier-aux-assures-d-outre-mer-1360146.html<\/a><\/p>\n","protected":false},"excerpt":{"rendered":"<p>Le taux de p\u00e9rennit\u00e9 \u00e0 cinq ans des entreprises le plus \u00e9lev\u00e9 se trouve en Martinique sur la p\u00e9riode allant de 2014 \u00e0 2019. L&#8217;article suivant est disponible en ligne :\u00a0&#8220;La Martinique est la r\u00e9gion fran\u00e7aise o\u00f9 le taux de &hellip; <a href=\"https:\/\/site.ac-martinique.fr\/sciences-economiques\/?page_id=1487\">Continuer la lecture <span class=\"meta-nav\">&rarr;<\/span><\/a><\/p>\n","protected":false},"author":81,"featured_media":0,"parent":1141,"menu_order":2,"comment_status":"closed","ping_status":"closed","template":"","meta":{"footnotes":"","_links_to":"","_links_to_target":""},"class_list":["post-1487","page","type-page","status-publish","hentry"],"_links":{"self":[{"href":"https:\/\/site.ac-martinique.fr\/sciences-economiques\/index.php?rest_route=\/wp\/v2\/pages\/1487","targetHints":{"allow":["GET"]}}],"collection":[{"href":"https:\/\/site.ac-martinique.fr\/sciences-economiques\/index.php?rest_route=\/wp\/v2\/pages"}],"about":[{"href":"https:\/\/site.ac-martinique.fr\/sciences-economiques\/index.php?rest_route=\/wp\/v2\/types\/page"}],"author":[{"embeddable":true,"href":"https:\/\/site.ac-martinique.fr\/sciences-economiques\/index.php?rest_route=\/wp\/v2\/users\/81"}],"replies":[{"embeddable":true,"href":"https:\/\/site.ac-martinique.fr\/sciences-economiques\/index.php?rest_route=%2Fwp%2Fv2%2Fcomments&post=1487"}],"version-history":[{"count":3,"href":"https:\/\/site.ac-martinique.fr\/sciences-economiques\/index.php?rest_route=\/wp\/v2\/pages\/1487\/revisions"}],"predecessor-version":[{"id":1542,"href":"https:\/\/site.ac-martinique.fr\/sciences-economiques\/index.php?rest_route=\/wp\/v2\/pages\/1487\/revisions\/1542"}],"up":[{"embeddable":true,"href":"https:\/\/site.ac-martinique.fr\/sciences-economiques\/index.php?rest_route=\/wp\/v2\/pages\/1141"}],"wp:attachment":[{"href":"https:\/\/site.ac-martinique.fr\/sciences-economiques\/index.php?rest_route=%2Fwp%2Fv2%2Fmedia&parent=1487"}],"curies":[{"name":"wp","href":"https:\/\/api.w.org\/{rel}","templated":true}]}}