{"id":1566,"date":"2023-04-23T20:24:48","date_gmt":"2023-04-24T00:24:48","guid":{"rendered":"https:\/\/site.ac-martinique.fr\/sciences-economiques\/?page_id=1566"},"modified":"2023-11-20T10:38:56","modified_gmt":"2023-11-20T14:38:56","slug":"cours-terminale-murs-collaboratifs-crees-par-lequipe-numerique-de-lacademie-martinique","status":"publish","type":"page","link":"https:\/\/site.ac-martinique.fr\/sciences-economiques\/?page_id=1566","title":{"rendered":"COURS terminale : murs collaboratifs cr\u00e9\u00e9s par l&#8217;\u00e9quipe num\u00e9rique de l&#8217;acad\u00e9mie Martinique (ann\u00e9es 2022-2023 et 2023-2024)"},"content":{"rendered":"<p>L\u2019outil digipad de &#8220;La digitale&#8221; disponible sur l&#8217;ENT Colibri ou directement <a href=\"https:\/\/ladigitale.dev\/\" target=\"_blank\" rel=\"noopener\">https:\/\/ladigitale.dev\/<\/a>\u00a0 , a permis l&#8217;\u00e9laboration de murs collaboratifs \u00e0 destination des enseignants et des \u00e9l\u00e8ves.<\/p>\n<p>Liens vers les murs collaboratifs version \u00e9l\u00e8ves :\u00a0<\/p>\n<p><strong>JAUNET Arnaud<\/strong>\u00a0:\u00a0<strong>In\u00e9galit\u00e9s et justice sociale<\/strong><\/p>\n<p><a href=\"https:\/\/digipad.app\/p\/299339\/fe272408ac19c\">https:\/\/digipad.app\/p\/299339\/fe272408ac19c<\/a><\/p>\n<p><strong>MOREAU G\u00e9raldine\u00a0: Quelles mutations du travail et de l\u2019emploi\u00a0?<\/strong><\/p>\n<p><a href=\"https:\/\/digipad.app\/p\/299667\/47bd24762e3e3\" target=\"_blank\" rel=\"noopener\">https:\/\/digipad.app\/p\/299667\/47bd24762e3e3<\/a><\/p>\n<p><strong>NEREE Ena :\u00a0<\/strong>\u00a0<strong>Quelle est l\u2019action de l\u2019\u00e9cole sur les destins individuels et sur l\u2019\u00e9volution de la soci\u00e9t\u00e9 ?<\/strong><\/p>\n<p><strong>1.Le r\u00f4le de l\u2019\u00e9cole dans les soci\u00e9t\u00e9s <\/strong><strong>d\u00e9mocratiques\u00a0<\/strong>\u00a0<\/p>\n<p><a href=\"https:\/\/digipad.app\/p\/299578\/928a71ae4f97f\">https:\/\/digipad.app\/p\/299578\/928a71ae4f97f<\/a><\/p>\n<p><strong>2.Comment expliquer la persistance des in\u00e9galit\u00e9s de r\u00e9ussite scolaire ?<\/strong><br \/><a href=\"https:\/\/digipad.app\/p\/311537\/bd3d347b6c09\">https:\/\/digipad.app\/p\/311537\/bd3d347b6c09<\/a><\/p>\n<p><strong>RENE-CORAIL Sandra Gaby : Comment expliquer les crises financi\u00e8res et r\u00e9guler le syst\u00e8me financier ?\u00a0<\/strong><\/p>\n<ol>\n<li><strong>Caract\u00e9ristiques-d\u00e9roulement des crises<\/strong>:\u00a0<a href=\"https:\/\/digipad.app\/p\/309034\/30fdafca623c2\">https:\/\/digipad.app\/p\/309034\/30fdafca623c2<\/a><\/li>\n<li><strong>Cons\u00e9quences des crises financi\u00e8res<\/strong>:\u00a0<a href=\"https:\/\/digipad.app\/p\/344040\/4d136cd51d766\">https:\/\/digipad.app\/p\/344040\/4d136cd51d766<\/a><\/li>\n<li><strong>R\u00e9gulation du syst\u00e8me<\/strong>:\u00a0<a href=\"https:\/\/digipad.app\/p\/374619\/3dcb42d3b97fe\">https:\/\/digipad.app\/p\/374619\/3dcb42d3b97fe<\/a><\/li>\n<\/ol>\n\n\n<p><\/p>\n","protected":false},"excerpt":{"rendered":"<p>L\u2019outil digipad de &#8220;La digitale&#8221; disponible sur l&#8217;ENT Colibri ou directement https:\/\/ladigitale.dev\/\u00a0 , a permis l&#8217;\u00e9laboration de murs collaboratifs \u00e0 destination des enseignants et des \u00e9l\u00e8ves. Liens vers les murs collaboratifs version \u00e9l\u00e8ves :\u00a0 JAUNET Arnaud\u00a0:\u00a0In\u00e9galit\u00e9s et justice sociale https:\/\/digipad.app\/p\/299339\/fe272408ac19c &hellip; <a href=\"https:\/\/site.ac-martinique.fr\/sciences-economiques\/?page_id=1566\">Continuer la lecture <span class=\"meta-nav\">&rarr;<\/span><\/a><\/p>\n","protected":false},"author":81,"featured_media":0,"parent":969,"menu_order":2,"comment_status":"closed","ping_status":"closed","template":"","meta":{"footnotes":"","_links_to":"","_links_to_target":""},"class_list":["post-1566","page","type-page","status-publish","hentry"],"_links":{"self":[{"href":"https:\/\/site.ac-martinique.fr\/sciences-economiques\/index.php?rest_route=\/wp\/v2\/pages\/1566","targetHints":{"allow":["GET"]}}],"collection":[{"href":"https:\/\/site.ac-martinique.fr\/sciences-economiques\/index.php?rest_route=\/wp\/v2\/pages"}],"about":[{"href":"https:\/\/site.ac-martinique.fr\/sciences-economiques\/index.php?rest_route=\/wp\/v2\/types\/page"}],"author":[{"embeddable":true,"href":"https:\/\/site.ac-martinique.fr\/sciences-economiques\/index.php?rest_route=\/wp\/v2\/users\/81"}],"replies":[{"embeddable":true,"href":"https:\/\/site.ac-martinique.fr\/sciences-economiques\/index.php?rest_route=%2Fwp%2Fv2%2Fcomments&post=1566"}],"version-history":[{"count":7,"href":"https:\/\/site.ac-martinique.fr\/sciences-economiques\/index.php?rest_route=\/wp\/v2\/pages\/1566\/revisions"}],"predecessor-version":[{"id":1674,"href":"https:\/\/site.ac-martinique.fr\/sciences-economiques\/index.php?rest_route=\/wp\/v2\/pages\/1566\/revisions\/1674"}],"up":[{"embeddable":true,"href":"https:\/\/site.ac-martinique.fr\/sciences-economiques\/index.php?rest_route=\/wp\/v2\/pages\/969"}],"wp:attachment":[{"href":"https:\/\/site.ac-martinique.fr\/sciences-economiques\/index.php?rest_route=%2Fwp%2Fv2%2Fmedia&parent=1566"}],"curies":[{"name":"wp","href":"https:\/\/api.w.org\/{rel}","templated":true}]}}