{"id":1657,"date":"2023-11-20T09:59:58","date_gmt":"2023-11-20T13:59:58","guid":{"rendered":"https:\/\/site.ac-martinique.fr\/sciences-economiques\/?page_id=1657"},"modified":"2023-11-24T10:13:50","modified_gmt":"2023-11-24T14:13:50","slug":"quelle-est-laction-de-lecole-sur-les-destins-individuels-et-sur-levolution-de-la-societe","status":"publish","type":"page","link":"https:\/\/site.ac-martinique.fr\/sciences-economiques\/?page_id=1657","title":{"rendered":"Quelle est l\u2019action de l\u2019\u00e9cole sur les destins individuels et sur l\u2019\u00e9volution de la soci\u00e9t\u00e9 ? \/ Version \u00e9l\u00e8ves"},"content":{"rendered":"<p><strong>NEREE Ena :\u00a0<\/strong>\u00a0<strong>Quelle est l\u2019action de l\u2019\u00e9cole sur les destins individuels et sur l\u2019\u00e9volution de la soci\u00e9t\u00e9 ?<\/strong><\/p>\n<p><strong>1.Le r\u00f4le de l\u2019\u00e9cole dans les soci\u00e9t\u00e9s d\u00e9mocratiques\u00a0<\/strong>\u00a0<a href=\"https:\/\/digipad.app\/p\/299578\/928a71ae4f97f\">https:\/\/digipad.app\/p\/299578\/928a71ae4f97f<\/a><\/p>\n<p><strong>2.Comment expliquer la persistance des in\u00e9galit\u00e9s de r\u00e9ussite scolaire ?<\/strong><br \/>\n<a href=\"https:\/\/digipad.app\/p\/311537\/bd3d347b6c09\">https:\/\/digipad.app\/p\/311537\/bd3d347b6c09<\/a><\/p>\n","protected":false},"excerpt":{"rendered":"<p>NEREE Ena :\u00a0\u00a0Quelle est l\u2019action de l\u2019\u00e9cole sur les destins individuels et sur l\u2019\u00e9volution de la soci\u00e9t\u00e9 ? 1.Le r\u00f4le de l\u2019\u00e9cole dans les soci\u00e9t\u00e9s d\u00e9mocratiques\u00a0\u00a0https:\/\/digipad.app\/p\/299578\/928a71ae4f97f 2.Comment expliquer la persistance des in\u00e9galit\u00e9s de r\u00e9ussite scolaire ? https:\/\/digipad.app\/p\/311537\/bd3d347b6c09<\/p>\n","protected":false},"author":81,"featured_media":0,"parent":1566,"menu_order":3,"comment_status":"closed","ping_status":"closed","template":"","meta":{"footnotes":"","_links_to":"","_links_to_target":""},"class_list":["post-1657","page","type-page","status-publish","hentry"],"_links":{"self":[{"href":"https:\/\/site.ac-martinique.fr\/sciences-economiques\/index.php?rest_route=\/wp\/v2\/pages\/1657","targetHints":{"allow":["GET"]}}],"collection":[{"href":"https:\/\/site.ac-martinique.fr\/sciences-economiques\/index.php?rest_route=\/wp\/v2\/pages"}],"about":[{"href":"https:\/\/site.ac-martinique.fr\/sciences-economiques\/index.php?rest_route=\/wp\/v2\/types\/page"}],"author":[{"embeddable":true,"href":"https:\/\/site.ac-martinique.fr\/sciences-economiques\/index.php?rest_route=\/wp\/v2\/users\/81"}],"replies":[{"embeddable":true,"href":"https:\/\/site.ac-martinique.fr\/sciences-economiques\/index.php?rest_route=%2Fwp%2Fv2%2Fcomments&post=1657"}],"version-history":[{"count":4,"href":"https:\/\/site.ac-martinique.fr\/sciences-economiques\/index.php?rest_route=\/wp\/v2\/pages\/1657\/revisions"}],"predecessor-version":[{"id":1716,"href":"https:\/\/site.ac-martinique.fr\/sciences-economiques\/index.php?rest_route=\/wp\/v2\/pages\/1657\/revisions\/1716"}],"up":[{"embeddable":true,"href":"https:\/\/site.ac-martinique.fr\/sciences-economiques\/index.php?rest_route=\/wp\/v2\/pages\/1566"}],"wp:attachment":[{"href":"https:\/\/site.ac-martinique.fr\/sciences-economiques\/index.php?rest_route=%2Fwp%2Fv2%2Fmedia&parent=1657"}],"curies":[{"name":"wp","href":"https:\/\/api.w.org\/{rel}","templated":true}]}}